{"id":1707,"date":"2024-12-18T13:27:22","date_gmt":"2024-12-18T16:27:22","guid":{"rendered":"http:\/\/korper2024.provisorio.ws\/?page_id=1707"},"modified":"2025-01-15T16:23:33","modified_gmt":"2025-01-15T19:23:33","slug":"dry_cooler_serie_vs_e_vd","status":"publish","type":"page","link":"https:\/\/korper.com.br\/eng\/dry_cooler_serie_vs_e_vd\/","title":{"rendered":"Dry cooler S\u00e9rie VS e VD"},"content":{"rendered":"\t\t<div data-elementor-type=\"wp-page\" data-elementor-id=\"1707\" class=\"elementor elementor-1707\" data-elementor-post-type=\"page\">\n\t\t\t\t<div class=\"elementor-element elementor-element-7823712 e-flex e-con-boxed e-con e-parent\" data-id=\"7823712\" data-element_type=\"container\" data-settings=\"{&quot;background_background&quot;:&quot;classic&quot;}\">\n\t\t\t\t\t<div class=\"e-con-inner\">\n\t\t\t\t<div class=\"elementor-element elementor-element-6fe1cce elementor-widget elementor-widget-heading\" data-id=\"6fe1cce\" data-element_type=\"widget\" data-widget_type=\"heading.default\">\n\t\t\t\t<div class=\"elementor-widget-container\">\n\t\t\t\t\t<h2 class=\"elementor-heading-title elementor-size-default\">Dry cooler<\/h2>\t\t\t\t<\/div>\n\t\t\t\t<\/div>\n\t\t\t\t<div class=\"elementor-element elementor-element-6664173 elementor-widget elementor-widget-heading\" data-id=\"6664173\" data-element_type=\"widget\" data-widget_type=\"heading.default\">\n\t\t\t\t<div class=\"elementor-widget-container\">\n\t\t\t\t\t<h2 class=\"elementor-heading-title elementor-size-default\">VS and VD Series<\/h2>\t\t\t\t<\/div>\n\t\t\t\t<\/div>\n\t\t\t\t<div class=\"elementor-element elementor-element-32f24e9 elementor-align-center elementor-widget elementor-widget-button\" data-id=\"32f24e9\" data-element_type=\"widget\" data-widget_type=\"button.default\">\n\t\t\t\t<div class=\"elementor-widget-container\">\n\t\t\t\t\t\t\t\t\t<div class=\"elementor-button-wrapper\">\n\t\t\t\t\t<a class=\"elementor-button elementor-button-link elementor-size-sm\" href=\"http:\/\/www.korper.com.br\/wp-content\/uploads\/2021\/02\/dry-cooler-fca-vs-e-vd.pdf.pdf.pdf\">\n\t\t\t\t\t\t<span class=\"elementor-button-content-wrapper\">\n\t\t\t\t\t\t\t\t\t<span class=\"elementor-button-text\">Download Catalog<\/span>\n\t\t\t\t\t<\/span>\n\t\t\t\t\t<\/a>\n\t\t\t\t<\/div>\n\t\t\t\t\t\t\t\t<\/div>\n\t\t\t\t<\/div>\n\t\t\t\t<div class=\"elementor-element elementor-element-d5389d7 elementor-widget elementor-widget-text-editor\" data-id=\"d5389d7\" data-element_type=\"widget\" data-widget_type=\"text-editor.default\">\n\t\t\t\t<div class=\"elementor-widget-container\">\n\t\t\t\t\t\t\t\t\t<p>With capacities starting at 7.8 m\u00b3\/h, the models can be supplied in vertical or horizontal configuration, with expandable nominal capacity without limits.<\/p><p>According to the desired cold water temperature, they can be equipped with an adiabatic spraying unit that, through nozzles controlled by an intelligent unit, doses the necessary amount of water to humidify the coil, without waste. The fans are automatically activated by digital temperature controllers, ensuring energy savings and maintaining water outlet temperature stability.<\/p><p>By operating with very low water consumption, not generating effluents that could contaminate the environment, and dispensing with chemical water treatment, these coolers are considered environmentally friendly.<\/p>\t\t\t\t\t\t\t\t<\/div>\n\t\t\t\t<\/div>\n\t\t\t\t\t<\/div>\n\t\t\t\t<\/div>\n\t\t<div class=\"elementor-element elementor-element-0f5068f e-grid e-con-boxed e-con e-parent\" data-id=\"0f5068f\" data-element_type=\"container\" data-settings=\"{&quot;background_background&quot;:&quot;classic&quot;}\">\n\t\t\t\t\t<div class=\"e-con-inner\">\n\t\t\t\t<div class=\"elementor-element elementor-element-a041fb9 elementor-widget elementor-widget-image\" data-id=\"a041fb9\" data-element_type=\"widget\" data-widget_type=\"image.default\">\n\t\t\t\t<div class=\"elementor-widget-container\">\n\t\t\t\t\t\t\t\t\t\t\t\t\t\t\t<img fetchpriority=\"high\" decoding=\"async\" width=\"800\" height=\"600\" src=\"https:\/\/korper.com.br\/eng\/wp-content\/uploads\/2024\/12\/Dry-cooler-VS-e-VD-apl01.jpg\" class=\"attachment-full size-full wp-image-1709\" alt=\"\" srcset=\"https:\/\/korper.com.br\/eng\/wp-content\/uploads\/2024\/12\/Dry-cooler-VS-e-VD-apl01.jpg 800w, https:\/\/korper.com.br\/eng\/wp-content\/uploads\/2024\/12\/Dry-cooler-VS-e-VD-apl01-300x225.jpg 300w, https:\/\/korper.com.br\/eng\/wp-content\/uploads\/2024\/12\/Dry-cooler-VS-e-VD-apl01-768x576.jpg 768w\" sizes=\"(max-width: 800px) 100vw, 800px\" \/>\t\t\t\t\t\t\t\t\t\t\t\t\t\t\t<\/div>\n\t\t\t\t<\/div>\n\t\t\t\t<div class=\"elementor-element elementor-element-cbab8c2 elementor-widget elementor-widget-image\" data-id=\"cbab8c2\" data-element_type=\"widget\" data-widget_type=\"image.default\">\n\t\t\t\t<div class=\"elementor-widget-container\">\n\t\t\t\t\t\t\t\t\t\t\t\t\t\t\t<img decoding=\"async\" width=\"532\" height=\"486\" src=\"https:\/\/korper.com.br\/eng\/wp-content\/uploads\/2024\/12\/Dry-cooler-VS-e-VD.png\" class=\"attachment-full size-full wp-image-1710\" alt=\"\" srcset=\"https:\/\/korper.com.br\/eng\/wp-content\/uploads\/2024\/12\/Dry-cooler-VS-e-VD.png 532w, https:\/\/korper.com.br\/eng\/wp-content\/uploads\/2024\/12\/Dry-cooler-VS-e-VD-300x274.png 300w\" sizes=\"(max-width: 532px) 100vw, 532px\" \/>\t\t\t\t\t\t\t\t\t\t\t\t\t\t\t<\/div>\n\t\t\t\t<\/div>\n\t\t\t\t\t<\/div>\n\t\t\t\t<\/div>\n\t\t<div class=\"elementor-element elementor-element-ab43d75 e-flex e-con-boxed e-con e-parent\" data-id=\"ab43d75\" data-element_type=\"container\" data-settings=\"{&quot;background_background&quot;:&quot;classic&quot;}\">\n\t\t\t\t\t<div class=\"e-con-inner\">\n\t\t\t\t<div class=\"elementor-element elementor-element-d16b3e2 elementor-widget elementor-widget-text-editor\" data-id=\"d16b3e2\" data-element_type=\"widget\" data-widget_type=\"text-editor.default\">\n\t\t\t\t<div class=\"elementor-widget-container\">\n\t\t\t\t\t\t\t\t\t<p><strong>Opcionais<\/strong><\/p><ul><li>Resfriamento adiab\u00e1tico complementar.<\/li><\/ul><p><strong>Vantagens<\/strong><\/p><ul><li>Capacidade a partir de 7,8 m\u00b3\/h por m\u00f3dulo, expans\u00edvel conforme necessidade.<\/li><li>Estrutura de a\u00e7o inoxid\u00e1vel, alum\u00ednio ou chapa galvanizada com pintura eletrost\u00e1tica.<\/li><li>Feixe tubular em cobre e aletas em alum\u00ednio.<\/li><li>H\u00e9lices de \u00faltima gera\u00e7\u00e3o com p\u00e1s em polipropileno refor\u00e7ado com fibra de vidro e cubo em alum\u00ednio.<\/li><li>Ventiladores com grades de prote\u00e7\u00e3o.<\/li><li>Conex\u00f5es flangeadas ou roscadas.<\/li><li>Baixo consumo de \u00e1gua e energia.<\/li><\/ul><p><strong>Aplica\u00e7\u00f5es<\/strong><\/p><ul><li>Todos os tipos de aplica\u00e7\u00e3o onde n\u00e3o possa haver contamina\u00e7\u00e3o do fluido resfriado.<strong style=\"font-style: inherit; text-align: var(--text-align); background-color: var( --e-global-color-astglobalcolor5 ); color: var(--ast-global-color-3);\">Options<\/strong><p>Complementary adiabatic cooling.<\/p><p><strong>Advantages<\/strong><\/p><ul><li>Capacity starting from 7.8 m\u00b3\/h per module, expandable as needed.<\/li><li>Stainless steel, aluminum, or galvanized sheet metal structure with electrostatic painting.<\/li><li>Copper tube bundle and aluminum fins.<\/li><li>Latest generation propellers with polypropylene blades reinforced with fiberglass and aluminum hub.<\/li><li>Fans with protective grilles.<\/li><li>Flanged or threaded connections.<\/li><li>Low water and energy consumption.<\/li><\/ul><p><strong>Applications<\/strong><\/p><p>All types of applications where the cooling fluid cannot be contaminated.<\/p><\/li><\/ul>\t\t\t\t\t\t\t\t<\/div>\n\t\t\t\t<\/div>\n\t\t\t\t\t<\/div>\n\t\t\t\t<\/div>\n\t\t\t\t<\/div>\n\t\t","protected":false},"excerpt":{"rendered":"<p>Dry cooler VS and VD Series Download Catalog With capacities starting at 7.8 m\u00b3\/h, the models can be supplied in vertical or horizontal configuration, with expandable nominal capacity without limits. According to the desired cold water temperature, they can be equipped with an adiabatic spraying unit that, through nozzles controlled by an intelligent unit, doses [&hellip;]<\/p>\n","protected":false},"author":1,"featured_media":0,"parent":0,"menu_order":0,"comment_status":"closed","ping_status":"closed","template":"","meta":{"site-sidebar-layout":"no-sidebar","site-content-layout":"page-builder","ast-site-content-layout":"full-width-container","site-content-style":"default","site-sidebar-style":"default","ast-global-header-display":"","ast-banner-title-visibility":"","ast-main-header-display":"","ast-hfb-above-header-display":"","ast-hfb-below-header-display":"","ast-hfb-mobile-header-display":"","site-post-title":"disabled","ast-breadcrumbs-content":"","ast-featured-img":"disabled","footer-sml-layout":"","theme-transparent-header-meta":"","adv-header-id-meta":"","stick-header-meta":"","header-above-stick-meta":"","header-main-stick-meta":"","header-below-stick-meta":"","astra-migrate-meta-layouts":"set","ast-page-background-enabled":"default","ast-page-background-meta":{"desktop":{"background-color":"","background-image":"","background-repeat":"repeat","background-position":"center center","background-size":"auto","background-attachment":"scroll","background-type":"","background-media":"","overlay-type":"","overlay-color":"","overlay-opacity":"","overlay-gradient":""},"tablet":{"background-color":"","background-image":"","background-repeat":"repeat","background-position":"center center","background-size":"auto","background-attachment":"scroll","background-type":"","background-media":"","overlay-type":"","overlay-color":"","overlay-opacity":"","overlay-gradient":""},"mobile":{"background-color":"","background-image":"","background-repeat":"repeat","background-position":"center center","background-size":"auto","background-attachment":"scroll","background-type":"","background-media":"","overlay-type":"","overlay-color":"","overlay-opacity":"","overlay-gradient":""}},"ast-content-background-meta":{"desktop":{"background-color":"var(--ast-global-color-5)","background-image":"","background-repeat":"repeat","background-position":"center center","background-size":"auto","background-attachment":"scroll","background-type":"","background-media":"","overlay-type":"","overlay-color":"","overlay-opacity":"","overlay-gradient":""},"tablet":{"background-color":"var(--ast-global-color-5)","background-image":"","background-repeat":"repeat","background-position":"center center","background-size":"auto","background-attachment":"scroll","background-type":"","background-media":"","overlay-type":"","overlay-color":"","overlay-opacity":"","overlay-gradient":""},"mobile":{"background-color":"var(--ast-global-color-5)","background-image":"","background-repeat":"repeat","background-position":"center center","background-size":"auto","background-attachment":"scroll","background-type":"","background-media":"","overlay-type":"","overlay-color":"","overlay-opacity":"","overlay-gradient":""}},"footnotes":""},"class_list":["post-1707","page","type-page","status-publish","hentry"],"_links":{"self":[{"href":"https:\/\/korper.com.br\/eng\/wp-json\/wp\/v2\/pages\/1707","targetHints":{"allow":["GET"]}}],"collection":[{"href":"https:\/\/korper.com.br\/eng\/wp-json\/wp\/v2\/pages"}],"about":[{"href":"https:\/\/korper.com.br\/eng\/wp-json\/wp\/v2\/types\/page"}],"author":[{"embeddable":true,"href":"https:\/\/korper.com.br\/eng\/wp-json\/wp\/v2\/users\/1"}],"replies":[{"embeddable":true,"href":"https:\/\/korper.com.br\/eng\/wp-json\/wp\/v2\/comments?post=1707"}],"version-history":[{"count":10,"href":"https:\/\/korper.com.br\/eng\/wp-json\/wp\/v2\/pages\/1707\/revisions"}],"predecessor-version":[{"id":2619,"href":"https:\/\/korper.com.br\/eng\/wp-json\/wp\/v2\/pages\/1707\/revisions\/2619"}],"wp:attachment":[{"href":"https:\/\/korper.com.br\/eng\/wp-json\/wp\/v2\/media?parent=1707"}],"curies":[{"name":"wp","href":"https:\/\/api.w.org\/{rel}","templated":true}]}}