{"id":1789,"date":"2024-12-18T15:03:14","date_gmt":"2024-12-18T18:03:14","guid":{"rendered":"http:\/\/korper2024.provisorio.ws\/?page_id=1789"},"modified":"2025-01-15T19:49:13","modified_gmt":"2025-01-15T22:49:13","slug":"servico_de_medicao_de_vazao_de_agua","status":"publish","type":"page","link":"https:\/\/korper.com.br\/eng\/servico_de_medicao_de_vazao_de_agua\/","title":{"rendered":"Servi\u00e7o de medi\u00e7\u00e3o de vaz\u00e3o de \u00e1gua"},"content":{"rendered":"\t\t<div data-elementor-type=\"wp-page\" data-elementor-id=\"1789\" class=\"elementor elementor-1789\" data-elementor-post-type=\"page\">\n\t\t\t\t<div class=\"elementor-element elementor-element-7823712 e-flex e-con-boxed e-con e-parent\" data-id=\"7823712\" data-element_type=\"container\" data-settings=\"{&quot;background_background&quot;:&quot;classic&quot;}\">\n\t\t\t\t\t<div class=\"e-con-inner\">\n\t\t\t\t<div class=\"elementor-element elementor-element-6fe1cce elementor-widget elementor-widget-heading\" data-id=\"6fe1cce\" data-element_type=\"widget\" data-widget_type=\"heading.default\">\n\t\t\t\t<div class=\"elementor-widget-container\">\n\t\t\t\t\t<h2 class=\"elementor-heading-title elementor-size-default\">Water Flow Measurement Service<\/h2>\t\t\t\t<\/div>\n\t\t\t\t<\/div>\n\t\t\t\t\t<\/div>\n\t\t\t\t<\/div>\n\t\t<div class=\"elementor-element elementor-element-21981d7 e-flex e-con-boxed e-con e-parent\" data-id=\"21981d7\" data-element_type=\"container\" data-settings=\"{&quot;background_background&quot;:&quot;classic&quot;}\">\n\t\t\t\t\t<div class=\"e-con-inner\">\n\t\t<div class=\"elementor-element elementor-element-039d937 e-con-full e-flex e-con e-child\" data-id=\"039d937\" data-element_type=\"container\">\n\t\t\t\t<div class=\"elementor-element elementor-element-8dda02a elementor-widget elementor-widget-image\" data-id=\"8dda02a\" data-element_type=\"widget\" data-widget_type=\"image.default\">\n\t\t\t\t<div class=\"elementor-widget-container\">\n\t\t\t\t\t\t\t\t\t\t\t\t\t\t\t<img fetchpriority=\"high\" decoding=\"async\" width=\"768\" height=\"432\" src=\"https:\/\/korper.com.br\/eng\/wp-content\/uploads\/2024\/12\/servico-de-medicao-de-agua-768x432-1.jpg\" class=\"attachment-large size-large wp-image-1791\" alt=\"\" srcset=\"https:\/\/korper.com.br\/eng\/wp-content\/uploads\/2024\/12\/servico-de-medicao-de-agua-768x432-1.jpg 768w, https:\/\/korper.com.br\/eng\/wp-content\/uploads\/2024\/12\/servico-de-medicao-de-agua-768x432-1-300x169.jpg 300w\" sizes=\"(max-width: 768px) 100vw, 768px\" \/>\t\t\t\t\t\t\t\t\t\t\t\t\t\t\t<\/div>\n\t\t\t\t<\/div>\n\t\t\t\t<\/div>\n\t\t<div class=\"elementor-element elementor-element-c9e07dd e-con-full e-flex e-con e-child\" data-id=\"c9e07dd\" data-element_type=\"container\">\n\t\t\t\t<div class=\"elementor-element elementor-element-9a316b9 elementor-widget elementor-widget-text-editor\" data-id=\"9a316b9\" data-element_type=\"widget\" data-widget_type=\"text-editor.default\">\n\t\t\t\t<div class=\"elementor-widget-container\">\n\t\t\t\t\t\t\t\t\t<p>K\u00f6rper has just enhanced its service portfolio by offering water flow measurement in hydraulic installations.<\/p><p>\u2013 What is the purpose of this measurement?<br \/>The water flow measurement service allows for hydraulic mapping of the cooling system, providing reliable information for planning retrofits, resizing, or expanding old installations.<\/p><p>\u2013 In what type of installation can it be performed?<br \/>This service can be performed in a variety of hydraulic systems, including those in cooling processes, water treatment facilities, industrial applications, and HVAC systems.<\/p>\t\t\t\t\t\t\t\t<\/div>\n\t\t\t\t<\/div>\n\t\t\t\t<\/div>\n\t\t\t\t\t<\/div>\n\t\t\t\t<\/div>\n\t\t<div class=\"elementor-element elementor-element-b09bf69 e-flex e-con-boxed e-con e-parent\" data-id=\"b09bf69\" data-element_type=\"container\" data-settings=\"{&quot;background_background&quot;:&quot;classic&quot;}\">\n\t\t\t\t\t<div class=\"e-con-inner\">\n\t\t\t\t<div class=\"elementor-element elementor-element-66a1dcf elementor-widget elementor-widget-text-editor\" data-id=\"66a1dcf\" data-element_type=\"widget\" data-widget_type=\"text-editor.default\">\n\t\t\t\t<div class=\"elementor-widget-container\">\n\t\t\t\t\t\t\t\t\t<p>This measurement can be performed on pipes of any material and diameter, regardless of the pipe length, working flow rate, or fluid used.<\/p><p>\u2013 How is the measurement performed?<br \/>The measurement is carried out using a portable ultrasonic sensor device, making the intervention non-invasive and avoiding any process shutdown. Additionally, the portable equipment provides greater flexibility for measuring at multiple points.<\/p><p>In addition to the water flow measurement service, K\u00f6rper also offers:<\/p><ul><li>Measurement of temperature, pressure, air flow, and noise levels.<\/li><li>Technical consulting for retrofitting, performance improvement, or new hydraulic installations.<\/li><\/ul><p>Contact K\u00f6rper to find out what else can be done to improve your process.<\/p>\t\t\t\t\t\t\t\t<\/div>\n\t\t\t\t<\/div>\n\t\t\t\t\t<\/div>\n\t\t\t\t<\/div>\n\t\t\t\t<\/div>\n\t\t","protected":false},"excerpt":{"rendered":"<p>Water Flow Measurement Service K\u00f6rper has just enhanced its service portfolio by offering water flow measurement in hydraulic installations. \u2013 What is the purpose of this measurement?The water flow measurement service allows for hydraulic mapping of the cooling system, providing reliable information for planning retrofits, resizing, or expanding old installations. \u2013 In what type of [&hellip;]<\/p>\n","protected":false},"author":1,"featured_media":0,"parent":0,"menu_order":0,"comment_status":"closed","ping_status":"closed","template":"","meta":{"site-sidebar-layout":"no-sidebar","site-content-layout":"page-builder","ast-site-content-layout":"full-width-container","site-content-style":"default","site-sidebar-style":"default","ast-global-header-display":"","ast-banner-title-visibility":"","ast-main-header-display":"","ast-hfb-above-header-display":"","ast-hfb-below-header-display":"","ast-hfb-mobile-header-display":"","site-post-title":"disabled","ast-breadcrumbs-content":"","ast-featured-img":"disabled","footer-sml-layout":"","theme-transparent-header-meta":"","adv-header-id-meta":"","stick-header-meta":"","header-above-stick-meta":"","header-main-stick-meta":"","header-below-stick-meta":"","astra-migrate-meta-layouts":"set","ast-page-background-enabled":"default","ast-page-background-meta":{"desktop":{"background-color":"","background-image":"","background-repeat":"repeat","background-position":"center center","background-size":"auto","background-attachment":"scroll","background-type":"","background-media":"","overlay-type":"","overlay-color":"","overlay-opacity":"","overlay-gradient":""},"tablet":{"background-color":"","background-image":"","background-repeat":"repeat","background-position":"center center","background-size":"auto","background-attachment":"scroll","background-type":"","background-media":"","overlay-type":"","overlay-color":"","overlay-opacity":"","overlay-gradient":""},"mobile":{"background-color":"","background-image":"","background-repeat":"repeat","background-position":"center center","background-size":"auto","background-attachment":"scroll","background-type":"","background-media":"","overlay-type":"","overlay-color":"","overlay-opacity":"","overlay-gradient":""}},"ast-content-background-meta":{"desktop":{"background-color":"var(--ast-global-color-5)","background-image":"","background-repeat":"repeat","background-position":"center center","background-size":"auto","background-attachment":"scroll","background-type":"","background-media":"","overlay-type":"","overlay-color":"","overlay-opacity":"","overlay-gradient":""},"tablet":{"background-color":"var(--ast-global-color-5)","background-image":"","background-repeat":"repeat","background-position":"center center","background-size":"auto","background-attachment":"scroll","background-type":"","background-media":"","overlay-type":"","overlay-color":"","overlay-opacity":"","overlay-gradient":""},"mobile":{"background-color":"var(--ast-global-color-5)","background-image":"","background-repeat":"repeat","background-position":"center center","background-size":"auto","background-attachment":"scroll","background-type":"","background-media":"","overlay-type":"","overlay-color":"","overlay-opacity":"","overlay-gradient":""}},"footnotes":""},"class_list":["post-1789","page","type-page","status-publish","hentry"],"_links":{"self":[{"href":"https:\/\/korper.com.br\/eng\/wp-json\/wp\/v2\/pages\/1789","targetHints":{"allow":["GET"]}}],"collection":[{"href":"https:\/\/korper.com.br\/eng\/wp-json\/wp\/v2\/pages"}],"about":[{"href":"https:\/\/korper.com.br\/eng\/wp-json\/wp\/v2\/types\/page"}],"author":[{"embeddable":true,"href":"https:\/\/korper.com.br\/eng\/wp-json\/wp\/v2\/users\/1"}],"replies":[{"embeddable":true,"href":"https:\/\/korper.com.br\/eng\/wp-json\/wp\/v2\/comments?post=1789"}],"version-history":[{"count":7,"href":"https:\/\/korper.com.br\/eng\/wp-json\/wp\/v2\/pages\/1789\/revisions"}],"predecessor-version":[{"id":2653,"href":"https:\/\/korper.com.br\/eng\/wp-json\/wp\/v2\/pages\/1789\/revisions\/2653"}],"wp:attachment":[{"href":"https:\/\/korper.com.br\/eng\/wp-json\/wp\/v2\/media?parent=1789"}],"curies":[{"name":"wp","href":"https:\/\/api.w.org\/{rel}","templated":true}]}}