{"id":1809,"date":"2024-12-18T16:02:22","date_gmt":"2024-12-18T19:02:22","guid":{"rendered":"http:\/\/korper2024.provisorio.ws\/?page_id=1809"},"modified":"2025-01-15T19:56:35","modified_gmt":"2025-01-15T22:56:35","slug":"contato","status":"publish","type":"page","link":"https:\/\/korper.com.br\/eng\/contato\/","title":{"rendered":"Contato"},"content":{"rendered":"\t\t<div data-elementor-type=\"wp-page\" data-elementor-id=\"1809\" class=\"elementor elementor-1809\" data-elementor-post-type=\"page\">\n\t\t\t\t<div class=\"elementor-element elementor-element-7b8c9a5 e-flex e-con-boxed e-con e-parent\" data-id=\"7b8c9a5\" data-element_type=\"container\" data-settings=\"{&quot;background_background&quot;:&quot;classic&quot;}\">\n\t\t\t\t\t<div class=\"e-con-inner\">\n\t\t\t\t<div class=\"elementor-element elementor-element-7e61fbb elementor-widget elementor-widget-heading\" data-id=\"7e61fbb\" data-element_type=\"widget\" data-widget_type=\"heading.default\">\n\t\t\t\t<div class=\"elementor-widget-container\">\n\t\t\t\t\t<h2 class=\"elementor-heading-title elementor-size-default\">Contact<\/h2>\t\t\t\t<\/div>\n\t\t\t\t<\/div>\n\t\t\t\t\t<\/div>\n\t\t\t\t<\/div>\n\t\t<div class=\"elementor-element elementor-element-82755a1 e-flex e-con-boxed e-con e-parent\" data-id=\"82755a1\" data-element_type=\"container\" data-settings=\"{&quot;background_background&quot;:&quot;classic&quot;}\">\n\t\t\t\t\t<div class=\"e-con-inner\">\n\t\t<div class=\"elementor-element elementor-element-329f9b9 e-con-full e-flex e-con e-child\" data-id=\"329f9b9\" data-element_type=\"container\">\n\t\t\t\t<div class=\"elementor-element elementor-element-bb362c7 elementor-widget elementor-widget-wpforms\" data-id=\"bb362c7\" data-element_type=\"widget\" data-widget_type=\"wpforms.default\">\n\t\t\t\t<div class=\"elementor-widget-container\">\n\t\t\t\t\t<div class=\"wpforms-container \" id=\"wpforms-1803\"><form id=\"wpforms-form-1803\" class=\"wpforms-validate wpforms-form wpforms-ajax-form\" data-formid=\"1803\" method=\"post\" enctype=\"multipart\/form-data\" action=\"\/eng\/wp-json\/wp\/v2\/pages\/1809\" data-token=\"3174158bf5edb46d63be36159e8317f2\" data-token-time=\"1776411881\"><noscript class=\"wpforms-error-noscript\">Ative o JavaScript no seu navegador para preencher este formul\u00e1rio.<\/noscript><div class=\"wpforms-field-container\"><div id=\"wpforms-1803-field_5-container\" class=\"wpforms-field wpforms-field-text\" data-field-id=\"5\"><label class=\"wpforms-field-label wpforms-label-hide\" for=\"wpforms-1803-field_5\">Nome<\/label><input type=\"text\" id=\"wpforms-1803-field_5\" class=\"wpforms-field-medium\" name=\"wpforms[fields][5]\" placeholder=\"Nome\" ><\/div><div id=\"wpforms-1803-field_3-container\" class=\"wpforms-field wpforms-field-text\" data-field-id=\"3\"><label class=\"wpforms-field-label wpforms-label-hide\" for=\"wpforms-1803-field_3\">Endere\u00e7o<\/label><input type=\"text\" id=\"wpforms-1803-field_3\" class=\"wpforms-field-medium\" name=\"wpforms[fields][3]\" placeholder=\"Endere\u00e7o\" ><\/div><div id=\"wpforms-1803-field_4-container\" class=\"wpforms-field wpforms-field-text\" data-field-id=\"4\"><label class=\"wpforms-field-label wpforms-label-hide\" for=\"wpforms-1803-field_4\">Empresa <span class=\"wpforms-required-label\">*<\/span><\/label><input type=\"text\" id=\"wpforms-1803-field_4\" class=\"wpforms-field-medium wpforms-field-required\" name=\"wpforms[fields][4]\" placeholder=\"Empresa\" required><\/div><div id=\"wpforms-1803-field_6-container\" class=\"wpforms-field wpforms-field-text\" data-field-id=\"6\"><label class=\"wpforms-field-label wpforms-label-hide\" for=\"wpforms-1803-field_6\">Telefone <span class=\"wpforms-required-label\">*<\/span><\/label><input type=\"text\" id=\"wpforms-1803-field_6\" class=\"wpforms-field-medium wpforms-field-required\" name=\"wpforms[fields][6]\" placeholder=\"(xx) xxxxx-xxxx\" required><\/div><div id=\"wpforms-1803-field_7-container\" class=\"wpforms-field wpforms-field-text\" data-field-id=\"7\"><label class=\"wpforms-field-label wpforms-label-hide\" for=\"wpforms-1803-field_7\">E-mail <span class=\"wpforms-required-label\">*<\/span><\/label><input type=\"text\" id=\"wpforms-1803-field_7\" class=\"wpforms-field-medium wpforms-field-required\" name=\"wpforms[fields][7]\" placeholder=\"E-mail\" required><\/div><div id=\"wpforms-1803-field_8-container\" class=\"wpforms-field wpforms-field-textarea\" data-field-id=\"8\"><label class=\"wpforms-field-label wpforms-label-hide\" for=\"wpforms-1803-field_8\">Mensagem <span class=\"wpforms-required-label\">*<\/span><\/label><textarea id=\"wpforms-1803-field_8\" class=\"wpforms-field-medium wpforms-field-required\" name=\"wpforms[fields][8]\" placeholder=\"Mensagem\" required><\/textarea><\/div><div id=\"wpforms-1803-field_9-container\" class=\"wpforms-field wpforms-field-select wpforms-field-select-style-classic\" data-field-id=\"9\"><label class=\"wpforms-field-label\" for=\"wpforms-1803-field_9\">Tipo de ind\u00fastria<\/label><select id=\"wpforms-1803-field_9\" class=\"wpforms-field-medium\" name=\"wpforms[fields][9]\"><option value=\"A\u00e7ucareira\/\u00e1lcool\" >A\u00e7ucareira\/\u00e1lcool<\/option><option value=\"Agroind\u00fastria\" >Agroind\u00fastria<\/option><option value=\"Aliment\u00edcia\" >Aliment\u00edcia<\/option><option value=\"Alum\u00ednio\" >Alum\u00ednio<\/option><option value=\"Automobil\u00edstica\" >Automobil\u00edstica<\/option><option value=\"Blindagem\" >Blindagem<\/option><option value=\"Borracha\" >Borracha<\/option><option value=\"Celulose\/papel\" >Celulose\/papel<\/option><option value=\"Comercial\" >Comercial<\/option><option value=\"Eletro\/eletr\u00f4nico\" >Eletro\/eletr\u00f4nico<\/option><option value=\"Energia\" >Energia<\/option><option value=\"Farmac\u00eautica\" >Farmac\u00eautica<\/option><option value=\"Fundi\u00e7\u00e3o\" >Fundi\u00e7\u00e3o<\/option><option value=\"Gr\u00e1fica\" >Gr\u00e1fica<\/option><option value=\"Lavanderia\" >Lavanderia<\/option><option value=\"Mec\u00e2nica\" >Mec\u00e2nica<\/option><option value=\"Metal\u00fargica\" >Metal\u00fargica<\/option><option value=\"Mineradora\" >Mineradora<\/option><option value=\"Pl\u00e1stico\" >Pl\u00e1stico<\/option><option value=\"Qu\u00edmica\" >Qu\u00edmica<\/option><option value=\"Sider\u00fargica\" >Sider\u00fargica<\/option><option value=\"Telef\u00f4nica\" >Telef\u00f4nica<\/option><option value=\"Textil\" >Textil<\/option><option value=\"Vidro\" >Vidro<\/option><option value=\"Engenharia\" >Engenharia<\/option><option value=\"Fabricante de m\u00e1quinas\" >Fabricante de m\u00e1quinas<\/option><option value=\"Outros\" >Outros<\/option><\/select><\/div><div id=\"wpforms-1803-field_10-container\" class=\"wpforms-field wpforms-field-select wpforms-field-select-style-classic\" data-field-id=\"10\"><label class=\"wpforms-field-label\" for=\"wpforms-1803-field_10\">Aplica\u00e7\u00e3o<\/label><select id=\"wpforms-1803-field_10\" class=\"wpforms-field-medium\" name=\"wpforms[fields][10]\"><option value=\"Ar condicionado\" >Ar condicionado<\/option><option value=\"Auto clave\" >Auto clave<\/option><option value=\"Banco de gelo\" >Banco de gelo<\/option><option value=\"Bloco de zinco\" >Bloco de zinco<\/option><option value=\"Borracha\" >Borracha<\/option><option value=\"Calandra\" >Calandra<\/option><option value=\"Cer\u00e2mica\" >Cer\u00e2mica<\/option><option value=\"Climatiza\u00e7\u00e3o\" >Climatiza\u00e7\u00e3o<\/option><option value=\"Compressor\" >Compressor<\/option><option value=\"Efluentes\" >Efluentes<\/option><option value=\"Extrus\u00e3o\" >Extrus\u00e3o<\/option><option value=\"Fermenta\u00e7\u00e3o\" >Fermenta\u00e7\u00e3o<\/option><option value=\"Formadora de tubos\" >Formadora de tubos<\/option><option value=\"Fornos\" >Fornos<\/option><option value=\"Galvaniza\u00e7\u00e3o\" >Galvaniza\u00e7\u00e3o<\/option><option value=\"Indu\u00e7\u00e3o\" >Indu\u00e7\u00e3o<\/option><option value=\"Injetora\" >Injetora<\/option><option value=\"Laminadora\" >Laminadora<\/option><option value=\"Lavador de gases\" >Lavador de gases<\/option><option value=\"Lavanderia\" >Lavanderia<\/option><option value=\"M\u00e1quina de solda\" >M\u00e1quina de solda<\/option><option value=\"M\u00e1quina de sorvete\" >M\u00e1quina de sorvete<\/option><option value=\"M\u00e1quina TBN\" >M\u00e1quina TBN<\/option><option value=\"Minera\u00e7\u00e3o\" >Minera\u00e7\u00e3o<\/option><option value=\"Moinho\" >Moinho<\/option><option value=\"Pasteuriza\u00e7\u00e3o\" >Pasteuriza\u00e7\u00e3o<\/option><option value=\"Prensa\" >Prensa<\/option><option value=\"Reator\" >Reator<\/option><option value=\"Redutor\/moinho\" >Redutor\/moinho<\/option><option value=\"Refrigera\u00e7\u00e3o\" >Refrigera\u00e7\u00e3o<\/option><option value=\"Resfriamento de areia\" >Resfriamento de areia<\/option><option value=\"Resfriamento de motor\" >Resfriamento de motor<\/option><option value=\"Rotomoldagem\" >Rotomoldagem<\/option><option value=\"Solda proje\u00e7\u00e3o\" >Solda proje\u00e7\u00e3o<\/option><option value=\"Solda ponto\" >Solda ponto<\/option><option value=\"Solda por costura\" >Solda por costura<\/option><option value=\"Sopradora\" >Sopradora<\/option><option value=\"T\u00eampera\" >T\u00eampera<\/option><option value=\"Transformadores\" >Transformadores<\/option><option value=\"Treli\u00e7as\" >Treli\u00e7as<\/option><option value=\"Unidade hidr\u00e1ulica\" >Unidade hidr\u00e1ulica<\/option><option value=\"Usinagem\" >Usinagem<\/option><option value=\"Vidro\" >Vidro<\/option><option value=\"Hidroponia\" >Hidroponia<\/option><option value=\"Resfriamento de \u00f3leo\" >Resfriamento de \u00f3leo<\/option><option value=\"Outros\" >Outros<\/option><\/select><\/div><\/div><!-- .wpforms-field-container --><div class=\"wpforms-submit-container\" ><input type=\"hidden\" name=\"wpforms[id]\" value=\"1803\"><input type=\"hidden\" name=\"page_title\" value=\"\"><input type=\"hidden\" name=\"page_url\" value=\"https:\/\/korper.com.br\/eng\/wp-json\/wp\/v2\/pages\/1809\"><button type=\"submit\" name=\"wpforms[submit]\" id=\"wpforms-submit-1803\" class=\"wpforms-submit\" data-alt-text=\"Enviando\u2026\" data-submit-text=\"Enviar\" aria-live=\"assertive\" value=\"wpforms-submit\">Enviar<\/button><img decoding=\"async\" src=\"https:\/\/korper.com.br\/eng\/wp-content\/plugins\/wpforms-lite\/assets\/images\/submit-spin.svg\" class=\"wpforms-submit-spinner\" style=\"display: none;\" width=\"26\" height=\"26\" alt=\"Carregando\"><\/div><\/form><\/div>  <!-- .wpforms-container -->\t\t\t\t<\/div>\n\t\t\t\t<\/div>\n\t\t\t\t<\/div>\n\t\t<div class=\"elementor-element elementor-element-3eba531 e-con-full e-flex e-con e-child\" data-id=\"3eba531\" data-element_type=\"container\">\n\t\t\t\t<div class=\"elementor-element elementor-element-e3a4fc2 elementor-widget elementor-widget-google_maps\" data-id=\"e3a4fc2\" data-element_type=\"widget\" data-widget_type=\"google_maps.default\">\n\t\t\t\t<div class=\"elementor-widget-container\">\n\t\t\t\t\t\t\t<div class=\"elementor-custom-embed\">\n\t\t\t<iframe loading=\"lazy\"\n\t\t\t\t\tsrc=\"https:\/\/maps.google.com\/maps?q=R.%20Jos%C3%A9%20Capretz%2C%20301%20-%20Condom%C3%ADnio%20Industrial%20Fazgran%2C%20Jundia%C3%AD%20-%20SP%2C%2013213-095&#038;t=m&#038;z=15&#038;output=embed&#038;iwloc=near\"\n\t\t\t\t\ttitle=\"R. Jos\u00e9 Capretz, 301 - Condom\u00ednio Industrial Fazgran, Jundia\u00ed - SP, 13213-095\"\n\t\t\t\t\taria-label=\"R. Jos\u00e9 Capretz, 301 - Condom\u00ednio Industrial Fazgran, Jundia\u00ed - SP, 13213-095\"\n\t\t\t><\/iframe>\n\t\t<\/div>\n\t\t\t\t\t\t<\/div>\n\t\t\t\t<\/div>\n\t\t<div class=\"elementor-element elementor-element-61cbcc0 e-con-full e-flex e-con e-child\" data-id=\"61cbcc0\" data-element_type=\"container\">\n\t\t\t\t<div class=\"elementor-element elementor-element-6f021b9 elementor-widget elementor-widget-text-editor\" data-id=\"6f021b9\" data-element_type=\"widget\" data-widget_type=\"text-editor.default\">\n\t\t\t\t<div class=\"elementor-widget-container\">\n\t\t\t\t\t\t\t\t\t<p>Email: <a rel=\"noopener\">vendas@korper.com.br<\/a><\/p><p>Phone: +55 (11) 4525-2122<\/p>\t\t\t\t\t\t\t\t<\/div>\n\t\t\t\t<\/div>\n\t\t\t\t<\/div>\n\t\t\t\t<\/div>\n\t\t\t\t\t<\/div>\n\t\t\t\t<\/div>\n\t\t\t\t<\/div>\n\t\t","protected":false},"excerpt":{"rendered":"<p>Contact Ative o JavaScript no seu navegador para preencher este formul\u00e1rio.NomeEndere\u00e7oEmpresa *Telefone *E-mail *Mensagem *Tipo de ind\u00fastriaA\u00e7ucareira\/\u00e1lcoolAgroind\u00fastriaAliment\u00edciaAlum\u00ednioAutomobil\u00edsticaBlindagemBorrachaCelulose\/papelComercialEletro\/eletr\u00f4nicoEnergiaFarmac\u00eauticaFundi\u00e7\u00e3oGr\u00e1ficaLavanderiaMec\u00e2nicaMetal\u00fargicaMineradoraPl\u00e1sticoQu\u00edmicaSider\u00fargicaTelef\u00f4nicaTextilVidroEngenhariaFabricante de m\u00e1quinasOutrosAplica\u00e7\u00e3oAr condicionadoAuto claveBanco de geloBloco de zincoBorrachaCalandraCer\u00e2micaClimatiza\u00e7\u00e3oCompressorEfluentesExtrus\u00e3oFermenta\u00e7\u00e3oFormadora de tubosFornosGalvaniza\u00e7\u00e3oIndu\u00e7\u00e3oInjetoraLaminadoraLavador de gasesLavanderiaM\u00e1quina de soldaM\u00e1quina de sorveteM\u00e1quina TBNMinera\u00e7\u00e3oMoinhoPasteuriza\u00e7\u00e3oPrensaReatorRedutor\/moinhoRefrigera\u00e7\u00e3oResfriamento de areiaResfriamento de motorRotomoldagemSolda proje\u00e7\u00e3oSolda pontoSolda por costuraSopradoraT\u00eamperaTransformadoresTreli\u00e7asUnidade hidr\u00e1ulicaUsinagemVidroHidroponiaResfriamento de \u00f3leoOutros Enviar Email: vendas@korper.com.br Phone: +55 (11) 4525-2122<\/p>\n","protected":false},"author":1,"featured_media":0,"parent":0,"menu_order":0,"comment_status":"closed","ping_status":"closed","template":"","meta":{"site-sidebar-layout":"no-sidebar","site-content-layout":"page-builder","ast-site-content-layout":"full-width-container","site-content-style":"default","site-sidebar-style":"default","ast-global-header-display":"","ast-banner-title-visibility":"","ast-main-header-display":"","ast-hfb-above-header-display":"","ast-hfb-below-header-display":"","ast-hfb-mobile-header-display":"","site-post-title":"disabled","ast-breadcrumbs-content":"","ast-featured-img":"disabled","footer-sml-layout":"","theme-transparent-header-meta":"","adv-header-id-meta":"","stick-header-meta":"","header-above-stick-meta":"","header-main-stick-meta":"","header-below-stick-meta":"","astra-migrate-meta-layouts":"set","ast-page-background-enabled":"default","ast-page-background-meta":{"desktop":{"background-color":"","background-image":"","background-repeat":"repeat","background-position":"center center","background-size":"auto","background-attachment":"scroll","background-type":"","background-media":"","overlay-type":"","overlay-color":"","overlay-opacity":"","overlay-gradient":""},"tablet":{"background-color":"","background-image":"","background-repeat":"repeat","background-position":"center center","background-size":"auto","background-attachment":"scroll","background-type":"","background-media":"","overlay-type":"","overlay-color":"","overlay-opacity":"","overlay-gradient":""},"mobile":{"background-color":"","background-image":"","background-repeat":"repeat","background-position":"center center","background-size":"auto","background-attachment":"scroll","background-type":"","background-media":"","overlay-type":"","overlay-color":"","overlay-opacity":"","overlay-gradient":""}},"ast-content-background-meta":{"desktop":{"background-color":"var(--ast-global-color-5)","background-image":"","background-repeat":"repeat","background-position":"center center","background-size":"auto","background-attachment":"scroll","background-type":"","background-media":"","overlay-type":"","overlay-color":"","overlay-opacity":"","overlay-gradient":""},"tablet":{"background-color":"var(--ast-global-color-5)","background-image":"","background-repeat":"repeat","background-position":"center center","background-size":"auto","background-attachment":"scroll","background-type":"","background-media":"","overlay-type":"","overlay-color":"","overlay-opacity":"","overlay-gradient":""},"mobile":{"background-color":"var(--ast-global-color-5)","background-image":"","background-repeat":"repeat","background-position":"center center","background-size":"auto","background-attachment":"scroll","background-type":"","background-media":"","overlay-type":"","overlay-color":"","overlay-opacity":"","overlay-gradient":""}},"footnotes":""},"class_list":["post-1809","page","type-page","status-publish","hentry"],"_links":{"self":[{"href":"https:\/\/korper.com.br\/eng\/wp-json\/wp\/v2\/pages\/1809","targetHints":{"allow":["GET"]}}],"collection":[{"href":"https:\/\/korper.com.br\/eng\/wp-json\/wp\/v2\/pages"}],"about":[{"href":"https:\/\/korper.com.br\/eng\/wp-json\/wp\/v2\/types\/page"}],"author":[{"embeddable":true,"href":"https:\/\/korper.com.br\/eng\/wp-json\/wp\/v2\/users\/1"}],"replies":[{"embeddable":true,"href":"https:\/\/korper.com.br\/eng\/wp-json\/wp\/v2\/comments?post=1809"}],"version-history":[{"count":13,"href":"https:\/\/korper.com.br\/eng\/wp-json\/wp\/v2\/pages\/1809\/revisions"}],"predecessor-version":[{"id":2665,"href":"https:\/\/korper.com.br\/eng\/wp-json\/wp\/v2\/pages\/1809\/revisions\/2665"}],"wp:attachment":[{"href":"https:\/\/korper.com.br\/eng\/wp-json\/wp\/v2\/media?parent=1809"}],"curies":[{"name":"wp","href":"https:\/\/api.w.org\/{rel}","templated":true}]}}