{"id":1452,"date":"2024-12-16T11:15:38","date_gmt":"2024-12-16T14:15:38","guid":{"rendered":"http:\/\/korper2024.provisorio.ws\/?page_id=1452"},"modified":"2025-01-25T17:57:09","modified_gmt":"2025-01-25T20:57:09","slug":"sostenibilidad","status":"publish","type":"page","link":"https:\/\/korper.com.br\/esp\/sostenibilidad\/","title":{"rendered":"Sostenibilidad"},"content":{"rendered":"\t\t<div data-elementor-type=\"wp-page\" data-elementor-id=\"1452\" class=\"elementor elementor-1452\" data-elementor-post-type=\"page\">\n\t\t\t\t<div class=\"elementor-element elementor-element-582e1f5 e-flex e-con-boxed e-con e-parent\" data-id=\"582e1f5\" data-element_type=\"container\" data-settings=\"{&quot;background_background&quot;:&quot;classic&quot;}\">\n\t\t\t\t\t<div class=\"e-con-inner\">\n\t\t\t\t<div class=\"elementor-element elementor-element-e9cd9eb elementor-widget elementor-widget-text-editor\" data-id=\"e9cd9eb\" data-element_type=\"widget\" data-widget_type=\"text-editor.default\">\n\t\t\t\t<div class=\"elementor-widget-container\">\n\t\t\t\t\t\t\t\t\t<p><strong>Sostenibilidad<\/strong><\/p><p>La conciencia ecol\u00f3gica y la preservaci\u00f3n del medio ambiente est\u00e1n presentes en todas las acciones de K\u00f6rper, para las cuales seguimos la siguiente filosof\u00eda:<\/p><ul><li>Reducir los impactos ambientales y prevenir la contaminaci\u00f3n en sus actividades productivas.<\/li><li>Disminuir el uso de recursos naturales renovables y garantizar la eficacia en la interacci\u00f3n de los procesos.<\/li><li>Promover programas que contribuyan a que todas sus actividades industriales se desarrollen con el menor impacto negativo posible.<\/li><li>Respetar la legislaci\u00f3n vigente y el sentido com\u00fan industrial.<\/li><li>Considerar los aspectos e impactos ambientales como elementos esenciales en la evaluaci\u00f3n de nuevos proyectos, productos y procesos.<\/li><\/ul><p>K\u00f6rper mantiene como uno de sus principales objetivos la fabricaci\u00f3n de equipos que consuman la m\u00ednima cantidad de energ\u00eda al ser instalados y que sean ecol\u00f3gicamente responsables. De esta forma, se busca contribuir activamente en la concienciaci\u00f3n de su talento humano, incentiv\u00e1ndolos en el ejercicio de una ciudadan\u00eda plena.<\/p>\t\t\t\t\t\t\t\t<\/div>\n\t\t\t\t<\/div>\n\t\t\t\t<div class=\"elementor-element elementor-element-d144401 elementor-widget elementor-widget-image\" data-id=\"d144401\" data-element_type=\"widget\" data-widget_type=\"image.default\">\n\t\t\t\t<div class=\"elementor-widget-container\">\n\t\t\t\t\t\t\t\t\t\t\t\t\t\t\t<img decoding=\"async\" width=\"150\" height=\"150\" src=\"https:\/\/korper.com.br\/esp\/wp-content\/uploads\/2024\/12\/agua-150x150-1.png\" class=\"attachment-large size-large wp-image-1458\" alt=\"\" \/>\t\t\t\t\t\t\t\t\t\t\t\t\t\t\t<\/div>\n\t\t\t\t<\/div>\n\t\t\t\t\t<\/div>\n\t\t\t\t<\/div>\n\t\t\t\t<\/div>\n\t\t","protected":false},"excerpt":{"rendered":"<p>Sostenibilidad La conciencia ecol\u00f3gica y la preservaci\u00f3n del medio ambiente est\u00e1n presentes en todas las acciones de K\u00f6rper, para las cuales seguimos la siguiente filosof\u00eda: Reducir los impactos ambientales y prevenir la contaminaci\u00f3n en sus actividades productivas. Disminuir el uso de recursos naturales renovables y garantizar la eficacia en la interacci\u00f3n de los procesos. Promover [&hellip;]<\/p>\n","protected":false},"author":1,"featured_media":0,"parent":0,"menu_order":0,"comment_status":"closed","ping_status":"closed","template":"","meta":{"site-sidebar-layout":"no-sidebar","site-content-layout":"page-builder","ast-site-content-layout":"full-width-container","site-content-style":"default","site-sidebar-style":"default","ast-global-header-display":"","ast-banner-title-visibility":"","ast-main-header-display":"","ast-hfb-above-header-display":"","ast-hfb-below-header-display":"","ast-hfb-mobile-header-display":"","site-post-title":"disabled","ast-breadcrumbs-content":"","ast-featured-img":"disabled","footer-sml-layout":"","theme-transparent-header-meta":"","adv-header-id-meta":"","stick-header-meta":"","header-above-stick-meta":"","header-main-stick-meta":"","header-below-stick-meta":"","astra-migrate-meta-layouts":"set","ast-page-background-enabled":"default","ast-page-background-meta":{"desktop":{"background-color":"","background-image":"","background-repeat":"repeat","background-position":"center center","background-size":"auto","background-attachment":"scroll","background-type":"","background-media":"","overlay-type":"","overlay-color":"","overlay-opacity":"","overlay-gradient":""},"tablet":{"background-color":"","background-image":"","background-repeat":"repeat","background-position":"center center","background-size":"auto","background-attachment":"scroll","background-type":"","background-media":"","overlay-type":"","overlay-color":"","overlay-opacity":"","overlay-gradient":""},"mobile":{"background-color":"","background-image":"","background-repeat":"repeat","background-position":"center center","background-size":"auto","background-attachment":"scroll","background-type":"","background-media":"","overlay-type":"","overlay-color":"","overlay-opacity":"","overlay-gradient":""}},"ast-content-background-meta":{"desktop":{"background-color":"var(--ast-global-color-5)","background-image":"","background-repeat":"repeat","background-position":"center center","background-size":"auto","background-attachment":"scroll","background-type":"","background-media":"","overlay-type":"","overlay-color":"","overlay-opacity":"","overlay-gradient":""},"tablet":{"background-color":"var(--ast-global-color-5)","background-image":"","background-repeat":"repeat","background-position":"center center","background-size":"auto","background-attachment":"scroll","background-type":"","background-media":"","overlay-type":"","overlay-color":"","overlay-opacity":"","overlay-gradient":""},"mobile":{"background-color":"var(--ast-global-color-5)","background-image":"","background-repeat":"repeat","background-position":"center center","background-size":"auto","background-attachment":"scroll","background-type":"","background-media":"","overlay-type":"","overlay-color":"","overlay-opacity":"","overlay-gradient":""}},"footnotes":""},"class_list":["post-1452","page","type-page","status-publish","hentry"],"_links":{"self":[{"href":"https:\/\/korper.com.br\/esp\/wp-json\/wp\/v2\/pages\/1452","targetHints":{"allow":["GET"]}}],"collection":[{"href":"https:\/\/korper.com.br\/esp\/wp-json\/wp\/v2\/pages"}],"about":[{"href":"https:\/\/korper.com.br\/esp\/wp-json\/wp\/v2\/types\/page"}],"author":[{"embeddable":true,"href":"https:\/\/korper.com.br\/esp\/wp-json\/wp\/v2\/users\/1"}],"replies":[{"embeddable":true,"href":"https:\/\/korper.com.br\/esp\/wp-json\/wp\/v2\/comments?post=1452"}],"version-history":[{"count":11,"href":"https:\/\/korper.com.br\/esp\/wp-json\/wp\/v2\/pages\/1452\/revisions"}],"predecessor-version":[{"id":2555,"href":"https:\/\/korper.com.br\/esp\/wp-json\/wp\/v2\/pages\/1452\/revisions\/2555"}],"wp:attachment":[{"href":"https:\/\/korper.com.br\/esp\/wp-json\/wp\/v2\/media?parent=1452"}],"curies":[{"name":"wp","href":"https:\/\/api.w.org\/{rel}","templated":true}]}}