{"id":1470,"date":"2024-12-16T11:42:50","date_gmt":"2024-12-16T14:42:50","guid":{"rendered":"http:\/\/korper2024.provisorio.ws\/?page_id=1470"},"modified":"2025-01-25T12:09:08","modified_gmt":"2025-01-25T15:09:08","slug":"missao-visao-e-valores","status":"publish","type":"page","link":"https:\/\/korper.com.br\/esp\/missao-visao-e-valores\/","title":{"rendered":"Misi\u00f3n, Visi\u00f3n y Valores"},"content":{"rendered":"\t\t<div data-elementor-type=\"wp-page\" data-elementor-id=\"1470\" class=\"elementor elementor-1470\" data-elementor-post-type=\"page\">\n\t\t\t\t<div class=\"elementor-element elementor-element-e0cb84f e-flex e-con-boxed e-con e-parent\" data-id=\"e0cb84f\" data-element_type=\"container\" data-settings=\"{&quot;background_background&quot;:&quot;classic&quot;}\">\n\t\t\t\t\t<div class=\"e-con-inner\">\n\t\t\t\t<div class=\"elementor-element elementor-element-51cfb88 elementor-widget elementor-widget-text-editor\" data-id=\"51cfb88\" data-element_type=\"widget\" data-widget_type=\"text-editor.default\">\n\t\t\t\t<div class=\"elementor-widget-container\">\n\t\t\t\t\t\t\t\t\t<p><strong>Misi\u00f3n<\/strong><\/p><p>Fabricar equipos con la mejor tecnolog\u00eda, enfoc\u00e1ndose en la protecci\u00f3n del medio ambiente y que tambi\u00e9n brinden un gran ahorro de agua y energ\u00eda.<\/p><p><strong>Visi\u00f3n<\/strong><\/p><p>Desarrollar tecnolog\u00eda industrial en favor del medio ambiente.<\/p><p><strong>Valores<\/strong><\/p><p>Los verdaderos impulsores del valor en K\u00f6rper son los colaboradores. Durante m\u00e1s de tres d\u00e9cadas, este equipo ha estado trabajando en busca de un \u00fanico ideal: el crecimiento mutuo. El coraje y el esp\u00edritu emprendedor de sus fundadores, que al sembrar la tradici\u00f3n del trabajo, la disciplina y el dinamismo, han arraigado en todos los departamentos de K\u00f6rper estos valores cultivados de manera corporativa y que son la raz\u00f3n de nuestra identidad.<\/p>\t\t\t\t\t\t\t\t<\/div>\n\t\t\t\t<\/div>\n\t\t\t\t\t<\/div>\n\t\t\t\t<\/div>\n\t\t\t\t<\/div>\n\t\t","protected":false},"excerpt":{"rendered":"<p>Misi\u00f3n Fabricar equipos con la mejor tecnolog\u00eda, enfoc\u00e1ndose en la protecci\u00f3n del medio ambiente y que tambi\u00e9n brinden un gran ahorro de agua y energ\u00eda. Visi\u00f3n Desarrollar tecnolog\u00eda industrial en favor del medio ambiente. Valores Los verdaderos impulsores del valor en K\u00f6rper son los colaboradores. Durante m\u00e1s de tres d\u00e9cadas, este equipo ha estado trabajando [&hellip;]<\/p>\n","protected":false},"author":1,"featured_media":0,"parent":0,"menu_order":0,"comment_status":"closed","ping_status":"closed","template":"","meta":{"site-sidebar-layout":"no-sidebar","site-content-layout":"page-builder","ast-site-content-layout":"full-width-container","site-content-style":"default","site-sidebar-style":"default","ast-global-header-display":"","ast-banner-title-visibility":"","ast-main-header-display":"","ast-hfb-above-header-display":"","ast-hfb-below-header-display":"","ast-hfb-mobile-header-display":"","site-post-title":"disabled","ast-breadcrumbs-content":"","ast-featured-img":"disabled","footer-sml-layout":"","theme-transparent-header-meta":"","adv-header-id-meta":"","stick-header-meta":"","header-above-stick-meta":"","header-main-stick-meta":"","header-below-stick-meta":"","astra-migrate-meta-layouts":"set","ast-page-background-enabled":"default","ast-page-background-meta":{"desktop":{"background-color":"","background-image":"","background-repeat":"repeat","background-position":"center center","background-size":"auto","background-attachment":"scroll","background-type":"","background-media":"","overlay-type":"","overlay-color":"","overlay-opacity":"","overlay-gradient":""},"tablet":{"background-color":"","background-image":"","background-repeat":"repeat","background-position":"center center","background-size":"auto","background-attachment":"scroll","background-type":"","background-media":"","overlay-type":"","overlay-color":"","overlay-opacity":"","overlay-gradient":""},"mobile":{"background-color":"","background-image":"","background-repeat":"repeat","background-position":"center center","background-size":"auto","background-attachment":"scroll","background-type":"","background-media":"","overlay-type":"","overlay-color":"","overlay-opacity":"","overlay-gradient":""}},"ast-content-background-meta":{"desktop":{"background-color":"var(--ast-global-color-5)","background-image":"","background-repeat":"repeat","background-position":"center center","background-size":"auto","background-attachment":"scroll","background-type":"","background-media":"","overlay-type":"","overlay-color":"","overlay-opacity":"","overlay-gradient":""},"tablet":{"background-color":"var(--ast-global-color-5)","background-image":"","background-repeat":"repeat","background-position":"center center","background-size":"auto","background-attachment":"scroll","background-type":"","background-media":"","overlay-type":"","overlay-color":"","overlay-opacity":"","overlay-gradient":""},"mobile":{"background-color":"var(--ast-global-color-5)","background-image":"","background-repeat":"repeat","background-position":"center center","background-size":"auto","background-attachment":"scroll","background-type":"","background-media":"","overlay-type":"","overlay-color":"","overlay-opacity":"","overlay-gradient":""}},"footnotes":""},"class_list":["post-1470","page","type-page","status-publish","hentry"],"_links":{"self":[{"href":"https:\/\/korper.com.br\/esp\/wp-json\/wp\/v2\/pages\/1470","targetHints":{"allow":["GET"]}}],"collection":[{"href":"https:\/\/korper.com.br\/esp\/wp-json\/wp\/v2\/pages"}],"about":[{"href":"https:\/\/korper.com.br\/esp\/wp-json\/wp\/v2\/types\/page"}],"author":[{"embeddable":true,"href":"https:\/\/korper.com.br\/esp\/wp-json\/wp\/v2\/users\/1"}],"replies":[{"embeddable":true,"href":"https:\/\/korper.com.br\/esp\/wp-json\/wp\/v2\/comments?post=1470"}],"version-history":[{"count":8,"href":"https:\/\/korper.com.br\/esp\/wp-json\/wp\/v2\/pages\/1470\/revisions"}],"predecessor-version":[{"id":2522,"href":"https:\/\/korper.com.br\/esp\/wp-json\/wp\/v2\/pages\/1470\/revisions\/2522"}],"wp:attachment":[{"href":"https:\/\/korper.com.br\/esp\/wp-json\/wp\/v2\/media?parent=1470"}],"curies":[{"name":"wp","href":"https:\/\/api.w.org\/{rel}","templated":true}]}}