{"id":1489,"date":"2024-12-16T15:06:15","date_gmt":"2024-12-16T18:06:15","guid":{"rendered":"http:\/\/korper2024.provisorio.ws\/?page_id=1489"},"modified":"2025-01-26T07:58:45","modified_gmt":"2025-01-26T10:58:45","slug":"torre_de_enfriamiento_de_circuito_cerrado","status":"publish","type":"page","link":"https:\/\/korper.com.br\/esp\/torre_de_enfriamiento_de_circuito_cerrado\/","title":{"rendered":"Torre de Enfriamiento de Circuito Cerrado"},"content":{"rendered":"\t\t<div data-elementor-type=\"wp-page\" data-elementor-id=\"1489\" class=\"elementor elementor-1489\" data-elementor-post-type=\"page\">\n\t\t\t\t<div class=\"elementor-element elementor-element-d22e5cc e-flex e-con-boxed e-con e-parent\" data-id=\"d22e5cc\" data-element_type=\"container\" data-settings=\"{&quot;background_background&quot;:&quot;classic&quot;}\">\n\t\t\t\t\t<div class=\"e-con-inner\">\n\t\t\t\t<div class=\"elementor-element elementor-element-c11b510 elementor-widget elementor-widget-heading\" data-id=\"c11b510\" data-element_type=\"widget\" data-widget_type=\"heading.default\">\n\t\t\t\t<div class=\"elementor-widget-container\">\n\t\t\t\t\t<h2 class=\"elementor-heading-title elementor-size-default\">Torre de Enfriamiento de Circuito Cerrado<\/h2>\t\t\t\t<\/div>\n\t\t\t\t<\/div>\n\t\t\t\t<div class=\"elementor-element elementor-element-80b345c elementor-widget elementor-widget-text-editor\" data-id=\"80b345c\" data-element_type=\"widget\" data-widget_type=\"text-editor.default\">\n\t\t\t\t<div class=\"elementor-widget-container\">\n\t\t\t\t\t\t\t\t\t<p>Con 30 a\u00f1os de tradici\u00f3n en la fabricaci\u00f3n de torres de enfriamiento, K\u00f6rper es una de las empresas m\u00e1s respetadas y reconocidas en el mercado, elegida durante ocho a\u00f1os consecutivos como TOP FIVE por la ya consolidada investigaci\u00f3n de mercado del Guia Nei, un respetado veh\u00edculo editorial y la principal gu\u00eda de compras industriales de Brasil.<\/p><p>Las torres de enfriamiento K\u00f6rper son dise\u00f1adas por un equipo de ingenier\u00eda especializado en el \u00e1rea de enfriamiento industrial, con la misi\u00f3n de investigar, desarrollar y probar constantemente nuevas tecnolog\u00edas, que, aliadas a los est\u00e1ndares de calidad m\u00e1s rigurosos, dan como resultado un producto de excelencia.<\/p><p>Como resultado de este trabajo, K\u00f6rper ha podido mejorar sus series de torres de enfriamiento con la Tecnolog\u00eda AP, que hace referencia a proyectos de equipos de Alto Rendimiento, m\u00e1s compactos, con menor consumo de agua y energ\u00eda, sin ninguna interferencia en su capacidad de enfriamiento, garantizando la m\u00e1xima productividad y desempe\u00f1o. Tambi\u00e9n aporta otros numerosos beneficios, como bajos costos operativos, bajo nivel de ruido y vibraci\u00f3n, vida \u00fatil extendida y f\u00e1cil mantenimiento. Adem\u00e1s, el nivel de rendimiento de los motores aplicados en los equipos cumple \u00edntegramente con los valores establecidos por la Ordenanza 553 de la Ley de Eficiencia Energ\u00e9tica 10.295, en vigor desde enero de 2010.<\/p>\t\t\t\t\t\t\t\t<\/div>\n\t\t\t\t<\/div>\n\t\t\t\t\t<\/div>\n\t\t\t\t<\/div>\n\t\t<div class=\"elementor-element elementor-element-a122324 e-flex e-con-boxed e-con e-parent\" data-id=\"a122324\" data-element_type=\"container\" data-settings=\"{&quot;background_background&quot;:&quot;classic&quot;}\">\n\t\t\t\t\t<div class=\"e-con-inner\">\n\t\t<div class=\"elementor-element elementor-element-728578a e-con-full e-flex e-con e-child\" data-id=\"728578a\" data-element_type=\"container\">\n\t\t\t\t<div class=\"elementor-element elementor-element-7be30a8 elementor-position-top elementor-widget elementor-widget-image-box\" data-id=\"7be30a8\" data-element_type=\"widget\" data-widget_type=\"image-box.default\">\n\t\t\t\t<div class=\"elementor-widget-container\">\n\t\t\t\t\t<div class=\"elementor-image-box-wrapper\"><figure class=\"elementor-image-box-img\"><img fetchpriority=\"high\" decoding=\"async\" width=\"268\" height=\"300\" src=\"https:\/\/korper.com.br\/esp\/wp-content\/uploads\/2024\/12\/Torres-de-resfriamento-de-circuito-fechado-FCR.jpg\" class=\"attachment-full size-full wp-image-1491\" alt=\"\" \/><\/figure><div class=\"elementor-image-box-content\"><h3 class=\"elementor-image-box-title\">Torres serie FCR<\/h3><\/div><\/div>\t\t\t\t<\/div>\n\t\t\t\t<\/div>\n\t\t\t\t<div class=\"elementor-element elementor-element-2bce95e elementor-align-center elementor-widget elementor-widget-button\" data-id=\"2bce95e\" data-element_type=\"widget\" data-widget_type=\"button.default\">\n\t\t\t\t<div class=\"elementor-widget-container\">\n\t\t\t\t\t\t\t\t\t<div class=\"elementor-button-wrapper\">\n\t\t\t\t\t<a class=\"elementor-button elementor-button-link elementor-size-sm\" href=\"https:\/\/korper.com.br\/esp\/torre_de_enfriamiento_de_circuito_cerrado_serie_fcr\/\">\n\t\t\t\t\t\t<span class=\"elementor-button-content-wrapper\">\n\t\t\t\t\t\t\t\t\t<span class=\"elementor-button-text\">Haz clic aqu\u00ed<\/span>\n\t\t\t\t\t<\/span>\n\t\t\t\t\t<\/a>\n\t\t\t\t<\/div>\n\t\t\t\t\t\t\t\t<\/div>\n\t\t\t\t<\/div>\n\t\t\t\t<\/div>\n\t\t<div class=\"elementor-element elementor-element-4eb447d e-con-full e-flex e-con e-child\" data-id=\"4eb447d\" data-element_type=\"container\">\n\t\t\t\t<div class=\"elementor-element elementor-element-553d6db elementor-position-top elementor-widget elementor-widget-image-box\" data-id=\"553d6db\" data-element_type=\"widget\" data-widget_type=\"image-box.default\">\n\t\t\t\t<div class=\"elementor-widget-container\">\n\t\t\t\t\t<div class=\"elementor-image-box-wrapper\"><figure class=\"elementor-image-box-img\"><img decoding=\"async\" width=\"270\" height=\"300\" src=\"https:\/\/korper.com.br\/esp\/wp-content\/uploads\/2024\/12\/Torres-de-resfriamento-de-circuito-fechado-FCH.jpg\" class=\"attachment-full size-full wp-image-1492\" alt=\"\" \/><\/figure><div class=\"elementor-image-box-content\"><h3 class=\"elementor-image-box-title\">Torres serie FCH<\/h3><\/div><\/div>\t\t\t\t<\/div>\n\t\t\t\t<\/div>\n\t\t\t\t<div class=\"elementor-element elementor-element-04f4cc3 elementor-align-center elementor-widget elementor-widget-button\" data-id=\"04f4cc3\" data-element_type=\"widget\" data-widget_type=\"button.default\">\n\t\t\t\t<div class=\"elementor-widget-container\">\n\t\t\t\t\t\t\t\t\t<div class=\"elementor-button-wrapper\">\n\t\t\t\t\t<a class=\"elementor-button elementor-button-link elementor-size-sm\" href=\"https:\/\/korper.com.br\/esp\/torre_de_enfriamiento_de_circuito_cerrado_serie_fch\/\">\n\t\t\t\t\t\t<span class=\"elementor-button-content-wrapper\">\n\t\t\t\t\t\t\t\t\t<span class=\"elementor-button-text\">Haz clic aqu\u00ed<\/span>\n\t\t\t\t\t<\/span>\n\t\t\t\t\t<\/a>\n\t\t\t\t<\/div>\n\t\t\t\t\t\t\t\t<\/div>\n\t\t\t\t<\/div>\n\t\t\t\t<\/div>\n\t\t<div class=\"elementor-element elementor-element-a9793ac e-con-full e-flex e-con e-child\" data-id=\"a9793ac\" data-element_type=\"container\">\n\t\t\t\t<div class=\"elementor-element elementor-element-c0373b4 elementor-position-top elementor-widget elementor-widget-image-box\" data-id=\"c0373b4\" data-element_type=\"widget\" data-widget_type=\"image-box.default\">\n\t\t\t\t<div class=\"elementor-widget-container\">\n\t\t\t\t\t<div class=\"elementor-image-box-wrapper\"><figure class=\"elementor-image-box-img\"><img decoding=\"async\" width=\"207\" height=\"300\" src=\"https:\/\/korper.com.br\/esp\/wp-content\/uploads\/2024\/12\/Torres-de-resfriamento-de-circuito-fechado-FCQ.jpg\" class=\"attachment-full size-full wp-image-1493\" alt=\"\" \/><\/figure><div class=\"elementor-image-box-content\"><h3 class=\"elementor-image-box-title\">Torres serie FCQ<\/h3><\/div><\/div>\t\t\t\t<\/div>\n\t\t\t\t<\/div>\n\t\t\t\t<div class=\"elementor-element elementor-element-66a3521 elementor-align-center elementor-widget elementor-widget-button\" data-id=\"66a3521\" data-element_type=\"widget\" data-widget_type=\"button.default\">\n\t\t\t\t<div class=\"elementor-widget-container\">\n\t\t\t\t\t\t\t\t\t<div class=\"elementor-button-wrapper\">\n\t\t\t\t\t<a class=\"elementor-button elementor-button-link elementor-size-sm\" href=\"https:\/\/korper.com.br\/esp\/torre_de_enfriamiento_de_circuito_cerrado_serie_fcq\/\">\n\t\t\t\t\t\t<span class=\"elementor-button-content-wrapper\">\n\t\t\t\t\t\t\t\t\t<span class=\"elementor-button-text\">Haz clic aqu\u00ed<\/span>\n\t\t\t\t\t<\/span>\n\t\t\t\t\t<\/a>\n\t\t\t\t<\/div>\n\t\t\t\t\t\t\t\t<\/div>\n\t\t\t\t<\/div>\n\t\t\t\t<\/div>\n\t\t\t\t\t<\/div>\n\t\t\t\t<\/div>\n\t\t\t\t<\/div>\n\t\t","protected":false},"excerpt":{"rendered":"<p>Torre de Enfriamiento de Circuito Cerrado Con 30 a\u00f1os de tradici\u00f3n en la fabricaci\u00f3n de torres de enfriamiento, K\u00f6rper es una de las empresas m\u00e1s respetadas y reconocidas en el mercado, elegida durante ocho a\u00f1os consecutivos como TOP FIVE por la ya consolidada investigaci\u00f3n de mercado del Guia Nei, un respetado veh\u00edculo editorial y la [&hellip;]<\/p>\n","protected":false},"author":1,"featured_media":0,"parent":0,"menu_order":0,"comment_status":"closed","ping_status":"closed","template":"","meta":{"site-sidebar-layout":"no-sidebar","site-content-layout":"page-builder","ast-site-content-layout":"full-width-container","site-content-style":"default","site-sidebar-style":"default","ast-global-header-display":"","ast-banner-title-visibility":"","ast-main-header-display":"","ast-hfb-above-header-display":"","ast-hfb-below-header-display":"","ast-hfb-mobile-header-display":"","site-post-title":"disabled","ast-breadcrumbs-content":"","ast-featured-img":"disabled","footer-sml-layout":"","theme-transparent-header-meta":"","adv-header-id-meta":"","stick-header-meta":"","header-above-stick-meta":"","header-main-stick-meta":"","header-below-stick-meta":"","astra-migrate-meta-layouts":"set","ast-page-background-enabled":"default","ast-page-background-meta":{"desktop":{"background-color":"","background-image":"","background-repeat":"repeat","background-position":"center center","background-size":"auto","background-attachment":"scroll","background-type":"","background-media":"","overlay-type":"","overlay-color":"","overlay-opacity":"","overlay-gradient":""},"tablet":{"background-color":"","background-image":"","background-repeat":"repeat","background-position":"center center","background-size":"auto","background-attachment":"scroll","background-type":"","background-media":"","overlay-type":"","overlay-color":"","overlay-opacity":"","overlay-gradient":""},"mobile":{"background-color":"","background-image":"","background-repeat":"repeat","background-position":"center center","background-size":"auto","background-attachment":"scroll","background-type":"","background-media":"","overlay-type":"","overlay-color":"","overlay-opacity":"","overlay-gradient":""}},"ast-content-background-meta":{"desktop":{"background-color":"var(--ast-global-color-5)","background-image":"","background-repeat":"repeat","background-position":"center center","background-size":"auto","background-attachment":"scroll","background-type":"","background-media":"","overlay-type":"","overlay-color":"","overlay-opacity":"","overlay-gradient":""},"tablet":{"background-color":"var(--ast-global-color-5)","background-image":"","background-repeat":"repeat","background-position":"center center","background-size":"auto","background-attachment":"scroll","background-type":"","background-media":"","overlay-type":"","overlay-color":"","overlay-opacity":"","overlay-gradient":""},"mobile":{"background-color":"var(--ast-global-color-5)","background-image":"","background-repeat":"repeat","background-position":"center center","background-size":"auto","background-attachment":"scroll","background-type":"","background-media":"","overlay-type":"","overlay-color":"","overlay-opacity":"","overlay-gradient":""}},"footnotes":""},"class_list":["post-1489","page","type-page","status-publish","hentry"],"_links":{"self":[{"href":"https:\/\/korper.com.br\/esp\/wp-json\/wp\/v2\/pages\/1489","targetHints":{"allow":["GET"]}}],"collection":[{"href":"https:\/\/korper.com.br\/esp\/wp-json\/wp\/v2\/pages"}],"about":[{"href":"https:\/\/korper.com.br\/esp\/wp-json\/wp\/v2\/types\/page"}],"author":[{"embeddable":true,"href":"https:\/\/korper.com.br\/esp\/wp-json\/wp\/v2\/users\/1"}],"replies":[{"embeddable":true,"href":"https:\/\/korper.com.br\/esp\/wp-json\/wp\/v2\/comments?post=1489"}],"version-history":[{"count":14,"href":"https:\/\/korper.com.br\/esp\/wp-json\/wp\/v2\/pages\/1489\/revisions"}],"predecessor-version":[{"id":2670,"href":"https:\/\/korper.com.br\/esp\/wp-json\/wp\/v2\/pages\/1489\/revisions\/2670"}],"wp:attachment":[{"href":"https:\/\/korper.com.br\/esp\/wp-json\/wp\/v2\/media?parent=1489"}],"curies":[{"name":"wp","href":"https:\/\/api.w.org\/{rel}","templated":true}]}}