{"id":1497,"date":"2024-12-16T15:28:31","date_gmt":"2024-12-16T18:28:31","guid":{"rendered":"http:\/\/korper2024.provisorio.ws\/?page_id=1497"},"modified":"2025-01-26T08:03:53","modified_gmt":"2025-01-26T11:03:53","slug":"unidades_de_agua_fria","status":"publish","type":"page","link":"https:\/\/korper.com.br\/esp\/unidades_de_agua_fria\/","title":{"rendered":"Unidades de agua fr\u00eda"},"content":{"rendered":"\t\t<div data-elementor-type=\"wp-page\" data-elementor-id=\"1497\" class=\"elementor elementor-1497\" data-elementor-post-type=\"page\">\n\t\t\t\t<div class=\"elementor-element elementor-element-d22e5cc e-flex e-con-boxed e-con e-parent\" data-id=\"d22e5cc\" data-element_type=\"container\" data-settings=\"{&quot;background_background&quot;:&quot;classic&quot;}\">\n\t\t\t\t\t<div class=\"e-con-inner\">\n\t\t\t\t<div class=\"elementor-element elementor-element-c11b510 elementor-widget elementor-widget-heading\" data-id=\"c11b510\" data-element_type=\"widget\" data-widget_type=\"heading.default\">\n\t\t\t\t<div class=\"elementor-widget-container\">\n\t\t\t\t\t<h2 class=\"elementor-heading-title elementor-size-default\">Unidades de agua fr\u00eda<\/h2>\t\t\t\t<\/div>\n\t\t\t\t<\/div>\n\t\t\t\t<div class=\"elementor-element elementor-element-80b345c elementor-widget elementor-widget-text-editor\" data-id=\"80b345c\" data-element_type=\"widget\" data-widget_type=\"text-editor.default\">\n\t\t\t\t<div class=\"elementor-widget-container\">\n\t\t\t\t\t\t\t\t\t<p>Con capacidades que van desde 6.000 kcal\/h hasta 620.000 kcal\/h y condensaci\u00f3n a agua o aire, las unidades de agua K\u00f6rper son compactas, de f\u00e1cil instalaci\u00f3n y operaci\u00f3n, entreg\u00e1ndose listas para usar.<\/p><p>Los gabinetes de acero carbono con pintura electrost\u00e1tica son resistentes a las inclemencias del tiempo, lo que permite instalar el equipo al aire libre.<\/p><p>Completas, con reservorio de agua, bomba y circuito hidr\u00e1ulico no oxidante, operan con ajuste de temperatura de 5\u00b0C a 25\u00b0C para haz tubular y de 7\u00b0C a 25\u00b0C para intercambiador de placas.<\/p><p>El fluido refrigerante utilizado puede ser R410A o R407C, ambos ecol\u00f3gicos.<\/p><p>Los nuevos PLCs de comando con control exclusivo de capacidad de refrigeraci\u00f3n garantizan mayor ahorro de energ\u00eda y seguridad en la operaci\u00f3n, mejor estabilidad de temperatura del proceso, adem\u00e1s de un menor riesgo de fallas y aver\u00edas.<\/p><p>Tambi\u00e9n cuentan con ajuste de temperatura decimal de 0,1\u00b0C y una precisi\u00f3n de control de incre\u00edbles 0,6\u00b0C (con variaci\u00f3n de \u00b1 0,3\u00b0C) en las condiciones nominales de operaci\u00f3n, con carga de proceso variando entre el 65% y el 95% de la capacidad de refrigeraci\u00f3n del equipo.<\/p><p>Adem\u00e1s de todas las ventajas mencionadas anteriormente, esta mejora impacta significativamente en el aumento de la vida \u00fatil del equipo.<\/p>\t\t\t\t\t\t\t\t<\/div>\n\t\t\t\t<\/div>\n\t\t\t\t\t<\/div>\n\t\t\t\t<\/div>\n\t\t<div class=\"elementor-element elementor-element-a122324 e-flex e-con-boxed e-con e-parent\" data-id=\"a122324\" data-element_type=\"container\" data-settings=\"{&quot;background_background&quot;:&quot;classic&quot;}\">\n\t\t\t\t\t<div class=\"e-con-inner\">\n\t\t<div class=\"elementor-element elementor-element-728578a e-con-full e-flex e-con e-child\" data-id=\"728578a\" data-element_type=\"container\">\n\t\t\t\t<div class=\"elementor-element elementor-element-7be30a8 elementor-position-top elementor-widget elementor-widget-image-box\" data-id=\"7be30a8\" data-element_type=\"widget\" data-widget_type=\"image-box.default\">\n\t\t\t\t<div class=\"elementor-widget-container\">\n\t\t\t\t\t<div class=\"elementor-image-box-wrapper\"><figure class=\"elementor-image-box-img\"><img fetchpriority=\"high\" decoding=\"async\" width=\"261\" height=\"300\" src=\"https:\/\/korper.com.br\/esp\/wp-content\/uploads\/2024\/12\/Unidades-de-aagua-gelada-KRE.jpg\" class=\"attachment-full size-full wp-image-1499\" alt=\"\" \/><\/figure><div class=\"elementor-image-box-content\"><h3 class=\"elementor-image-box-title\">Serie KRE Performance<\/h3><\/div><\/div>\t\t\t\t<\/div>\n\t\t\t\t<\/div>\n\t\t\t\t<div class=\"elementor-element elementor-element-2bce95e elementor-align-center elementor-widget elementor-widget-button\" data-id=\"2bce95e\" data-element_type=\"widget\" data-widget_type=\"button.default\">\n\t\t\t\t<div class=\"elementor-widget-container\">\n\t\t\t\t\t\t\t\t\t<div class=\"elementor-button-wrapper\">\n\t\t\t\t\t<a class=\"elementor-button elementor-button-link elementor-size-sm\" href=\"https:\/\/korper.com.br\/esp\/unidad_de_agua_fria_serie_kre_performance\/\">\n\t\t\t\t\t\t<span class=\"elementor-button-content-wrapper\">\n\t\t\t\t\t\t\t\t\t<span class=\"elementor-button-text\">haz clic aqu\u00ed<\/span>\n\t\t\t\t\t<\/span>\n\t\t\t\t\t<\/a>\n\t\t\t\t<\/div>\n\t\t\t\t\t\t\t\t<\/div>\n\t\t\t\t<\/div>\n\t\t\t\t<\/div>\n\t\t<div class=\"elementor-element elementor-element-4eb447d e-con-full e-flex e-con e-child\" data-id=\"4eb447d\" data-element_type=\"container\">\n\t\t\t\t<div class=\"elementor-element elementor-element-553d6db elementor-position-top elementor-widget elementor-widget-image-box\" data-id=\"553d6db\" data-element_type=\"widget\" data-widget_type=\"image-box.default\">\n\t\t\t\t<div class=\"elementor-widget-container\">\n\t\t\t\t\t<div class=\"elementor-image-box-wrapper\"><figure class=\"elementor-image-box-img\"><img decoding=\"async\" width=\"281\" height=\"300\" src=\"https:\/\/korper.com.br\/esp\/wp-content\/uploads\/2024\/12\/Unidades-de-agua-gelada-KPA.jpg\" class=\"attachment-full size-full wp-image-1500\" alt=\"\" \/><\/figure><div class=\"elementor-image-box-content\"><h3 class=\"elementor-image-box-title\">Serie KPA Professional<\/h3><\/div><\/div>\t\t\t\t<\/div>\n\t\t\t\t<\/div>\n\t\t\t\t<div class=\"elementor-element elementor-element-04f4cc3 elementor-align-center elementor-widget elementor-widget-button\" data-id=\"04f4cc3\" data-element_type=\"widget\" data-widget_type=\"button.default\">\n\t\t\t\t<div class=\"elementor-widget-container\">\n\t\t\t\t\t\t\t\t\t<div class=\"elementor-button-wrapper\">\n\t\t\t\t\t<a class=\"elementor-button elementor-button-link elementor-size-sm\" href=\"https:\/\/korper.com.br\/esp\/unidad_de_agua_fria_serie_kpa_professional\/\">\n\t\t\t\t\t\t<span class=\"elementor-button-content-wrapper\">\n\t\t\t\t\t\t\t\t\t<span class=\"elementor-button-text\">haz clic aqu\u00ed<\/span>\n\t\t\t\t\t<\/span>\n\t\t\t\t\t<\/a>\n\t\t\t\t<\/div>\n\t\t\t\t\t\t\t\t<\/div>\n\t\t\t\t<\/div>\n\t\t\t\t<\/div>\n\t\t<div class=\"elementor-element elementor-element-a9793ac e-con-full e-flex e-con e-child\" data-id=\"a9793ac\" data-element_type=\"container\">\n\t\t\t\t<div class=\"elementor-element elementor-element-c0373b4 elementor-position-top elementor-widget elementor-widget-image-box\" data-id=\"c0373b4\" data-element_type=\"widget\" data-widget_type=\"image-box.default\">\n\t\t\t\t<div class=\"elementor-widget-container\">\n\t\t\t\t\t<div class=\"elementor-image-box-wrapper\"><figure class=\"elementor-image-box-img\"><img decoding=\"async\" width=\"300\" height=\"174\" src=\"https:\/\/korper.com.br\/esp\/wp-content\/uploads\/2024\/12\/Unidades-de-agua-gelada-KRA.jpg\" class=\"attachment-full size-full wp-image-1501\" alt=\"\" \/><\/figure><div class=\"elementor-image-box-content\"><h3 class=\"elementor-image-box-title\">Serie KRA Precision<\/h3><\/div><\/div>\t\t\t\t<\/div>\n\t\t\t\t<\/div>\n\t\t\t\t<div class=\"elementor-element elementor-element-66a3521 elementor-align-center elementor-widget elementor-widget-button\" data-id=\"66a3521\" data-element_type=\"widget\" data-widget_type=\"button.default\">\n\t\t\t\t<div class=\"elementor-widget-container\">\n\t\t\t\t\t\t\t\t\t<div class=\"elementor-button-wrapper\">\n\t\t\t\t\t<a class=\"elementor-button elementor-button-link elementor-size-sm\" href=\"https:\/\/korper.com.br\/esp\/unidad_de_agua_fria_serie_kra_precision\/\">\n\t\t\t\t\t\t<span class=\"elementor-button-content-wrapper\">\n\t\t\t\t\t\t\t\t\t<span class=\"elementor-button-text\">haz clic aqu\u00ed<\/span>\n\t\t\t\t\t<\/span>\n\t\t\t\t\t<\/a>\n\t\t\t\t<\/div>\n\t\t\t\t\t\t\t\t<\/div>\n\t\t\t\t<\/div>\n\t\t\t\t<\/div>\n\t\t<div class=\"elementor-element elementor-element-68e3f80 e-con-full e-flex e-con e-child\" data-id=\"68e3f80\" data-element_type=\"container\">\n\t\t\t\t<div class=\"elementor-element elementor-element-6809716 elementor-position-top elementor-widget elementor-widget-image-box\" data-id=\"6809716\" data-element_type=\"widget\" data-widget_type=\"image-box.default\">\n\t\t\t\t<div class=\"elementor-widget-container\">\n\t\t\t\t\t<div class=\"elementor-image-box-wrapper\"><figure class=\"elementor-image-box-img\"><img loading=\"lazy\" decoding=\"async\" width=\"293\" height=\"300\" src=\"https:\/\/korper.com.br\/esp\/wp-content\/uploads\/2024\/12\/Unidades-de-agua-gelada-KRW.jpg\" class=\"attachment-full size-full wp-image-1502\" alt=\"\" \/><\/figure><div class=\"elementor-image-box-content\"><h3 class=\"elementor-image-box-title\">Serie KRW Precision<\/h3><\/div><\/div>\t\t\t\t<\/div>\n\t\t\t\t<\/div>\n\t\t\t\t<div class=\"elementor-element elementor-element-e4943fc elementor-align-center elementor-widget elementor-widget-button\" data-id=\"e4943fc\" data-element_type=\"widget\" data-widget_type=\"button.default\">\n\t\t\t\t<div class=\"elementor-widget-container\">\n\t\t\t\t\t\t\t\t\t<div class=\"elementor-button-wrapper\">\n\t\t\t\t\t<a class=\"elementor-button elementor-button-link elementor-size-sm\" href=\"https:\/\/korper.com.br\/esp\/unidad_de_fria_gelada_serie_krw_precision\/\">\n\t\t\t\t\t\t<span class=\"elementor-button-content-wrapper\">\n\t\t\t\t\t\t\t\t\t<span class=\"elementor-button-text\">haz clic aqu\u00ed<\/span>\n\t\t\t\t\t<\/span>\n\t\t\t\t\t<\/a>\n\t\t\t\t<\/div>\n\t\t\t\t\t\t\t\t<\/div>\n\t\t\t\t<\/div>\n\t\t\t\t<\/div>\n\t\t<div class=\"elementor-element elementor-element-932d0cc e-con-full e-flex e-con e-child\" data-id=\"932d0cc\" data-element_type=\"container\">\n\t\t\t\t<div class=\"elementor-element elementor-element-e230ddf elementor-position-top elementor-widget elementor-widget-image-box\" data-id=\"e230ddf\" data-element_type=\"widget\" data-widget_type=\"image-box.default\">\n\t\t\t\t<div class=\"elementor-widget-container\">\n\t\t\t\t\t<div class=\"elementor-image-box-wrapper\"><figure class=\"elementor-image-box-img\"><img loading=\"lazy\" decoding=\"async\" width=\"640\" height=\"480\" src=\"https:\/\/korper.com.br\/esp\/wp-content\/uploads\/2024\/12\/krc.webp\" class=\"attachment-2048x2048 size-2048x2048 wp-image-1890\" alt=\"\" srcset=\"https:\/\/korper.com.br\/esp\/wp-content\/uploads\/2024\/12\/krc.webp 640w, https:\/\/korper.com.br\/esp\/wp-content\/uploads\/2024\/12\/krc-300x225.webp 300w\" sizes=\"(max-width: 640px) 100vw, 640px\" \/><\/figure><div class=\"elementor-image-box-content\"><h3 class=\"elementor-image-box-title\">Serie KRC<\/h3><\/div><\/div>\t\t\t\t<\/div>\n\t\t\t\t<\/div>\n\t\t\t\t<div class=\"elementor-element elementor-element-dca9915 elementor-align-center elementor-widget elementor-widget-button\" data-id=\"dca9915\" data-element_type=\"widget\" data-widget_type=\"button.default\">\n\t\t\t\t<div class=\"elementor-widget-container\">\n\t\t\t\t\t\t\t\t\t<div class=\"elementor-button-wrapper\">\n\t\t\t\t\t<a class=\"elementor-button elementor-button-link elementor-size-sm\" href=\"https:\/\/korper.com.br\/esp\/unidad_de_agua_fria__serie_krc\/\">\n\t\t\t\t\t\t<span class=\"elementor-button-content-wrapper\">\n\t\t\t\t\t\t\t\t\t<span class=\"elementor-button-text\">haz clic aqu\u00ed<\/span>\n\t\t\t\t\t<\/span>\n\t\t\t\t\t<\/a>\n\t\t\t\t<\/div>\n\t\t\t\t\t\t\t\t<\/div>\n\t\t\t\t<\/div>\n\t\t\t\t<\/div>\n\t\t\t\t\t<\/div>\n\t\t\t\t<\/div>\n\t\t\t\t<\/div>\n\t\t","protected":false},"excerpt":{"rendered":"<p>Unidades de agua fr\u00eda Con capacidades que van desde 6.000 kcal\/h hasta 620.000 kcal\/h y condensaci\u00f3n a agua o aire, las unidades de agua K\u00f6rper son compactas, de f\u00e1cil instalaci\u00f3n y operaci\u00f3n, entreg\u00e1ndose listas para usar. Los gabinetes de acero carbono con pintura electrost\u00e1tica son resistentes a las inclemencias del tiempo, lo que permite instalar [&hellip;]<\/p>\n","protected":false},"author":1,"featured_media":0,"parent":0,"menu_order":0,"comment_status":"closed","ping_status":"closed","template":"","meta":{"site-sidebar-layout":"no-sidebar","site-content-layout":"page-builder","ast-site-content-layout":"full-width-container","site-content-style":"default","site-sidebar-style":"default","ast-global-header-display":"","ast-banner-title-visibility":"","ast-main-header-display":"","ast-hfb-above-header-display":"","ast-hfb-below-header-display":"","ast-hfb-mobile-header-display":"","site-post-title":"disabled","ast-breadcrumbs-content":"","ast-featured-img":"disabled","footer-sml-layout":"","theme-transparent-header-meta":"","adv-header-id-meta":"","stick-header-meta":"","header-above-stick-meta":"","header-main-stick-meta":"","header-below-stick-meta":"","astra-migrate-meta-layouts":"set","ast-page-background-enabled":"default","ast-page-background-meta":{"desktop":{"background-color":"","background-image":"","background-repeat":"repeat","background-position":"center center","background-size":"auto","background-attachment":"scroll","background-type":"","background-media":"","overlay-type":"","overlay-color":"","overlay-opacity":"","overlay-gradient":""},"tablet":{"background-color":"","background-image":"","background-repeat":"repeat","background-position":"center center","background-size":"auto","background-attachment":"scroll","background-type":"","background-media":"","overlay-type":"","overlay-color":"","overlay-opacity":"","overlay-gradient":""},"mobile":{"background-color":"","background-image":"","background-repeat":"repeat","background-position":"center center","background-size":"auto","background-attachment":"scroll","background-type":"","background-media":"","overlay-type":"","overlay-color":"","overlay-opacity":"","overlay-gradient":""}},"ast-content-background-meta":{"desktop":{"background-color":"var(--ast-global-color-5)","background-image":"","background-repeat":"repeat","background-position":"center center","background-size":"auto","background-attachment":"scroll","background-type":"","background-media":"","overlay-type":"","overlay-color":"","overlay-opacity":"","overlay-gradient":""},"tablet":{"background-color":"var(--ast-global-color-5)","background-image":"","background-repeat":"repeat","background-position":"center center","background-size":"auto","background-attachment":"scroll","background-type":"","background-media":"","overlay-type":"","overlay-color":"","overlay-opacity":"","overlay-gradient":""},"mobile":{"background-color":"var(--ast-global-color-5)","background-image":"","background-repeat":"repeat","background-position":"center center","background-size":"auto","background-attachment":"scroll","background-type":"","background-media":"","overlay-type":"","overlay-color":"","overlay-opacity":"","overlay-gradient":""}},"footnotes":""},"class_list":["post-1497","page","type-page","status-publish","hentry"],"_links":{"self":[{"href":"https:\/\/korper.com.br\/esp\/wp-json\/wp\/v2\/pages\/1497","targetHints":{"allow":["GET"]}}],"collection":[{"href":"https:\/\/korper.com.br\/esp\/wp-json\/wp\/v2\/pages"}],"about":[{"href":"https:\/\/korper.com.br\/esp\/wp-json\/wp\/v2\/types\/page"}],"author":[{"embeddable":true,"href":"https:\/\/korper.com.br\/esp\/wp-json\/wp\/v2\/users\/1"}],"replies":[{"embeddable":true,"href":"https:\/\/korper.com.br\/esp\/wp-json\/wp\/v2\/comments?post=1497"}],"version-history":[{"count":17,"href":"https:\/\/korper.com.br\/esp\/wp-json\/wp\/v2\/pages\/1497\/revisions"}],"predecessor-version":[{"id":2673,"href":"https:\/\/korper.com.br\/esp\/wp-json\/wp\/v2\/pages\/1497\/revisions\/2673"}],"wp:attachment":[{"href":"https:\/\/korper.com.br\/esp\/wp-json\/wp\/v2\/media?parent=1497"}],"curies":[{"name":"wp","href":"https:\/\/api.w.org\/{rel}","templated":true}]}}