{"id":1507,"date":"2024-12-16T15:49:19","date_gmt":"2024-12-16T18:49:19","guid":{"rendered":"http:\/\/korper2024.provisorio.ws\/?page_id=1507"},"modified":"2025-01-26T08:05:40","modified_gmt":"2025-01-26T11:05:40","slug":"dry_coolers","status":"publish","type":"page","link":"https:\/\/korper.com.br\/esp\/dry_coolers\/","title":{"rendered":"Dry Coolers"},"content":{"rendered":"\t\t<div data-elementor-type=\"wp-page\" data-elementor-id=\"1507\" class=\"elementor elementor-1507\" data-elementor-post-type=\"page\">\n\t\t\t\t<div class=\"elementor-element elementor-element-d22e5cc e-flex e-con-boxed e-con e-parent\" data-id=\"d22e5cc\" data-element_type=\"container\" data-settings=\"{&quot;background_background&quot;:&quot;classic&quot;}\">\n\t\t\t\t\t<div class=\"e-con-inner\">\n\t\t\t\t<div class=\"elementor-element elementor-element-c11b510 elementor-widget elementor-widget-heading\" data-id=\"c11b510\" data-element_type=\"widget\" data-widget_type=\"heading.default\">\n\t\t\t\t<div class=\"elementor-widget-container\">\n\t\t\t\t\t<h2 class=\"elementor-heading-title elementor-size-default\">Dry Coolers<\/h2>\t\t\t\t<\/div>\n\t\t\t\t<\/div>\n\t\t\t\t<div class=\"elementor-element elementor-element-80b345c elementor-widget elementor-widget-text-editor\" data-id=\"80b345c\" data-element_type=\"widget\" data-widget_type=\"text-editor.default\">\n\t\t\t\t<div class=\"elementor-widget-container\">\n\t\t\t\t\t\t\t\t\t<p>Los dry coolers, tambi\u00e9n conocidos como &#8220;torres secas&#8221;, funcionan bajo el mismo principio que los enfriadores de circuito cerrado, pero con un consumo de agua extremadamente bajo. En comparaci\u00f3n con el consumo de agua de una torre de enfriamiento de circuito abierto, el ahorro puede llegar hasta el 97%. Por esta raz\u00f3n, son considerados ecol\u00f3gicamente correctos, ya que no generan efluentes que puedan contaminar el medio ambiente y no requieren tratamiento qu\u00edmico.<\/p><p>Los modelos pueden ser suministrados en disposici\u00f3n vertical u horizontal, y su capacidad puede expandirse ilimitadamente uniendo m\u00f3dulos lado a lado, formando as\u00ed un conjunto de enfriadores.<\/p><p>Algunos modelos pueden ser suministrados con enfriamiento adiab\u00e1tico complementario mediante boquillas de aspersi\u00f3n o lecho h\u00famedo de \u00faltima generaci\u00f3n, que, adem\u00e1s de proporcionar temperaturas de salida de agua m\u00e1s bajas, funcionan como filtros para proteger las aletas.<\/p>\t\t\t\t\t\t\t\t<\/div>\n\t\t\t\t<\/div>\n\t\t\t\t\t<\/div>\n\t\t\t\t<\/div>\n\t\t<div class=\"elementor-element elementor-element-a122324 e-flex e-con-boxed e-con e-parent\" data-id=\"a122324\" data-element_type=\"container\" data-settings=\"{&quot;background_background&quot;:&quot;classic&quot;}\">\n\t\t\t\t\t<div class=\"e-con-inner\">\n\t\t<div class=\"elementor-element elementor-element-728578a e-con-full e-flex e-con e-child\" data-id=\"728578a\" data-element_type=\"container\">\n\t\t\t\t<div class=\"elementor-element elementor-element-7be30a8 elementor-position-top elementor-widget elementor-widget-image-box\" data-id=\"7be30a8\" data-element_type=\"widget\" data-widget_type=\"image-box.default\">\n\t\t\t\t<div class=\"elementor-widget-container\">\n\t\t\t\t\t<div class=\"elementor-image-box-wrapper\"><figure class=\"elementor-image-box-img\"><img fetchpriority=\"high\" decoding=\"async\" width=\"300\" height=\"170\" src=\"https:\/\/korper.com.br\/esp\/wp-content\/uploads\/2024\/12\/Dry-Cooler-VF.png\" class=\"attachment-full size-full wp-image-1509\" alt=\"\" \/><\/figure><div class=\"elementor-image-box-content\"><h3 class=\"elementor-image-box-title\">Serie VF<\/h3><\/div><\/div>\t\t\t\t<\/div>\n\t\t\t\t<\/div>\n\t\t\t\t<div class=\"elementor-element elementor-element-2bce95e elementor-align-center elementor-widget elementor-widget-button\" data-id=\"2bce95e\" data-element_type=\"widget\" data-widget_type=\"button.default\">\n\t\t\t\t<div class=\"elementor-widget-container\">\n\t\t\t\t\t\t\t\t\t<div class=\"elementor-button-wrapper\">\n\t\t\t\t\t<a class=\"elementor-button elementor-button-link elementor-size-sm\" href=\"https:\/\/korper.com.br\/esp\/dry_cooler_serie_vf\/\">\n\t\t\t\t\t\t<span class=\"elementor-button-content-wrapper\">\n\t\t\t\t\t\t\t\t\t<span class=\"elementor-button-text\">Haz clic aqu\u00ed<\/span>\n\t\t\t\t\t<\/span>\n\t\t\t\t\t<\/a>\n\t\t\t\t<\/div>\n\t\t\t\t\t\t\t\t<\/div>\n\t\t\t\t<\/div>\n\t\t\t\t<\/div>\n\t\t<div class=\"elementor-element elementor-element-4eb447d e-con-full e-flex e-con e-child\" data-id=\"4eb447d\" data-element_type=\"container\">\n\t\t\t\t<div class=\"elementor-element elementor-element-553d6db elementor-position-top elementor-widget elementor-widget-image-box\" data-id=\"553d6db\" data-element_type=\"widget\" data-widget_type=\"image-box.default\">\n\t\t\t\t<div class=\"elementor-widget-container\">\n\t\t\t\t\t<div class=\"elementor-image-box-wrapper\"><figure class=\"elementor-image-box-img\"><img decoding=\"async\" width=\"95\" height=\"86\" src=\"https:\/\/korper.com.br\/esp\/wp-content\/uploads\/2024\/12\/Dry_Cooler_vs-e-vd.jpg\" class=\"attachment-full size-full wp-image-1510\" alt=\"\" \/><\/figure><div class=\"elementor-image-box-content\"><h3 class=\"elementor-image-box-title\">Serie VS e VD<\/h3><\/div><\/div>\t\t\t\t<\/div>\n\t\t\t\t<\/div>\n\t\t\t\t<div class=\"elementor-element elementor-element-04f4cc3 elementor-align-center elementor-widget elementor-widget-button\" data-id=\"04f4cc3\" data-element_type=\"widget\" data-widget_type=\"button.default\">\n\t\t\t\t<div class=\"elementor-widget-container\">\n\t\t\t\t\t\t\t\t\t<div class=\"elementor-button-wrapper\">\n\t\t\t\t\t<a class=\"elementor-button elementor-button-link elementor-size-sm\" href=\"https:\/\/korper.com.br\/esp\/dry_cooler_serie_vs_e_vd\/\">\n\t\t\t\t\t\t<span class=\"elementor-button-content-wrapper\">\n\t\t\t\t\t\t\t\t\t<span class=\"elementor-button-text\">Haz clic aqu\u00ed<\/span>\n\t\t\t\t\t<\/span>\n\t\t\t\t\t<\/a>\n\t\t\t\t<\/div>\n\t\t\t\t\t\t\t\t<\/div>\n\t\t\t\t<\/div>\n\t\t\t\t<\/div>\n\t\t<div class=\"elementor-element elementor-element-a9793ac e-con-full e-flex e-con e-child\" data-id=\"a9793ac\" data-element_type=\"container\">\n\t\t\t\t<div class=\"elementor-element elementor-element-c0373b4 elementor-position-top elementor-widget elementor-widget-image-box\" data-id=\"c0373b4\" data-element_type=\"widget\" data-widget_type=\"image-box.default\">\n\t\t\t\t<div class=\"elementor-widget-container\">\n\t\t\t\t\t<div class=\"elementor-image-box-wrapper\"><figure class=\"elementor-image-box-img\"><img decoding=\"async\" width=\"178\" height=\"113\" src=\"https:\/\/korper.com.br\/esp\/wp-content\/uploads\/2024\/12\/Dry_Cooler_vib-w.jpg\" class=\"attachment-full size-full wp-image-1511\" alt=\"\" \/><\/figure><div class=\"elementor-image-box-content\"><h3 class=\"elementor-image-box-title\">Serie VIB<\/h3><\/div><\/div>\t\t\t\t<\/div>\n\t\t\t\t<\/div>\n\t\t\t\t<div class=\"elementor-element elementor-element-66a3521 elementor-align-center elementor-widget elementor-widget-button\" data-id=\"66a3521\" data-element_type=\"widget\" data-widget_type=\"button.default\">\n\t\t\t\t<div class=\"elementor-widget-container\">\n\t\t\t\t\t\t\t\t\t<div class=\"elementor-button-wrapper\">\n\t\t\t\t\t<a class=\"elementor-button elementor-button-link elementor-size-sm\" href=\"https:\/\/korper.com.br\/esp\/dry_cooler_serie_vib\/\">\n\t\t\t\t\t\t<span class=\"elementor-button-content-wrapper\">\n\t\t\t\t\t\t\t\t\t<span class=\"elementor-button-text\">Haz clic aqu\u00ed<\/span>\n\t\t\t\t\t<\/span>\n\t\t\t\t\t<\/a>\n\t\t\t\t<\/div>\n\t\t\t\t\t\t\t\t<\/div>\n\t\t\t\t<\/div>\n\t\t\t\t<\/div>\n\t\t<div class=\"elementor-element elementor-element-a720add e-con-full e-flex e-con e-child\" data-id=\"a720add\" data-element_type=\"container\">\n\t\t\t\t<div class=\"elementor-element elementor-element-b4ec9ba elementor-position-top elementor-widget elementor-widget-image-box\" data-id=\"b4ec9ba\" data-element_type=\"widget\" data-widget_type=\"image-box.default\">\n\t\t\t\t<div class=\"elementor-widget-container\">\n\t\t\t\t\t<div class=\"elementor-image-box-wrapper\"><figure class=\"elementor-image-box-img\"><img loading=\"lazy\" decoding=\"async\" width=\"615\" height=\"379\" src=\"https:\/\/korper.com.br\/esp\/wp-content\/uploads\/2024\/12\/FCA.jpg\" class=\"attachment-full size-full wp-image-1898\" alt=\"\" srcset=\"https:\/\/korper.com.br\/esp\/wp-content\/uploads\/2024\/12\/FCA.jpg 615w, https:\/\/korper.com.br\/esp\/wp-content\/uploads\/2024\/12\/FCA-300x185.jpg 300w\" sizes=\"(max-width: 615px) 100vw, 615px\" \/><\/figure><div class=\"elementor-image-box-content\"><h3 class=\"elementor-image-box-title\">Serie FCA<\/h3><\/div><\/div>\t\t\t\t<\/div>\n\t\t\t\t<\/div>\n\t\t\t\t<div class=\"elementor-element elementor-element-8f628b3 elementor-align-center elementor-widget elementor-widget-button\" data-id=\"8f628b3\" data-element_type=\"widget\" data-widget_type=\"button.default\">\n\t\t\t\t<div class=\"elementor-widget-container\">\n\t\t\t\t\t\t\t\t\t<div class=\"elementor-button-wrapper\">\n\t\t\t\t\t<a class=\"elementor-button elementor-button-link elementor-size-sm\" href=\"https:\/\/korper.com.br\/esp\/dry_cooler_serie_fca\/\">\n\t\t\t\t\t\t<span class=\"elementor-button-content-wrapper\">\n\t\t\t\t\t\t\t\t\t<span class=\"elementor-button-text\">Haz clic aqu\u00ed<\/span>\n\t\t\t\t\t<\/span>\n\t\t\t\t\t<\/a>\n\t\t\t\t<\/div>\n\t\t\t\t\t\t\t\t<\/div>\n\t\t\t\t<\/div>\n\t\t\t\t<\/div>\n\t\t\t\t\t<\/div>\n\t\t\t\t<\/div>\n\t\t\t\t<\/div>\n\t\t","protected":false},"excerpt":{"rendered":"<p>Dry Coolers Los dry coolers, tambi\u00e9n conocidos como &#8220;torres secas&#8221;, funcionan bajo el mismo principio que los enfriadores de circuito cerrado, pero con un consumo de agua extremadamente bajo. En comparaci\u00f3n con el consumo de agua de una torre de enfriamiento de circuito abierto, el ahorro puede llegar hasta el 97%. Por esta raz\u00f3n, son [&hellip;]<\/p>\n","protected":false},"author":1,"featured_media":0,"parent":0,"menu_order":0,"comment_status":"closed","ping_status":"closed","template":"","meta":{"site-sidebar-layout":"no-sidebar","site-content-layout":"page-builder","ast-site-content-layout":"full-width-container","site-content-style":"default","site-sidebar-style":"default","ast-global-header-display":"","ast-banner-title-visibility":"","ast-main-header-display":"","ast-hfb-above-header-display":"","ast-hfb-below-header-display":"","ast-hfb-mobile-header-display":"","site-post-title":"disabled","ast-breadcrumbs-content":"","ast-featured-img":"disabled","footer-sml-layout":"","theme-transparent-header-meta":"","adv-header-id-meta":"","stick-header-meta":"","header-above-stick-meta":"","header-main-stick-meta":"","header-below-stick-meta":"","astra-migrate-meta-layouts":"set","ast-page-background-enabled":"default","ast-page-background-meta":{"desktop":{"background-color":"","background-image":"","background-repeat":"repeat","background-position":"center center","background-size":"auto","background-attachment":"scroll","background-type":"","background-media":"","overlay-type":"","overlay-color":"","overlay-opacity":"","overlay-gradient":""},"tablet":{"background-color":"","background-image":"","background-repeat":"repeat","background-position":"center center","background-size":"auto","background-attachment":"scroll","background-type":"","background-media":"","overlay-type":"","overlay-color":"","overlay-opacity":"","overlay-gradient":""},"mobile":{"background-color":"","background-image":"","background-repeat":"repeat","background-position":"center center","background-size":"auto","background-attachment":"scroll","background-type":"","background-media":"","overlay-type":"","overlay-color":"","overlay-opacity":"","overlay-gradient":""}},"ast-content-background-meta":{"desktop":{"background-color":"var(--ast-global-color-5)","background-image":"","background-repeat":"repeat","background-position":"center center","background-size":"auto","background-attachment":"scroll","background-type":"","background-media":"","overlay-type":"","overlay-color":"","overlay-opacity":"","overlay-gradient":""},"tablet":{"background-color":"var(--ast-global-color-5)","background-image":"","background-repeat":"repeat","background-position":"center center","background-size":"auto","background-attachment":"scroll","background-type":"","background-media":"","overlay-type":"","overlay-color":"","overlay-opacity":"","overlay-gradient":""},"mobile":{"background-color":"var(--ast-global-color-5)","background-image":"","background-repeat":"repeat","background-position":"center center","background-size":"auto","background-attachment":"scroll","background-type":"","background-media":"","overlay-type":"","overlay-color":"","overlay-opacity":"","overlay-gradient":""}},"footnotes":""},"class_list":["post-1507","page","type-page","status-publish","hentry"],"_links":{"self":[{"href":"https:\/\/korper.com.br\/esp\/wp-json\/wp\/v2\/pages\/1507","targetHints":{"allow":["GET"]}}],"collection":[{"href":"https:\/\/korper.com.br\/esp\/wp-json\/wp\/v2\/pages"}],"about":[{"href":"https:\/\/korper.com.br\/esp\/wp-json\/wp\/v2\/types\/page"}],"author":[{"embeddable":true,"href":"https:\/\/korper.com.br\/esp\/wp-json\/wp\/v2\/users\/1"}],"replies":[{"embeddable":true,"href":"https:\/\/korper.com.br\/esp\/wp-json\/wp\/v2\/comments?post=1507"}],"version-history":[{"count":16,"href":"https:\/\/korper.com.br\/esp\/wp-json\/wp\/v2\/pages\/1507\/revisions"}],"predecessor-version":[{"id":2676,"href":"https:\/\/korper.com.br\/esp\/wp-json\/wp\/v2\/pages\/1507\/revisions\/2676"}],"wp:attachment":[{"href":"https:\/\/korper.com.br\/esp\/wp-json\/wp\/v2\/media?parent=1507"}],"curies":[{"name":"wp","href":"https:\/\/api.w.org\/{rel}","templated":true}]}}