{"id":1569,"date":"2024-12-16T21:11:11","date_gmt":"2024-12-17T00:11:11","guid":{"rendered":"http:\/\/korper2024.provisorio.ws\/?page_id=1569"},"modified":"2025-01-25T18:37:04","modified_gmt":"2025-01-25T21:37:04","slug":"torre_de_enfriamiento_de_circuito_abierto_serie_q","status":"publish","type":"page","link":"https:\/\/korper.com.br\/esp\/torre_de_enfriamiento_de_circuito_abierto_serie_q\/","title":{"rendered":"Torre de enfriamiento de circuito abierto serie Q+"},"content":{"rendered":"\t\t<div data-elementor-type=\"wp-page\" data-elementor-id=\"1569\" class=\"elementor elementor-1569\" data-elementor-post-type=\"page\">\n\t\t\t\t<div class=\"elementor-element elementor-element-7823712 e-flex e-con-boxed e-con e-parent\" data-id=\"7823712\" data-element_type=\"container\" data-settings=\"{&quot;background_background&quot;:&quot;classic&quot;}\">\n\t\t\t\t\t<div class=\"e-con-inner\">\n\t\t\t\t<div class=\"elementor-element elementor-element-6fe1cce elementor-widget elementor-widget-heading\" data-id=\"6fe1cce\" data-element_type=\"widget\" data-widget_type=\"heading.default\">\n\t\t\t\t<div class=\"elementor-widget-container\">\n\t\t\t\t\t<h2 class=\"elementor-heading-title elementor-size-default\">Torre de enfriamiento de circuito abierto<\/h2>\t\t\t\t<\/div>\n\t\t\t\t<\/div>\n\t\t\t\t<div class=\"elementor-element elementor-element-6664173 elementor-widget elementor-widget-heading\" data-id=\"6664173\" data-element_type=\"widget\" data-widget_type=\"heading.default\">\n\t\t\t\t<div class=\"elementor-widget-container\">\n\t\t\t\t\t<h2 class=\"elementor-heading-title elementor-size-default\">Serie Q+<\/h2>\t\t\t\t<\/div>\n\t\t\t\t<\/div>\n\t\t\t\t<div class=\"elementor-element elementor-element-32f24e9 elementor-align-center elementor-widget elementor-widget-button\" data-id=\"32f24e9\" data-element_type=\"widget\" data-widget_type=\"button.default\">\n\t\t\t\t<div class=\"elementor-widget-container\">\n\t\t\t\t\t\t\t\t\t<div class=\"elementor-button-wrapper\">\n\t\t\t\t\t<a class=\"elementor-button elementor-button-link elementor-size-sm\" href=\"https:\/\/www.korper.com.br\/wp-content\/uploads\/2022\/06\/01-Serie-Q-REV3.pdf\">\n\t\t\t\t\t\t<span class=\"elementor-button-content-wrapper\">\n\t\t\t\t\t\t\t\t\t<span class=\"elementor-button-text\">Descargar Catalogo<\/span>\n\t\t\t\t\t<\/span>\n\t\t\t\t\t<\/a>\n\t\t\t\t<\/div>\n\t\t\t\t\t\t\t\t<\/div>\n\t\t\t\t<\/div>\n\t\t\t\t<div class=\"elementor-element elementor-element-d5389d7 elementor-widget elementor-widget-text-editor\" data-id=\"d5389d7\" data-element_type=\"widget\" data-widget_type=\"text-editor.default\">\n\t\t\t\t<div class=\"elementor-widget-container\">\n\t\t\t\t\t\t\t\t\t<p>Indicada para capacidades entre 10 y 500 m\u00b3\/h, la Serie Q+ de torres de enfriamiento garantiza +Desempe\u00f1o, +Eficiencia, +Producci\u00f3n y +Rendimiento para los procesos industriales.<\/p><p>Cuenta con un reservorio de agua en PRFV y una puerta de inspecci\u00f3n para facilitar el mantenimiento y limpieza interna. El sistema de distribuci\u00f3n de agua est\u00e1 compuesto por tubos y boquillas aspersoras autolimpiantes.<\/p><p>Adem\u00e1s, la Serie Q+ cuenta con la Tecnolog\u00eda AP, que hace referencia a proyectos de equipos de Alta Performance, m\u00e1s compactos, con menor consumo de agua y energ\u00eda, sin interferir en su capacidad de enfriamiento, garantizando m\u00e1xima productividad y desempe\u00f1o.<\/p>\t\t\t\t\t\t\t\t<\/div>\n\t\t\t\t<\/div>\n\t\t\t\t\t<\/div>\n\t\t\t\t<\/div>\n\t\t<div class=\"elementor-element elementor-element-0f5068f e-grid e-con-boxed e-con e-parent\" data-id=\"0f5068f\" data-element_type=\"container\" data-settings=\"{&quot;background_background&quot;:&quot;classic&quot;}\">\n\t\t\t\t\t<div class=\"e-con-inner\">\n\t\t\t\t<div class=\"elementor-element elementor-element-d412253 elementor-widget elementor-widget-image\" data-id=\"d412253\" data-element_type=\"widget\" data-widget_type=\"image.default\">\n\t\t\t\t<div class=\"elementor-widget-container\">\n\t\t\t\t\t\t\t\t\t\t\t\t\t\t\t<img fetchpriority=\"high\" decoding=\"async\" width=\"225\" height=\"300\" src=\"https:\/\/korper.com.br\/esp\/wp-content\/uploads\/2024\/12\/produto-serie-q-405cb84a27-225x300-1.jpg\" class=\"attachment-full size-full wp-image-1571\" alt=\"\" \/>\t\t\t\t\t\t\t\t\t\t\t\t\t\t\t<\/div>\n\t\t\t\t<\/div>\n\t\t\t\t<div class=\"elementor-element elementor-element-a041fb9 elementor-widget elementor-widget-image\" data-id=\"a041fb9\" data-element_type=\"widget\" data-widget_type=\"image.default\">\n\t\t\t\t<div class=\"elementor-widget-container\">\n\t\t\t\t\t\t\t\t\t\t\t\t\t\t\t<img decoding=\"async\" width=\"800\" height=\"600\" src=\"https:\/\/korper.com.br\/esp\/wp-content\/uploads\/2024\/12\/produto-serie-q-868bc5a3d0.jpg\" class=\"attachment-full size-full wp-image-1572\" alt=\"\" srcset=\"https:\/\/korper.com.br\/esp\/wp-content\/uploads\/2024\/12\/produto-serie-q-868bc5a3d0.jpg 800w, https:\/\/korper.com.br\/esp\/wp-content\/uploads\/2024\/12\/produto-serie-q-868bc5a3d0-300x225.jpg 300w, https:\/\/korper.com.br\/esp\/wp-content\/uploads\/2024\/12\/produto-serie-q-868bc5a3d0-768x576.jpg 768w\" sizes=\"(max-width: 800px) 100vw, 800px\" \/>\t\t\t\t\t\t\t\t\t\t\t\t\t\t\t<\/div>\n\t\t\t\t<\/div>\n\t\t\t\t<div class=\"elementor-element elementor-element-0e1f16f elementor-widget elementor-widget-image\" data-id=\"0e1f16f\" data-element_type=\"widget\" data-widget_type=\"image.default\">\n\t\t\t\t<div class=\"elementor-widget-container\">\n\t\t\t\t\t\t\t\t\t\t\t\t\t\t\t<img decoding=\"async\" width=\"168\" height=\"300\" src=\"https:\/\/korper.com.br\/esp\/wp-content\/uploads\/2024\/12\/produto-serie-q-e53edf2749-168x300-1.jpg\" class=\"attachment-full size-full wp-image-1573\" alt=\"\" \/>\t\t\t\t\t\t\t\t\t\t\t\t\t\t\t<\/div>\n\t\t\t\t<\/div>\n\t\t\t\t\t<\/div>\n\t\t\t\t<\/div>\n\t\t<div class=\"elementor-element elementor-element-ab43d75 e-flex e-con-boxed e-con e-parent\" data-id=\"ab43d75\" data-element_type=\"container\" data-settings=\"{&quot;background_background&quot;:&quot;classic&quot;}\">\n\t\t\t\t\t<div class=\"e-con-inner\">\n\t\t\t\t<div class=\"elementor-element elementor-element-d16b3e2 elementor-widget elementor-widget-text-editor\" data-id=\"d16b3e2\" data-element_type=\"widget\" data-widget_type=\"text-editor.default\">\n\t\t\t\t<div class=\"elementor-widget-container\">\n\t\t\t\t\t\t\t\t\t<p><strong>Opcionales<\/strong><\/p><ul><li>Accionamiento por inversor de frecuencia.<\/li><li>Escalera con o sin plataforma.<\/li><li>Estructura met\u00e1lica en acero inoxidable.<\/li><li>Reservorio en mamposter\u00eda.<\/li><li>Otros tipos de relleno.<\/li><li>Cuerpo, reservorio y relleno en material autoextinguible.<\/li><\/ul><p><strong>Ventajas<\/strong><\/p><ul><li>Capacidad de enfriamiento de hasta 500 m\u00b3\/h.<\/li><li>Accionamiento directo o por poleas y correas.<\/li><li>Cuerpo y reservorio compactos y autoportantes, construidos de PRFV (pl\u00e1stico reforzado con fibra de vidrio) con protecci\u00f3n UV. AP<\/li><li>Sistema de distribuci\u00f3n de agua fijo con boquillas aspersoras autolimpiantes fabricadas de polipropileno.<\/li><li>Eliminador de gotas de polipropileno.<\/li><li>Relleno tipo rejilla fabricado de polipropileno o tipo pel\u00edcula PVC.<\/li><li>Ventiladores a prueba de salpicaduras.<\/li><li>Estructura met\u00e1lica de acero carbono galvanizado a fuego.<\/li><li>Tuber\u00edas internas de polipropileno o PVC.<\/li><li>Conexiones de entrada y salida mediante tubo flexible.<\/li><li>H\u00e9lices de \u00faltima generaci\u00f3n y alto rendimiento, con palas de polipropileno reforzado con fibra de vidrio y cubo de aluminio. AP<\/li><li>Motor el\u00e9ctrico con rendimiento adecuado a la ley de eficiencia energ\u00e9tica. AP<\/li><li>Excelente rendimiento t\u00e9rmico. AP<\/li><li>Nivel de ruido est\u00e1ndar, reducido y silencioso.<\/li><li>Puerta de inspecci\u00f3n de f\u00e1cil acceso a los componentes para inspecci\u00f3n y mantenimiento.<\/li><li>Fabricaci\u00f3n 100% nacional.<\/li><\/ul><p><strong>Aplicaciones<\/strong><\/p><p>Todo tipo de industria y sistemas de aire acondicionado.<\/p>\t\t\t\t\t\t\t\t<\/div>\n\t\t\t\t<\/div>\n\t\t\t\t\t<\/div>\n\t\t\t\t<\/div>\n\t\t\t\t<\/div>\n\t\t","protected":false},"excerpt":{"rendered":"<p>Torre de enfriamiento de circuito abierto Serie Q+ Descargar Catalogo Indicada para capacidades entre 10 y 500 m\u00b3\/h, la Serie Q+ de torres de enfriamiento garantiza +Desempe\u00f1o, +Eficiencia, +Producci\u00f3n y +Rendimiento para los procesos industriales. Cuenta con un reservorio de agua en PRFV y una puerta de inspecci\u00f3n para facilitar el mantenimiento y limpieza interna. [&hellip;]<\/p>\n","protected":false},"author":1,"featured_media":0,"parent":0,"menu_order":0,"comment_status":"closed","ping_status":"closed","template":"","meta":{"site-sidebar-layout":"no-sidebar","site-content-layout":"page-builder","ast-site-content-layout":"full-width-container","site-content-style":"default","site-sidebar-style":"default","ast-global-header-display":"","ast-banner-title-visibility":"","ast-main-header-display":"","ast-hfb-above-header-display":"","ast-hfb-below-header-display":"","ast-hfb-mobile-header-display":"","site-post-title":"disabled","ast-breadcrumbs-content":"","ast-featured-img":"disabled","footer-sml-layout":"","theme-transparent-header-meta":"","adv-header-id-meta":"","stick-header-meta":"","header-above-stick-meta":"","header-main-stick-meta":"","header-below-stick-meta":"","astra-migrate-meta-layouts":"set","ast-page-background-enabled":"default","ast-page-background-meta":{"desktop":{"background-color":"","background-image":"","background-repeat":"repeat","background-position":"center center","background-size":"auto","background-attachment":"scroll","background-type":"","background-media":"","overlay-type":"","overlay-color":"","overlay-opacity":"","overlay-gradient":""},"tablet":{"background-color":"","background-image":"","background-repeat":"repeat","background-position":"center center","background-size":"auto","background-attachment":"scroll","background-type":"","background-media":"","overlay-type":"","overlay-color":"","overlay-opacity":"","overlay-gradient":""},"mobile":{"background-color":"","background-image":"","background-repeat":"repeat","background-position":"center center","background-size":"auto","background-attachment":"scroll","background-type":"","background-media":"","overlay-type":"","overlay-color":"","overlay-opacity":"","overlay-gradient":""}},"ast-content-background-meta":{"desktop":{"background-color":"var(--ast-global-color-5)","background-image":"","background-repeat":"repeat","background-position":"center center","background-size":"auto","background-attachment":"scroll","background-type":"","background-media":"","overlay-type":"","overlay-color":"","overlay-opacity":"","overlay-gradient":""},"tablet":{"background-color":"var(--ast-global-color-5)","background-image":"","background-repeat":"repeat","background-position":"center center","background-size":"auto","background-attachment":"scroll","background-type":"","background-media":"","overlay-type":"","overlay-color":"","overlay-opacity":"","overlay-gradient":""},"mobile":{"background-color":"var(--ast-global-color-5)","background-image":"","background-repeat":"repeat","background-position":"center center","background-size":"auto","background-attachment":"scroll","background-type":"","background-media":"","overlay-type":"","overlay-color":"","overlay-opacity":"","overlay-gradient":""}},"footnotes":""},"class_list":["post-1569","page","type-page","status-publish","hentry"],"_links":{"self":[{"href":"https:\/\/korper.com.br\/esp\/wp-json\/wp\/v2\/pages\/1569","targetHints":{"allow":["GET"]}}],"collection":[{"href":"https:\/\/korper.com.br\/esp\/wp-json\/wp\/v2\/pages"}],"about":[{"href":"https:\/\/korper.com.br\/esp\/wp-json\/wp\/v2\/types\/page"}],"author":[{"embeddable":true,"href":"https:\/\/korper.com.br\/esp\/wp-json\/wp\/v2\/users\/1"}],"replies":[{"embeddable":true,"href":"https:\/\/korper.com.br\/esp\/wp-json\/wp\/v2\/comments?post=1569"}],"version-history":[{"count":14,"href":"https:\/\/korper.com.br\/esp\/wp-json\/wp\/v2\/pages\/1569\/revisions"}],"predecessor-version":[{"id":2589,"href":"https:\/\/korper.com.br\/esp\/wp-json\/wp\/v2\/pages\/1569\/revisions\/2589"}],"wp:attachment":[{"href":"https:\/\/korper.com.br\/esp\/wp-json\/wp\/v2\/media?parent=1569"}],"curies":[{"name":"wp","href":"https:\/\/api.w.org\/{rel}","templated":true}]}}