{"id":1582,"date":"2024-12-17T19:59:27","date_gmt":"2024-12-17T22:59:27","guid":{"rendered":"http:\/\/korper2024.provisorio.ws\/?page_id=1582"},"modified":"2025-01-25T18:43:49","modified_gmt":"2025-01-25T21:43:49","slug":"torre_de_enfriamiento_de_circuito_abierto_serie-_r","status":"publish","type":"page","link":"https:\/\/korper.com.br\/esp\/torre_de_enfriamiento_de_circuito_abierto_serie-_r\/","title":{"rendered":"Torre de enfriamiento de circuito abierto serie R+"},"content":{"rendered":"\t\t<div data-elementor-type=\"wp-page\" data-elementor-id=\"1582\" class=\"elementor elementor-1582\" data-elementor-post-type=\"page\">\n\t\t\t\t<div class=\"elementor-element elementor-element-7823712 e-flex e-con-boxed e-con e-parent\" data-id=\"7823712\" data-element_type=\"container\" data-settings=\"{&quot;background_background&quot;:&quot;classic&quot;}\">\n\t\t\t\t\t<div class=\"e-con-inner\">\n\t\t\t\t<div class=\"elementor-element elementor-element-6fe1cce elementor-widget elementor-widget-heading\" data-id=\"6fe1cce\" data-element_type=\"widget\" data-widget_type=\"heading.default\">\n\t\t\t\t<div class=\"elementor-widget-container\">\n\t\t\t\t\t<h2 class=\"elementor-heading-title elementor-size-default\">Torre de enfriamiento de circuito abierto<\/h2>\t\t\t\t<\/div>\n\t\t\t\t<\/div>\n\t\t\t\t<div class=\"elementor-element elementor-element-6664173 elementor-widget elementor-widget-heading\" data-id=\"6664173\" data-element_type=\"widget\" data-widget_type=\"heading.default\">\n\t\t\t\t<div class=\"elementor-widget-container\">\n\t\t\t\t\t<h2 class=\"elementor-heading-title elementor-size-default\">Serie R+<\/h2>\t\t\t\t<\/div>\n\t\t\t\t<\/div>\n\t\t\t\t<div class=\"elementor-element elementor-element-32f24e9 elementor-align-center elementor-widget elementor-widget-button\" data-id=\"32f24e9\" data-element_type=\"widget\" data-widget_type=\"button.default\">\n\t\t\t\t<div class=\"elementor-widget-container\">\n\t\t\t\t\t\t\t\t\t<div class=\"elementor-button-wrapper\">\n\t\t\t\t\t<a class=\"elementor-button elementor-button-link elementor-size-sm\" href=\"https:\/\/www.korper.com.br\/wp-content\/uploads\/2022\/06\/02-Serie-R-REV3.pdf\">\n\t\t\t\t\t\t<span class=\"elementor-button-content-wrapper\">\n\t\t\t\t\t\t\t\t\t<span class=\"elementor-button-text\">Descargar Catalogo<\/span>\n\t\t\t\t\t<\/span>\n\t\t\t\t\t<\/a>\n\t\t\t\t<\/div>\n\t\t\t\t\t\t\t\t<\/div>\n\t\t\t\t<\/div>\n\t\t\t\t<div class=\"elementor-element elementor-element-d5389d7 elementor-widget elementor-widget-text-editor\" data-id=\"d5389d7\" data-element_type=\"widget\" data-widget_type=\"text-editor.default\">\n\t\t\t\t<div class=\"elementor-widget-container\">\n\t\t\t\t\t\t\t\t\t<p>En Brasil, la torre de enfriamiento con formato redondo es una caracter\u00edstica destacada de K\u00f6rper, ampliamente aprobada y utilizada en EE. UU., Europa y Asia.<\/p><p>Se destacan por presentar una excelente distribuci\u00f3n del aire, exclusivo distribuidor de agua rotativo y ventiladores a prueba de salpicaduras, factores que contribuyen a un menor consumo de energ\u00eda y un excelente rendimiento t\u00e9rmico.<\/p><p>Adem\u00e1s, la serie R+ de torres de enfriamiento cuenta con la Tecnolog\u00eda AP, que referencia proyectos de equipos de Alta Performance, m\u00e1s compactos, con menor consumo de agua y energ\u00eda, sin interferir en su capacidad de enfriamiento, garantizando la m\u00e1xima productividad y rendimiento.<\/p>\t\t\t\t\t\t\t\t<\/div>\n\t\t\t\t<\/div>\n\t\t\t\t\t<\/div>\n\t\t\t\t<\/div>\n\t\t<div class=\"elementor-element elementor-element-0f5068f e-grid e-con-boxed e-con e-parent\" data-id=\"0f5068f\" data-element_type=\"container\" data-settings=\"{&quot;background_background&quot;:&quot;classic&quot;}\">\n\t\t\t\t\t<div class=\"e-con-inner\">\n\t\t\t\t<div class=\"elementor-element elementor-element-d412253 elementor-widget elementor-widget-image\" data-id=\"d412253\" data-element_type=\"widget\" data-widget_type=\"image.default\">\n\t\t\t\t<div class=\"elementor-widget-container\">\n\t\t\t\t\t\t\t\t\t\t\t\t\t\t\t<img fetchpriority=\"high\" decoding=\"async\" width=\"300\" height=\"225\" src=\"https:\/\/korper.com.br\/esp\/wp-content\/uploads\/2024\/12\/torre-de-resfriamento-serie-r.jpg\" class=\"attachment-full size-full wp-image-1584\" alt=\"\" \/>\t\t\t\t\t\t\t\t\t\t\t\t\t\t\t<\/div>\n\t\t\t\t<\/div>\n\t\t\t\t<div class=\"elementor-element elementor-element-a041fb9 elementor-widget elementor-widget-image\" data-id=\"a041fb9\" data-element_type=\"widget\" data-widget_type=\"image.default\">\n\t\t\t\t<div class=\"elementor-widget-container\">\n\t\t\t\t\t\t\t\t\t\t\t\t\t\t\t<img decoding=\"async\" width=\"300\" height=\"211\" src=\"https:\/\/korper.com.br\/esp\/wp-content\/uploads\/2024\/12\/torre-de-resfriamento-serie-r2.jpg\" class=\"attachment-full size-full wp-image-1585\" alt=\"\" \/>\t\t\t\t\t\t\t\t\t\t\t\t\t\t\t<\/div>\n\t\t\t\t<\/div>\n\t\t\t\t<div class=\"elementor-element elementor-element-0e1f16f elementor-widget elementor-widget-image\" data-id=\"0e1f16f\" data-element_type=\"widget\" data-widget_type=\"image.default\">\n\t\t\t\t<div class=\"elementor-widget-container\">\n\t\t\t\t\t\t\t\t\t\t\t\t\t\t\t<img decoding=\"async\" width=\"300\" height=\"225\" src=\"https:\/\/korper.com.br\/esp\/wp-content\/uploads\/2024\/12\/torre-de-resfriamento-serie-r3.jpg\" class=\"attachment-full size-full wp-image-1586\" alt=\"\" \/>\t\t\t\t\t\t\t\t\t\t\t\t\t\t\t<\/div>\n\t\t\t\t<\/div>\n\t\t\t\t\t<\/div>\n\t\t\t\t<\/div>\n\t\t<div class=\"elementor-element elementor-element-ab43d75 e-flex e-con-boxed e-con e-parent\" data-id=\"ab43d75\" data-element_type=\"container\" data-settings=\"{&quot;background_background&quot;:&quot;classic&quot;}\">\n\t\t\t\t\t<div class=\"e-con-inner\">\n\t\t\t\t<div class=\"elementor-element elementor-element-d16b3e2 elementor-widget elementor-widget-text-editor\" data-id=\"d16b3e2\" data-element_type=\"widget\" data-widget_type=\"text-editor.default\">\n\t\t\t\t<div class=\"elementor-widget-container\">\n\t\t\t\t\t\t\t\t\t<p><strong>Opcionales<\/strong><\/p><p>Accionamiento por inversor de frecuencia.<br \/>Escalera con o sin plataforma.<br \/>Estructura met\u00e1lica en acero inoxidable.<br \/>Reservorio en alba\u00f1iler\u00eda.<br \/>Otros tipos de relleno.<br \/>Cuerpo, reservorio y relleno de material autoextinguible.<\/p><p><strong>Ventajas<\/strong><\/p><p>Capacidad de enfriamiento de hasta 350 m\u00b3\/h.<br \/>Accionamiento directo o por poleas y correas.<br \/>Cuerpo y reservorio compactos y autoportantes, construidos en PRFV (pl\u00e1stico reforzado con fibra de vidrio) con protecci\u00f3n UV. AP<br \/>Distribuidor de agua rotativo.<br \/>Eliminador de gotas de PRFV.<br \/>Relleno tipo rejilla fabricado en polipropileno o tipo pel\u00edcula de PVC.<br \/>Ventiladores a prueba de salpicaduras.<br \/>Estructura met\u00e1lica de acero carbono galvanizado a fuego.<br \/>Tubulaciones internas de polipropileno o PVC.<br \/>Conexiones de entrada y salida a trav\u00e9s de tubo flexible.<br \/>H\u00e9lices de \u00faltima generaci\u00f3n y alto rendimiento, con aspas en polipropileno reforzado con fibra de vidrio y cubo de aluminio. AP<br \/>Motor el\u00e9ctrico con rendimiento adecuado a la ley de eficiencia energ\u00e9tica*. AP<br \/>Excelente rendimiento t\u00e9rmico (perfil aerodin\u00e1mico). AP<br \/>Nivel de ruido est\u00e1ndar, reducido y silencioso.<br \/>Fabricaci\u00f3n 100% nacional.<\/p><p><strong>Aplicaciones<\/strong><\/p><p>Todo tipo de industrias y sistemas de aire acondicionado.<\/p>\t\t\t\t\t\t\t\t<\/div>\n\t\t\t\t<\/div>\n\t\t\t\t\t<\/div>\n\t\t\t\t<\/div>\n\t\t\t\t<\/div>\n\t\t","protected":false},"excerpt":{"rendered":"<p>Torre de enfriamiento de circuito abierto Serie R+ Descargar Catalogo En Brasil, la torre de enfriamiento con formato redondo es una caracter\u00edstica destacada de K\u00f6rper, ampliamente aprobada y utilizada en EE. UU., Europa y Asia. Se destacan por presentar una excelente distribuci\u00f3n del aire, exclusivo distribuidor de agua rotativo y ventiladores a prueba de salpicaduras, [&hellip;]<\/p>\n","protected":false},"author":1,"featured_media":0,"parent":0,"menu_order":0,"comment_status":"closed","ping_status":"closed","template":"","meta":{"site-sidebar-layout":"no-sidebar","site-content-layout":"page-builder","ast-site-content-layout":"full-width-container","site-content-style":"default","site-sidebar-style":"default","ast-global-header-display":"","ast-banner-title-visibility":"","ast-main-header-display":"","ast-hfb-above-header-display":"","ast-hfb-below-header-display":"","ast-hfb-mobile-header-display":"","site-post-title":"disabled","ast-breadcrumbs-content":"","ast-featured-img":"disabled","footer-sml-layout":"","theme-transparent-header-meta":"","adv-header-id-meta":"","stick-header-meta":"","header-above-stick-meta":"","header-main-stick-meta":"","header-below-stick-meta":"","astra-migrate-meta-layouts":"set","ast-page-background-enabled":"default","ast-page-background-meta":{"desktop":{"background-color":"","background-image":"","background-repeat":"repeat","background-position":"center center","background-size":"auto","background-attachment":"scroll","background-type":"","background-media":"","overlay-type":"","overlay-color":"","overlay-opacity":"","overlay-gradient":""},"tablet":{"background-color":"","background-image":"","background-repeat":"repeat","background-position":"center center","background-size":"auto","background-attachment":"scroll","background-type":"","background-media":"","overlay-type":"","overlay-color":"","overlay-opacity":"","overlay-gradient":""},"mobile":{"background-color":"","background-image":"","background-repeat":"repeat","background-position":"center center","background-size":"auto","background-attachment":"scroll","background-type":"","background-media":"","overlay-type":"","overlay-color":"","overlay-opacity":"","overlay-gradient":""}},"ast-content-background-meta":{"desktop":{"background-color":"var(--ast-global-color-5)","background-image":"","background-repeat":"repeat","background-position":"center center","background-size":"auto","background-attachment":"scroll","background-type":"","background-media":"","overlay-type":"","overlay-color":"","overlay-opacity":"","overlay-gradient":""},"tablet":{"background-color":"var(--ast-global-color-5)","background-image":"","background-repeat":"repeat","background-position":"center center","background-size":"auto","background-attachment":"scroll","background-type":"","background-media":"","overlay-type":"","overlay-color":"","overlay-opacity":"","overlay-gradient":""},"mobile":{"background-color":"var(--ast-global-color-5)","background-image":"","background-repeat":"repeat","background-position":"center center","background-size":"auto","background-attachment":"scroll","background-type":"","background-media":"","overlay-type":"","overlay-color":"","overlay-opacity":"","overlay-gradient":""}},"footnotes":""},"class_list":["post-1582","page","type-page","status-publish","hentry"],"_links":{"self":[{"href":"https:\/\/korper.com.br\/esp\/wp-json\/wp\/v2\/pages\/1582","targetHints":{"allow":["GET"]}}],"collection":[{"href":"https:\/\/korper.com.br\/esp\/wp-json\/wp\/v2\/pages"}],"about":[{"href":"https:\/\/korper.com.br\/esp\/wp-json\/wp\/v2\/types\/page"}],"author":[{"embeddable":true,"href":"https:\/\/korper.com.br\/esp\/wp-json\/wp\/v2\/users\/1"}],"replies":[{"embeddable":true,"href":"https:\/\/korper.com.br\/esp\/wp-json\/wp\/v2\/comments?post=1582"}],"version-history":[{"count":11,"href":"https:\/\/korper.com.br\/esp\/wp-json\/wp\/v2\/pages\/1582\/revisions"}],"predecessor-version":[{"id":2593,"href":"https:\/\/korper.com.br\/esp\/wp-json\/wp\/v2\/pages\/1582\/revisions\/2593"}],"wp:attachment":[{"href":"https:\/\/korper.com.br\/esp\/wp-json\/wp\/v2\/media?parent=1582"}],"curies":[{"name":"wp","href":"https:\/\/api.w.org\/{rel}","templated":true}]}}