{"id":1611,"date":"2024-12-18T08:47:01","date_gmt":"2024-12-18T11:47:01","guid":{"rendered":"http:\/\/korper2024.provisorio.ws\/?page_id=1611"},"modified":"2025-01-25T18:54:40","modified_gmt":"2025-01-25T21:54:40","slug":"torre_de_enfriamiento_de_circuito_cerrado_serie_fcq","status":"publish","type":"page","link":"https:\/\/korper.com.br\/esp\/torre_de_enfriamiento_de_circuito_cerrado_serie_fcq\/","title":{"rendered":"Torre de Enfriamiento de Circuito Cerrado Serie FCQ"},"content":{"rendered":"\t\t<div data-elementor-type=\"wp-page\" data-elementor-id=\"1611\" class=\"elementor elementor-1611\" data-elementor-post-type=\"page\">\n\t\t\t\t<div class=\"elementor-element elementor-element-7823712 e-flex e-con-boxed e-con e-parent\" data-id=\"7823712\" data-element_type=\"container\" data-settings=\"{&quot;background_background&quot;:&quot;classic&quot;}\">\n\t\t\t\t\t<div class=\"e-con-inner\">\n\t\t\t\t<div class=\"elementor-element elementor-element-6fe1cce elementor-widget elementor-widget-heading\" data-id=\"6fe1cce\" data-element_type=\"widget\" data-widget_type=\"heading.default\">\n\t\t\t\t<div class=\"elementor-widget-container\">\n\t\t\t\t\t<h2 class=\"elementor-heading-title elementor-size-default\">Torre de Enfriamiento de Circuito Cerrado<\/h2>\t\t\t\t<\/div>\n\t\t\t\t<\/div>\n\t\t\t\t<div class=\"elementor-element elementor-element-6664173 elementor-widget elementor-widget-heading\" data-id=\"6664173\" data-element_type=\"widget\" data-widget_type=\"heading.default\">\n\t\t\t\t<div class=\"elementor-widget-container\">\n\t\t\t\t\t<h2 class=\"elementor-heading-title elementor-size-default\">Serie FCQ<\/h2>\t\t\t\t<\/div>\n\t\t\t\t<\/div>\n\t\t\t\t<div class=\"elementor-element elementor-element-32f24e9 elementor-align-center elementor-widget elementor-widget-button\" data-id=\"32f24e9\" data-element_type=\"widget\" data-widget_type=\"button.default\">\n\t\t\t\t<div class=\"elementor-widget-container\">\n\t\t\t\t\t\t\t\t\t<div class=\"elementor-button-wrapper\">\n\t\t\t\t\t<a class=\"elementor-button elementor-button-link elementor-size-sm\" href=\"https:\/\/www.korper.com.br\/wp-content\/uploads\/2022\/06\/01-Serie-FCQ-REV6.pdf\">\n\t\t\t\t\t\t<span class=\"elementor-button-content-wrapper\">\n\t\t\t\t\t\t\t\t\t<span class=\"elementor-button-text\">Descargar Catalogo<\/span>\n\t\t\t\t\t<\/span>\n\t\t\t\t\t<\/a>\n\t\t\t\t<\/div>\n\t\t\t\t\t\t\t\t<\/div>\n\t\t\t\t<\/div>\n\t\t\t\t<div class=\"elementor-element elementor-element-d5389d7 elementor-widget elementor-widget-text-editor\" data-id=\"d5389d7\" data-element_type=\"widget\" data-widget_type=\"text-editor.default\">\n\t\t\t\t<div class=\"elementor-widget-container\">\n\t\t\t\t\t\t\t\t\t<div class=\"uagb-section__overlay\"><p>La <strong>serie FCQ<\/strong> ofrece enfriadores en formato cuadrado, listos para operar con cualquier tipo de agua, proveniente de pozo, lluvia, r\u00edo o reutilizaci\u00f3n, sin comprometer el sistema de distribuci\u00f3n.<\/p><p>Adem\u00e1s, cuenta con la <strong>Tecnolog\u00eda AP<\/strong>, que hace referencia a proyectos de equipos de <strong>Alta Performance<\/strong>, m\u00e1s compactos, con menor consumo de agua y energ\u00eda, sin ninguna interferencia en su capacidad de enfriamiento, garantizando m\u00e1xima productividad y rendimiento.<\/p><\/div>\t\t\t\t\t\t\t\t<\/div>\n\t\t\t\t<\/div>\n\t\t\t\t\t<\/div>\n\t\t\t\t<\/div>\n\t\t<div class=\"elementor-element elementor-element-0f5068f e-grid e-con-boxed e-con e-parent\" data-id=\"0f5068f\" data-element_type=\"container\" data-settings=\"{&quot;background_background&quot;:&quot;classic&quot;}\">\n\t\t\t\t\t<div class=\"e-con-inner\">\n\t\t\t\t<div class=\"elementor-element elementor-element-d412253 elementor-widget elementor-widget-image\" data-id=\"d412253\" data-element_type=\"widget\" data-widget_type=\"image.default\">\n\t\t\t\t<div class=\"elementor-widget-container\">\n\t\t\t\t\t\t\t\t\t\t\t\t\t\t\t<img fetchpriority=\"high\" decoding=\"async\" width=\"800\" height=\"449\" src=\"https:\/\/korper.com.br\/esp\/wp-content\/uploads\/2024\/12\/Torre-de-resfriamento-FCQ-ap01.jpg\" class=\"attachment-full size-full wp-image-1613\" alt=\"\" srcset=\"https:\/\/korper.com.br\/esp\/wp-content\/uploads\/2024\/12\/Torre-de-resfriamento-FCQ-ap01.jpg 800w, https:\/\/korper.com.br\/esp\/wp-content\/uploads\/2024\/12\/Torre-de-resfriamento-FCQ-ap01-300x168.jpg 300w, https:\/\/korper.com.br\/esp\/wp-content\/uploads\/2024\/12\/Torre-de-resfriamento-FCQ-ap01-768x431.jpg 768w\" sizes=\"(max-width: 800px) 100vw, 800px\" \/>\t\t\t\t\t\t\t\t\t\t\t\t\t\t\t<\/div>\n\t\t\t\t<\/div>\n\t\t\t\t<div class=\"elementor-element elementor-element-a041fb9 elementor-widget elementor-widget-image\" data-id=\"a041fb9\" data-element_type=\"widget\" data-widget_type=\"image.default\">\n\t\t\t\t<div class=\"elementor-widget-container\">\n\t\t\t\t\t\t\t\t\t\t\t\t\t\t\t<img decoding=\"async\" width=\"800\" height=\"533\" src=\"https:\/\/korper.com.br\/esp\/wp-content\/uploads\/2024\/12\/Torre-de-resfriamento-FCQ-ap02.jpg\" class=\"attachment-full size-full wp-image-1614\" alt=\"\" srcset=\"https:\/\/korper.com.br\/esp\/wp-content\/uploads\/2024\/12\/Torre-de-resfriamento-FCQ-ap02.jpg 800w, https:\/\/korper.com.br\/esp\/wp-content\/uploads\/2024\/12\/Torre-de-resfriamento-FCQ-ap02-300x200.jpg 300w, https:\/\/korper.com.br\/esp\/wp-content\/uploads\/2024\/12\/Torre-de-resfriamento-FCQ-ap02-768x512.jpg 768w\" sizes=\"(max-width: 800px) 100vw, 800px\" \/>\t\t\t\t\t\t\t\t\t\t\t\t\t\t\t<\/div>\n\t\t\t\t<\/div>\n\t\t\t\t<div class=\"elementor-element elementor-element-0e1f16f elementor-widget elementor-widget-image\" data-id=\"0e1f16f\" data-element_type=\"widget\" data-widget_type=\"image.default\">\n\t\t\t\t<div class=\"elementor-widget-container\">\n\t\t\t\t\t\t\t\t\t\t\t\t\t\t\t<img decoding=\"async\" width=\"800\" height=\"450\" src=\"https:\/\/korper.com.br\/esp\/wp-content\/uploads\/2024\/12\/Torre-de-resfriamento-FCQ-ap03.jpg\" class=\"attachment-full size-full wp-image-1615\" alt=\"\" srcset=\"https:\/\/korper.com.br\/esp\/wp-content\/uploads\/2024\/12\/Torre-de-resfriamento-FCQ-ap03.jpg 800w, https:\/\/korper.com.br\/esp\/wp-content\/uploads\/2024\/12\/Torre-de-resfriamento-FCQ-ap03-300x169.jpg 300w, https:\/\/korper.com.br\/esp\/wp-content\/uploads\/2024\/12\/Torre-de-resfriamento-FCQ-ap03-768x432.jpg 768w\" sizes=\"(max-width: 800px) 100vw, 800px\" \/>\t\t\t\t\t\t\t\t\t\t\t\t\t\t\t<\/div>\n\t\t\t\t<\/div>\n\t\t\t\t\t<\/div>\n\t\t\t\t<\/div>\n\t\t<div class=\"elementor-element elementor-element-ab43d75 e-flex e-con-boxed e-con e-parent\" data-id=\"ab43d75\" data-element_type=\"container\" data-settings=\"{&quot;background_background&quot;:&quot;classic&quot;}\">\n\t\t\t\t\t<div class=\"e-con-inner\">\n\t\t\t\t<div class=\"elementor-element elementor-element-d16b3e2 elementor-widget elementor-widget-text-editor\" data-id=\"d16b3e2\" data-element_type=\"widget\" data-widget_type=\"text-editor.default\">\n\t\t\t\t<div class=\"elementor-widget-container\">\n\t\t\t\t\t\t\t\t\t<p><strong>Opcionales<\/strong><\/p><ul><li>Accionamiento por inversor de frecuencia.<\/li><li>Escalera con o sin plataforma.<\/li><li>Estructura met\u00e1lica en acero inoxidable.<\/li><li>Cuerpo, reservatorio y relleno en material autoextinguible.<\/li><\/ul><p><strong>Ventajas<\/strong><\/p><ul><li>Capacidad de enfriamiento de hasta 500 m\u00b3\/h.<\/li><li>Presi\u00f3n de trabajo hasta 7,5 bar (presiones mayores bajo consulta).<\/li><li>Serpentinas fabricadas con acero inoxidable o acero carbono galvanizado a fuego o cobre.<\/li><li>Accionamiento directo o por poleas y correas.<\/li><li>Cuerpo y reservatorio compactos y autoportantes, construidos en PRFV (pl\u00e1stico reforzado con fibra de vidrio) con protecci\u00f3n UV. <strong>AP<\/strong><\/li><li>Sistema de distribuci\u00f3n de agua fija con boquillas aspersoras autolimpiantes, fabricadas en polipropileno.<\/li><li>Eliminador de gotas de polipropileno.<\/li><li>Ventanas a prueba de salpicaduras.<\/li><li>Estructura met\u00e1lica de acero carbono galvanizado a fuego.<\/li><li>Tuber\u00edas internas de polipropileno o PVC.<\/li><li>Conexiones de entrada y salida a trav\u00e9s de bridas o conexiones roscadas.<\/li><li>H\u00e9lices de \u00faltima generaci\u00f3n y alto rendimiento, con palas de polipropileno reforzadas con fibra de vidrio y cubo de aluminio. <strong>AP<\/strong><\/li><li>Motor el\u00e9ctrico con rendimiento adecuado a la ley de eficiencia energ\u00e9tica. <strong>AP<\/strong><\/li><li>Excelente rendimiento t\u00e9rmico. <strong>AP<\/strong><\/li><li>Nivel de ruido est\u00e1ndar y reducido.<\/li><li>Puerta de inspecci\u00f3n de f\u00e1cil acceso a los componentes para inspecci\u00f3n y mantenimiento.<\/li><li>Fabricaci\u00f3n 100% nacional.<\/li><\/ul><p><strong>Aplicaciones<\/strong><\/p><ul><li>Enfriamiento sin contaminaci\u00f3n.<\/li><li>Todos los tipos de industria y sistemas de aire acondicionado o aplicaciones donde no pueda haber contaminaci\u00f3n del fluido a enfriar.<\/li><\/ul>\t\t\t\t\t\t\t\t<\/div>\n\t\t\t\t<\/div>\n\t\t\t\t\t<\/div>\n\t\t\t\t<\/div>\n\t\t\t\t<\/div>\n\t\t","protected":false},"excerpt":{"rendered":"<p>Torre de Enfriamiento de Circuito Cerrado Serie FCQ Descargar Catalogo La serie FCQ ofrece enfriadores en formato cuadrado, listos para operar con cualquier tipo de agua, proveniente de pozo, lluvia, r\u00edo o reutilizaci\u00f3n, sin comprometer el sistema de distribuci\u00f3n. Adem\u00e1s, cuenta con la Tecnolog\u00eda AP, que hace referencia a proyectos de equipos de Alta Performance, [&hellip;]<\/p>\n","protected":false},"author":1,"featured_media":0,"parent":0,"menu_order":0,"comment_status":"closed","ping_status":"closed","template":"","meta":{"site-sidebar-layout":"no-sidebar","site-content-layout":"page-builder","ast-site-content-layout":"full-width-container","site-content-style":"default","site-sidebar-style":"default","ast-global-header-display":"","ast-banner-title-visibility":"","ast-main-header-display":"","ast-hfb-above-header-display":"","ast-hfb-below-header-display":"","ast-hfb-mobile-header-display":"","site-post-title":"disabled","ast-breadcrumbs-content":"","ast-featured-img":"disabled","footer-sml-layout":"","theme-transparent-header-meta":"","adv-header-id-meta":"","stick-header-meta":"","header-above-stick-meta":"","header-main-stick-meta":"","header-below-stick-meta":"","astra-migrate-meta-layouts":"set","ast-page-background-enabled":"default","ast-page-background-meta":{"desktop":{"background-color":"","background-image":"","background-repeat":"repeat","background-position":"center center","background-size":"auto","background-attachment":"scroll","background-type":"","background-media":"","overlay-type":"","overlay-color":"","overlay-opacity":"","overlay-gradient":""},"tablet":{"background-color":"","background-image":"","background-repeat":"repeat","background-position":"center center","background-size":"auto","background-attachment":"scroll","background-type":"","background-media":"","overlay-type":"","overlay-color":"","overlay-opacity":"","overlay-gradient":""},"mobile":{"background-color":"","background-image":"","background-repeat":"repeat","background-position":"center center","background-size":"auto","background-attachment":"scroll","background-type":"","background-media":"","overlay-type":"","overlay-color":"","overlay-opacity":"","overlay-gradient":""}},"ast-content-background-meta":{"desktop":{"background-color":"var(--ast-global-color-5)","background-image":"","background-repeat":"repeat","background-position":"center center","background-size":"auto","background-attachment":"scroll","background-type":"","background-media":"","overlay-type":"","overlay-color":"","overlay-opacity":"","overlay-gradient":""},"tablet":{"background-color":"var(--ast-global-color-5)","background-image":"","background-repeat":"repeat","background-position":"center center","background-size":"auto","background-attachment":"scroll","background-type":"","background-media":"","overlay-type":"","overlay-color":"","overlay-opacity":"","overlay-gradient":""},"mobile":{"background-color":"var(--ast-global-color-5)","background-image":"","background-repeat":"repeat","background-position":"center center","background-size":"auto","background-attachment":"scroll","background-type":"","background-media":"","overlay-type":"","overlay-color":"","overlay-opacity":"","overlay-gradient":""}},"footnotes":""},"class_list":["post-1611","page","type-page","status-publish","hentry"],"_links":{"self":[{"href":"https:\/\/korper.com.br\/esp\/wp-json\/wp\/v2\/pages\/1611","targetHints":{"allow":["GET"]}}],"collection":[{"href":"https:\/\/korper.com.br\/esp\/wp-json\/wp\/v2\/pages"}],"about":[{"href":"https:\/\/korper.com.br\/esp\/wp-json\/wp\/v2\/types\/page"}],"author":[{"embeddable":true,"href":"https:\/\/korper.com.br\/esp\/wp-json\/wp\/v2\/users\/1"}],"replies":[{"embeddable":true,"href":"https:\/\/korper.com.br\/esp\/wp-json\/wp\/v2\/comments?post=1611"}],"version-history":[{"count":11,"href":"https:\/\/korper.com.br\/esp\/wp-json\/wp\/v2\/pages\/1611\/revisions"}],"predecessor-version":[{"id":2601,"href":"https:\/\/korper.com.br\/esp\/wp-json\/wp\/v2\/pages\/1611\/revisions\/2601"}],"wp:attachment":[{"href":"https:\/\/korper.com.br\/esp\/wp-json\/wp\/v2\/media?parent=1611"}],"curies":[{"name":"wp","href":"https:\/\/api.w.org\/{rel}","templated":true}]}}