{"id":1619,"date":"2024-12-18T08:52:09","date_gmt":"2024-12-18T11:52:09","guid":{"rendered":"http:\/\/korper2024.provisorio.ws\/?page_id=1619"},"modified":"2025-01-25T18:58:50","modified_gmt":"2025-01-25T21:58:50","slug":"torre_de_enfriamiento_de_circuito_cerrado_serie_fcr","status":"publish","type":"page","link":"https:\/\/korper.com.br\/esp\/torre_de_enfriamiento_de_circuito_cerrado_serie_fcr\/","title":{"rendered":"Torre de Enfriamiento de Circuito Cerrado Serie FCR+"},"content":{"rendered":"\t\t<div data-elementor-type=\"wp-page\" data-elementor-id=\"1619\" class=\"elementor elementor-1619\" data-elementor-post-type=\"page\">\n\t\t\t\t<div class=\"elementor-element elementor-element-7823712 e-flex e-con-boxed e-con e-parent\" data-id=\"7823712\" data-element_type=\"container\" data-settings=\"{&quot;background_background&quot;:&quot;classic&quot;}\">\n\t\t\t\t\t<div class=\"e-con-inner\">\n\t\t\t\t<div class=\"elementor-element elementor-element-6fe1cce elementor-widget elementor-widget-heading\" data-id=\"6fe1cce\" data-element_type=\"widget\" data-widget_type=\"heading.default\">\n\t\t\t\t<div class=\"elementor-widget-container\">\n\t\t\t\t\t<h2 class=\"elementor-heading-title elementor-size-default\">Torre de Enfriamiento de Circuito Cerrado<\/h2>\t\t\t\t<\/div>\n\t\t\t\t<\/div>\n\t\t\t\t<div class=\"elementor-element elementor-element-6664173 elementor-widget elementor-widget-heading\" data-id=\"6664173\" data-element_type=\"widget\" data-widget_type=\"heading.default\">\n\t\t\t\t<div class=\"elementor-widget-container\">\n\t\t\t\t\t<h2 class=\"elementor-heading-title elementor-size-default\">Serie FCR+<\/h2>\t\t\t\t<\/div>\n\t\t\t\t<\/div>\n\t\t\t\t<div class=\"elementor-element elementor-element-32f24e9 elementor-align-center elementor-widget elementor-widget-button\" data-id=\"32f24e9\" data-element_type=\"widget\" data-widget_type=\"button.default\">\n\t\t\t\t<div class=\"elementor-widget-container\">\n\t\t\t\t\t\t\t\t\t<div class=\"elementor-button-wrapper\">\n\t\t\t\t\t<a class=\"elementor-button elementor-button-link elementor-size-sm\" href=\"https:\/\/www.korper.com.br\/wp-content\/uploads\/2022\/06\/02-Serie-FCRREV06.pdf\">\n\t\t\t\t\t\t<span class=\"elementor-button-content-wrapper\">\n\t\t\t\t\t\t\t\t\t<span class=\"elementor-button-text\">Descargar Catalogo<\/span>\n\t\t\t\t\t<\/span>\n\t\t\t\t\t<\/a>\n\t\t\t\t<\/div>\n\t\t\t\t\t\t\t\t<\/div>\n\t\t\t\t<\/div>\n\t\t\t\t<div class=\"elementor-element elementor-element-d5389d7 elementor-widget elementor-widget-text-editor\" data-id=\"d5389d7\" data-element_type=\"widget\" data-widget_type=\"text-editor.default\">\n\t\t\t\t<div class=\"elementor-widget-container\">\n\t\t\t\t\t\t\t\t\t<div class=\"uagb-section__overlay\">El <strong>Enfriador de circuito cerrado<\/strong>, modelo <strong>FCR+<\/strong>, proporciona una mayor reducci\u00f3n en el consumo de agua y productos qu\u00edmicos para tratamientos, as\u00ed como un menor descarte de agua al medio ambiente. Con un sistema de distribuci\u00f3n de agua fijo con boquillas aspersoras resistentes a obstrucciones, fabricadas en polipropileno. Cuenta con un excelente rendimiento t\u00e9rmico (perfil aerodin\u00e1mico) y bajo consumo de energ\u00eda (el m\u00e1s bajo del mercado).<\/div>\t\t\t\t\t\t\t\t<\/div>\n\t\t\t\t<\/div>\n\t\t\t\t\t<\/div>\n\t\t\t\t<\/div>\n\t\t<div class=\"elementor-element elementor-element-0f5068f e-grid e-con-boxed e-con e-parent\" data-id=\"0f5068f\" data-element_type=\"container\" data-settings=\"{&quot;background_background&quot;:&quot;classic&quot;}\">\n\t\t\t\t\t<div class=\"e-con-inner\">\n\t\t\t\t<div class=\"elementor-element elementor-element-d412253 elementor-widget elementor-widget-image\" data-id=\"d412253\" data-element_type=\"widget\" data-widget_type=\"image.default\">\n\t\t\t\t<div class=\"elementor-widget-container\">\n\t\t\t\t\t\t\t\t\t\t\t\t\t\t\t<img fetchpriority=\"high\" decoding=\"async\" width=\"285\" height=\"213\" src=\"https:\/\/korper.com.br\/esp\/wp-content\/uploads\/2024\/12\/Torre-de-resfriamento-FCR-aplic-01.jpg\" class=\"attachment-1536x1536 size-1536x1536 wp-image-1621\" alt=\"\" \/>\t\t\t\t\t\t\t\t\t\t\t\t\t\t\t<\/div>\n\t\t\t\t<\/div>\n\t\t\t\t<div class=\"elementor-element elementor-element-a041fb9 elementor-widget elementor-widget-image\" data-id=\"a041fb9\" data-element_type=\"widget\" data-widget_type=\"image.default\">\n\t\t\t\t<div class=\"elementor-widget-container\">\n\t\t\t\t\t\t\t\t\t\t\t\t\t\t\t<img decoding=\"async\" width=\"800\" height=\"600\" src=\"https:\/\/korper.com.br\/esp\/wp-content\/uploads\/2024\/12\/Torre-de-resfriamento-FCR-aplic-02.jpg\" class=\"attachment-full size-full wp-image-1622\" alt=\"\" srcset=\"https:\/\/korper.com.br\/esp\/wp-content\/uploads\/2024\/12\/Torre-de-resfriamento-FCR-aplic-02.jpg 800w, https:\/\/korper.com.br\/esp\/wp-content\/uploads\/2024\/12\/Torre-de-resfriamento-FCR-aplic-02-300x225.jpg 300w, https:\/\/korper.com.br\/esp\/wp-content\/uploads\/2024\/12\/Torre-de-resfriamento-FCR-aplic-02-768x576.jpg 768w\" sizes=\"(max-width: 800px) 100vw, 800px\" \/>\t\t\t\t\t\t\t\t\t\t\t\t\t\t\t<\/div>\n\t\t\t\t<\/div>\n\t\t\t\t\t<\/div>\n\t\t\t\t<\/div>\n\t\t<div class=\"elementor-element elementor-element-ab43d75 e-flex e-con-boxed e-con e-parent\" data-id=\"ab43d75\" data-element_type=\"container\" data-settings=\"{&quot;background_background&quot;:&quot;classic&quot;}\">\n\t\t\t\t\t<div class=\"e-con-inner\">\n\t\t\t\t<div class=\"elementor-element elementor-element-d16b3e2 elementor-widget elementor-widget-text-editor\" data-id=\"d16b3e2\" data-element_type=\"widget\" data-widget_type=\"text-editor.default\">\n\t\t\t\t<div class=\"elementor-widget-container\">\n\t\t\t\t\t\t\t\t\t<p><strong>Opcionales<\/strong><\/p><ul><li>Accionamiento por inversor de frecuencia.<\/li><li>Escalera con o sin plataforma.<\/li><li>Estructura met\u00e1lica en acero inoxidable.<\/li><li>Cuerpo, reservorio y relleno en material autoextinguible.<\/li><\/ul><p><strong>Aplicaciones<\/strong><\/p><ul><li>Enfriamiento sin contaminaci\u00f3n.<\/li><li>Todos los tipos de industria y sistemas de aire acondicionado o aplicaciones donde no pueda haber contaminaci\u00f3n del fluido a ser enfriado.<\/li><\/ul>\t\t\t\t\t\t\t\t<\/div>\n\t\t\t\t<\/div>\n\t\t\t\t\t<\/div>\n\t\t\t\t<\/div>\n\t\t\t\t<\/div>\n\t\t","protected":false},"excerpt":{"rendered":"<p>Torre de Enfriamiento de Circuito Cerrado Serie FCR+ Descargar Catalogo El Enfriador de circuito cerrado, modelo FCR+, proporciona una mayor reducci\u00f3n en el consumo de agua y productos qu\u00edmicos para tratamientos, as\u00ed como un menor descarte de agua al medio ambiente. Con un sistema de distribuci\u00f3n de agua fijo con boquillas aspersoras resistentes a obstrucciones, [&hellip;]<\/p>\n","protected":false},"author":1,"featured_media":0,"parent":0,"menu_order":0,"comment_status":"closed","ping_status":"closed","template":"","meta":{"site-sidebar-layout":"no-sidebar","site-content-layout":"page-builder","ast-site-content-layout":"full-width-container","site-content-style":"default","site-sidebar-style":"default","ast-global-header-display":"","ast-banner-title-visibility":"","ast-main-header-display":"","ast-hfb-above-header-display":"","ast-hfb-below-header-display":"","ast-hfb-mobile-header-display":"","site-post-title":"disabled","ast-breadcrumbs-content":"","ast-featured-img":"disabled","footer-sml-layout":"","theme-transparent-header-meta":"","adv-header-id-meta":"","stick-header-meta":"","header-above-stick-meta":"","header-main-stick-meta":"","header-below-stick-meta":"","astra-migrate-meta-layouts":"set","ast-page-background-enabled":"default","ast-page-background-meta":{"desktop":{"background-color":"","background-image":"","background-repeat":"repeat","background-position":"center center","background-size":"auto","background-attachment":"scroll","background-type":"","background-media":"","overlay-type":"","overlay-color":"","overlay-opacity":"","overlay-gradient":""},"tablet":{"background-color":"","background-image":"","background-repeat":"repeat","background-position":"center center","background-size":"auto","background-attachment":"scroll","background-type":"","background-media":"","overlay-type":"","overlay-color":"","overlay-opacity":"","overlay-gradient":""},"mobile":{"background-color":"","background-image":"","background-repeat":"repeat","background-position":"center center","background-size":"auto","background-attachment":"scroll","background-type":"","background-media":"","overlay-type":"","overlay-color":"","overlay-opacity":"","overlay-gradient":""}},"ast-content-background-meta":{"desktop":{"background-color":"var(--ast-global-color-5)","background-image":"","background-repeat":"repeat","background-position":"center center","background-size":"auto","background-attachment":"scroll","background-type":"","background-media":"","overlay-type":"","overlay-color":"","overlay-opacity":"","overlay-gradient":""},"tablet":{"background-color":"var(--ast-global-color-5)","background-image":"","background-repeat":"repeat","background-position":"center center","background-size":"auto","background-attachment":"scroll","background-type":"","background-media":"","overlay-type":"","overlay-color":"","overlay-opacity":"","overlay-gradient":""},"mobile":{"background-color":"var(--ast-global-color-5)","background-image":"","background-repeat":"repeat","background-position":"center center","background-size":"auto","background-attachment":"scroll","background-type":"","background-media":"","overlay-type":"","overlay-color":"","overlay-opacity":"","overlay-gradient":""}},"footnotes":""},"class_list":["post-1619","page","type-page","status-publish","hentry"],"_links":{"self":[{"href":"https:\/\/korper.com.br\/esp\/wp-json\/wp\/v2\/pages\/1619","targetHints":{"allow":["GET"]}}],"collection":[{"href":"https:\/\/korper.com.br\/esp\/wp-json\/wp\/v2\/pages"}],"about":[{"href":"https:\/\/korper.com.br\/esp\/wp-json\/wp\/v2\/types\/page"}],"author":[{"embeddable":true,"href":"https:\/\/korper.com.br\/esp\/wp-json\/wp\/v2\/users\/1"}],"replies":[{"embeddable":true,"href":"https:\/\/korper.com.br\/esp\/wp-json\/wp\/v2\/comments?post=1619"}],"version-history":[{"count":8,"href":"https:\/\/korper.com.br\/esp\/wp-json\/wp\/v2\/pages\/1619\/revisions"}],"predecessor-version":[{"id":2605,"href":"https:\/\/korper.com.br\/esp\/wp-json\/wp\/v2\/pages\/1619\/revisions\/2605"}],"wp:attachment":[{"href":"https:\/\/korper.com.br\/esp\/wp-json\/wp\/v2\/media?parent=1619"}],"curies":[{"name":"wp","href":"https:\/\/api.w.org\/{rel}","templated":true}]}}