{"id":1638,"date":"2024-12-18T09:05:39","date_gmt":"2024-12-18T12:05:39","guid":{"rendered":"http:\/\/korper2024.provisorio.ws\/?page_id=1638"},"modified":"2025-01-25T18:50:04","modified_gmt":"2025-01-25T21:50:04","slug":"torre_de_enfriamiento_de_circuito_cerrado_serie_fch","status":"publish","type":"page","link":"https:\/\/korper.com.br\/esp\/torre_de_enfriamiento_de_circuito_cerrado_serie_fch\/","title":{"rendered":"Torre de Enfriamiento de Circuito Cerrado Serie FCH+"},"content":{"rendered":"\t\t<div data-elementor-type=\"wp-page\" data-elementor-id=\"1638\" class=\"elementor elementor-1638\" data-elementor-post-type=\"page\">\n\t\t\t\t<div class=\"elementor-element elementor-element-7823712 e-flex e-con-boxed e-con e-parent\" data-id=\"7823712\" data-element_type=\"container\" data-settings=\"{&quot;background_background&quot;:&quot;classic&quot;}\">\n\t\t\t\t\t<div class=\"e-con-inner\">\n\t\t\t\t<div class=\"elementor-element elementor-element-6fe1cce elementor-widget elementor-widget-heading\" data-id=\"6fe1cce\" data-element_type=\"widget\" data-widget_type=\"heading.default\">\n\t\t\t\t<div class=\"elementor-widget-container\">\n\t\t\t\t\t<h2 class=\"elementor-heading-title elementor-size-default\">Torre de Enfriamiento de Circuito Cerrado<\/h2>\t\t\t\t<\/div>\n\t\t\t\t<\/div>\n\t\t\t\t<div class=\"elementor-element elementor-element-6664173 elementor-widget elementor-widget-heading\" data-id=\"6664173\" data-element_type=\"widget\" data-widget_type=\"heading.default\">\n\t\t\t\t<div class=\"elementor-widget-container\">\n\t\t\t\t\t<h2 class=\"elementor-heading-title elementor-size-default\">Serie FCH+<\/h2>\t\t\t\t<\/div>\n\t\t\t\t<\/div>\n\t\t\t\t<div class=\"elementor-element elementor-element-32f24e9 elementor-align-center elementor-widget elementor-widget-button\" data-id=\"32f24e9\" data-element_type=\"widget\" data-widget_type=\"button.default\">\n\t\t\t\t<div class=\"elementor-widget-container\">\n\t\t\t\t\t\t\t\t\t<div class=\"elementor-button-wrapper\">\n\t\t\t\t\t<a class=\"elementor-button elementor-button-link elementor-size-sm\" href=\"https:\/\/www.korper.com.br\/wp-content\/uploads\/2022\/11\/03-Serie-FCH-REV4.pdf\">\n\t\t\t\t\t\t<span class=\"elementor-button-content-wrapper\">\n\t\t\t\t\t\t\t\t\t<span class=\"elementor-button-text\">Descargar Catalogo<\/span>\n\t\t\t\t\t<\/span>\n\t\t\t\t\t<\/a>\n\t\t\t\t<\/div>\n\t\t\t\t\t\t\t\t<\/div>\n\t\t\t\t<\/div>\n\t\t\t\t<div class=\"elementor-element elementor-element-d5389d7 elementor-widget elementor-widget-text-editor\" data-id=\"d5389d7\" data-element_type=\"widget\" data-widget_type=\"text-editor.default\">\n\t\t\t\t<div class=\"elementor-widget-container\">\n\t\t\t\t\t\t\t\t\t<div class=\"uagb-section__overlay\"><p>Muchos empresas ya est\u00e1n utilizando el enfriador de circuito cerrado serie FCH+ de K\u00f6rper, y las respuestas positivas sobre su eficiencia y funcionalidad son recurrentes.<\/p><p>Sin embargo, siempre atenta a las necesidades del mercado y preocupada por la mejora continua de sus proyectos, K\u00f6rper ha realizado m\u00e1s mejoras en esta serie de equipos, que ahora se denomina FCH+.<\/p><p>En el dise\u00f1o del FCH+, las dimensiones de los m\u00f3dulos fueron reducidas para facilitar su transporte, que ahora se puede realizar con camiones regulares, sin necesidad de licencias especiales o escoltas.<\/p><p>El equipo ahora se entrega completamente montado (plug and play), lo que reduce el tiempo de inicio y elimina los costos de montaje.<\/p><p>Los ventiladores de alto rendimiento cumplen con los valores establecidos en la Ordenanza 553 de la ley de eficiencia energ\u00e9tica 10.295, vigente desde enero de 2010.<\/p><p>El revestimiento del FCH+ puede ser fabricado en acero inoxidable o chapa galvanizada pintada, lo que garantiza su estabilidad y resistencia a las inclemencias del tiempo. El reservorio de fibra de vidrio es a prueba de fugas y libre de mantenimiento. En la construcci\u00f3n de la serpentina, se mantiene el alto est\u00e1ndar de calidad de K\u00f6rper, utilizando siempre acero inoxidable, un material con alta resistencia mec\u00e1nica y qu\u00edmica.<\/p><p>Adem\u00e1s, el equipo cuenta con todas las protecciones exigidas por la NR12.<\/p><p>Si su empresa est\u00e1 buscando un sistema de circuito cerrado, no deje de obtener m\u00e1s informaci\u00f3n sobre el FCH+ K\u00d6RPER, la alternativa m\u00e1s moderna y eficiente disponible para su proceso.<\/p><\/div>\t\t\t\t\t\t\t\t<\/div>\n\t\t\t\t<\/div>\n\t\t\t\t\t<\/div>\n\t\t\t\t<\/div>\n\t\t<div class=\"elementor-element elementor-element-0f5068f e-grid e-con-boxed e-con e-parent\" data-id=\"0f5068f\" data-element_type=\"container\" data-settings=\"{&quot;background_background&quot;:&quot;classic&quot;}\">\n\t\t\t\t\t<div class=\"e-con-inner\">\n\t\t\t\t<div class=\"elementor-element elementor-element-d412253 elementor-widget elementor-widget-image\" data-id=\"d412253\" data-element_type=\"widget\" data-widget_type=\"image.default\">\n\t\t\t\t<div class=\"elementor-widget-container\">\n\t\t\t\t\t\t\t\t\t\t\t\t\t\t\t<img fetchpriority=\"high\" decoding=\"async\" width=\"448\" height=\"299\" src=\"https:\/\/korper.com.br\/esp\/wp-content\/uploads\/2024\/12\/Torre-de-resfriamento-FCH-aplic-01.jpg\" class=\"attachment-full size-full wp-image-1640\" alt=\"\" srcset=\"https:\/\/korper.com.br\/esp\/wp-content\/uploads\/2024\/12\/Torre-de-resfriamento-FCH-aplic-01.jpg 448w, https:\/\/korper.com.br\/esp\/wp-content\/uploads\/2024\/12\/Torre-de-resfriamento-FCH-aplic-01-300x200.jpg 300w\" sizes=\"(max-width: 448px) 100vw, 448px\" \/>\t\t\t\t\t\t\t\t\t\t\t\t\t\t\t<\/div>\n\t\t\t\t<\/div>\n\t\t\t\t<div class=\"elementor-element elementor-element-a041fb9 elementor-widget elementor-widget-image\" data-id=\"a041fb9\" data-element_type=\"widget\" data-widget_type=\"image.default\">\n\t\t\t\t<div class=\"elementor-widget-container\">\n\t\t\t\t\t\t\t\t\t\t\t\t\t\t\t<img decoding=\"async\" width=\"300\" height=\"200\" src=\"https:\/\/korper.com.br\/esp\/wp-content\/uploads\/2024\/12\/Torre-de-resfriamento-FCH-aplic-02-300x200-1.jpg\" class=\"attachment-full size-full wp-image-1641\" alt=\"\" \/>\t\t\t\t\t\t\t\t\t\t\t\t\t\t\t<\/div>\n\t\t\t\t<\/div>\n\t\t\t\t<div class=\"elementor-element elementor-element-74372eb elementor-widget elementor-widget-image\" data-id=\"74372eb\" data-element_type=\"widget\" data-widget_type=\"image.default\">\n\t\t\t\t<div class=\"elementor-widget-container\">\n\t\t\t\t\t\t\t\t\t\t\t\t\t\t\t<img decoding=\"async\" width=\"300\" height=\"225\" src=\"https:\/\/korper.com.br\/esp\/wp-content\/uploads\/2024\/12\/Torre-de-resfriamento-FCR-aplic-03-300x225-1.jpg\" class=\"attachment-full size-full wp-image-1642\" alt=\"\" \/>\t\t\t\t\t\t\t\t\t\t\t\t\t\t\t<\/div>\n\t\t\t\t<\/div>\n\t\t\t\t\t<\/div>\n\t\t\t\t<\/div>\n\t\t<div class=\"elementor-element elementor-element-ab43d75 e-flex e-con-boxed e-con e-parent\" data-id=\"ab43d75\" data-element_type=\"container\" data-settings=\"{&quot;background_background&quot;:&quot;classic&quot;}\">\n\t\t\t\t\t<div class=\"e-con-inner\">\n\t\t\t\t<div class=\"elementor-element elementor-element-d16b3e2 elementor-widget elementor-widget-text-editor\" data-id=\"d16b3e2\" data-element_type=\"widget\" data-widget_type=\"text-editor.default\">\n\t\t\t\t<div class=\"elementor-widget-container\">\n\t\t\t\t\t\t\t\t\t<p><strong>Ventajas<\/strong><\/p><ul><li>Capacidad de enfriamiento de hasta 1.000 m\u00b3\/h por c\u00e9lula.<\/li><li>Presi\u00f3n de trabajo hasta 7,5 bar (presiones mayores bajo consulta).<\/li><li>Serpentinizaci\u00f3n fabricada con acero inoxidable, acero carbono galvanizado a fuego o cobre.<\/li><li>Gabinete de acero inoxidable o chapa de acero carbono galvanizado pintado.<\/li><li>Reservorio de agua de fibra de vidrio a prueba de fugas.<\/li><li>Eliminador de gotas de polipropileno.<\/li><li>Llenado tipo rejilla fabricado en polipropileno.<\/li><li>Accionamiento directo para ventiladores.<\/li><li>Sistema de distribuci\u00f3n de agua con tubos de polipropileno.<\/li><li>H\u00e9lices de alto rendimiento con aspas de polipropileno reforzado con fibra de vidrio y cubo de aluminio.<\/li><li>Motor de alto rendimiento.<\/li><li>Conexiones de entrada y salida con bridas o conexiones roscadas.<\/li><li>Ventiladores a prueba de salpicaduras.<\/li><li>Bajo consumo de energ\u00eda y excelente rendimiento t\u00e9rmico.<\/li><li>Niveles de ruido est\u00e1ndar y reducidos.<\/li><li>Puerta de inspecci\u00f3n de f\u00e1cil acceso.<\/li><\/ul><p><strong>Aplicaciones<\/strong><\/p><ul><li>Todos los tipos de industria.<\/li><\/ul>\t\t\t\t\t\t\t\t<\/div>\n\t\t\t\t<\/div>\n\t\t\t\t\t<\/div>\n\t\t\t\t<\/div>\n\t\t\t\t<\/div>\n\t\t","protected":false},"excerpt":{"rendered":"<p>Torre de Enfriamiento de Circuito Cerrado Serie FCH+ Descargar Catalogo Muchos empresas ya est\u00e1n utilizando el enfriador de circuito cerrado serie FCH+ de K\u00f6rper, y las respuestas positivas sobre su eficiencia y funcionalidad son recurrentes. Sin embargo, siempre atenta a las necesidades del mercado y preocupada por la mejora continua de sus proyectos, K\u00f6rper ha [&hellip;]<\/p>\n","protected":false},"author":1,"featured_media":0,"parent":0,"menu_order":0,"comment_status":"closed","ping_status":"closed","template":"","meta":{"site-sidebar-layout":"no-sidebar","site-content-layout":"page-builder","ast-site-content-layout":"full-width-container","site-content-style":"default","site-sidebar-style":"default","ast-global-header-display":"","ast-banner-title-visibility":"","ast-main-header-display":"","ast-hfb-above-header-display":"","ast-hfb-below-header-display":"","ast-hfb-mobile-header-display":"","site-post-title":"disabled","ast-breadcrumbs-content":"","ast-featured-img":"disabled","footer-sml-layout":"","theme-transparent-header-meta":"","adv-header-id-meta":"","stick-header-meta":"","header-above-stick-meta":"","header-main-stick-meta":"","header-below-stick-meta":"","astra-migrate-meta-layouts":"set","ast-page-background-enabled":"default","ast-page-background-meta":{"desktop":{"background-color":"","background-image":"","background-repeat":"repeat","background-position":"center center","background-size":"auto","background-attachment":"scroll","background-type":"","background-media":"","overlay-type":"","overlay-color":"","overlay-opacity":"","overlay-gradient":""},"tablet":{"background-color":"","background-image":"","background-repeat":"repeat","background-position":"center center","background-size":"auto","background-attachment":"scroll","background-type":"","background-media":"","overlay-type":"","overlay-color":"","overlay-opacity":"","overlay-gradient":""},"mobile":{"background-color":"","background-image":"","background-repeat":"repeat","background-position":"center center","background-size":"auto","background-attachment":"scroll","background-type":"","background-media":"","overlay-type":"","overlay-color":"","overlay-opacity":"","overlay-gradient":""}},"ast-content-background-meta":{"desktop":{"background-color":"var(--ast-global-color-5)","background-image":"","background-repeat":"repeat","background-position":"center center","background-size":"auto","background-attachment":"scroll","background-type":"","background-media":"","overlay-type":"","overlay-color":"","overlay-opacity":"","overlay-gradient":""},"tablet":{"background-color":"var(--ast-global-color-5)","background-image":"","background-repeat":"repeat","background-position":"center center","background-size":"auto","background-attachment":"scroll","background-type":"","background-media":"","overlay-type":"","overlay-color":"","overlay-opacity":"","overlay-gradient":""},"mobile":{"background-color":"var(--ast-global-color-5)","background-image":"","background-repeat":"repeat","background-position":"center center","background-size":"auto","background-attachment":"scroll","background-type":"","background-media":"","overlay-type":"","overlay-color":"","overlay-opacity":"","overlay-gradient":""}},"footnotes":""},"class_list":["post-1638","page","type-page","status-publish","hentry"],"_links":{"self":[{"href":"https:\/\/korper.com.br\/esp\/wp-json\/wp\/v2\/pages\/1638","targetHints":{"allow":["GET"]}}],"collection":[{"href":"https:\/\/korper.com.br\/esp\/wp-json\/wp\/v2\/pages"}],"about":[{"href":"https:\/\/korper.com.br\/esp\/wp-json\/wp\/v2\/types\/page"}],"author":[{"embeddable":true,"href":"https:\/\/korper.com.br\/esp\/wp-json\/wp\/v2\/users\/1"}],"replies":[{"embeddable":true,"href":"https:\/\/korper.com.br\/esp\/wp-json\/wp\/v2\/comments?post=1638"}],"version-history":[{"count":9,"href":"https:\/\/korper.com.br\/esp\/wp-json\/wp\/v2\/pages\/1638\/revisions"}],"predecessor-version":[{"id":2597,"href":"https:\/\/korper.com.br\/esp\/wp-json\/wp\/v2\/pages\/1638\/revisions\/2597"}],"wp:attachment":[{"href":"https:\/\/korper.com.br\/esp\/wp-json\/wp\/v2\/media?parent=1638"}],"curies":[{"name":"wp","href":"https:\/\/api.w.org\/{rel}","templated":true}]}}