{"id":1650,"date":"2024-12-18T09:18:48","date_gmt":"2024-12-18T12:18:48","guid":{"rendered":"http:\/\/korper2024.provisorio.ws\/?page_id=1650"},"modified":"2025-01-25T20:27:06","modified_gmt":"2025-01-25T23:27:06","slug":"unidad_de_agua_fria__serie_krc","status":"publish","type":"page","link":"https:\/\/korper.com.br\/esp\/unidad_de_agua_fria__serie_krc\/","title":{"rendered":"Unidad de agua fr\u00eda serie KRC"},"content":{"rendered":"\t\t<div data-elementor-type=\"wp-page\" data-elementor-id=\"1650\" class=\"elementor elementor-1650\" data-elementor-post-type=\"page\">\n\t\t\t\t<div class=\"elementor-element elementor-element-7823712 e-flex e-con-boxed e-con e-parent\" data-id=\"7823712\" data-element_type=\"container\" data-settings=\"{&quot;background_background&quot;:&quot;classic&quot;}\">\n\t\t\t\t\t<div class=\"e-con-inner\">\n\t\t\t\t<div class=\"elementor-element elementor-element-6fe1cce elementor-widget elementor-widget-heading\" data-id=\"6fe1cce\" data-element_type=\"widget\" data-widget_type=\"heading.default\">\n\t\t\t\t<div class=\"elementor-widget-container\">\n\t\t\t\t\t<h2 class=\"elementor-heading-title elementor-size-default\">Unidad de agua fr\u00eda<\/h2>\t\t\t\t<\/div>\n\t\t\t\t<\/div>\n\t\t\t\t<div class=\"elementor-element elementor-element-6664173 elementor-widget elementor-widget-heading\" data-id=\"6664173\" data-element_type=\"widget\" data-widget_type=\"heading.default\">\n\t\t\t\t<div class=\"elementor-widget-container\">\n\t\t\t\t\t<h2 class=\"elementor-heading-title elementor-size-default\">Serie KRC<\/h2>\t\t\t\t<\/div>\n\t\t\t\t<\/div>\n\t\t\t\t<div class=\"elementor-element elementor-element-32f24e9 elementor-align-center elementor-widget elementor-widget-button\" data-id=\"32f24e9\" data-element_type=\"widget\" data-widget_type=\"button.default\">\n\t\t\t\t<div class=\"elementor-widget-container\">\n\t\t\t\t\t\t\t\t\t<div class=\"elementor-button-wrapper\">\n\t\t\t\t\t<a class=\"elementor-button elementor-button-link elementor-size-sm\" href=\"https:\/\/www.korper.com.br\/wp-content\/uploads\/2023\/03\/Catalogo-KRC.pdf\">\n\t\t\t\t\t\t<span class=\"elementor-button-content-wrapper\">\n\t\t\t\t\t\t\t\t\t<span class=\"elementor-button-text\">Descargar Catalogo<\/span>\n\t\t\t\t\t<\/span>\n\t\t\t\t\t<\/a>\n\t\t\t\t<\/div>\n\t\t\t\t\t\t\t\t<\/div>\n\t\t\t\t<\/div>\n\t\t\t\t<div class=\"elementor-element elementor-element-d5389d7 elementor-widget elementor-widget-text-editor\" data-id=\"d5389d7\" data-element_type=\"widget\" data-widget_type=\"text-editor.default\">\n\t\t\t\t<div class=\"elementor-widget-container\">\n\t\t\t\t\t\t\t\t\t<div class=\"uagb-section__overlay\"><p>La l\u00ednea de chillers con gabinetes abiertos ofrece la misma precisi\u00f3n y eficiencia de la l\u00ednea KRA \/ KRW, con una construcci\u00f3n robusta y econ\u00f3mica, con el objetivo de cumplir con todos los requisitos.<\/p><p>Toda la l\u00ednea KRC est\u00e1 habilitada para componer el sistema de HVAC y otros procesos, con total integraci\u00f3n, a trav\u00e9s del puerto de comunicaci\u00f3n RS 485. Agregado al sistema de skid\/bombas K\u00f6rper, la precisi\u00f3n y confianza est\u00e1n garantizadas. Ya sea en la industria, comercio, almacenamiento, en el \u00e1rea hospitalaria o de precisi\u00f3n.<\/p><\/div>\t\t\t\t\t\t\t\t<\/div>\n\t\t\t\t<\/div>\n\t\t<div class=\"elementor-element elementor-element-5258d64 e-con-full e-flex e-con e-child\" data-id=\"5258d64\" data-element_type=\"container\">\n\t\t\t\t<div class=\"elementor-element elementor-element-3df8039 elementor-widget elementor-widget-image\" data-id=\"3df8039\" data-element_type=\"widget\" data-widget_type=\"image.default\">\n\t\t\t\t<div class=\"elementor-widget-container\">\n\t\t\t\t\t\t\t\t\t\t\t\t\t\t\t<img fetchpriority=\"high\" decoding=\"async\" width=\"640\" height=\"480\" src=\"https:\/\/korper.com.br\/esp\/wp-content\/uploads\/2024\/12\/krc.webp\" class=\"attachment-large size-large wp-image-1890\" alt=\"\" srcset=\"https:\/\/korper.com.br\/esp\/wp-content\/uploads\/2024\/12\/krc.webp 640w, https:\/\/korper.com.br\/esp\/wp-content\/uploads\/2024\/12\/krc-300x225.webp 300w\" sizes=\"(max-width: 640px) 100vw, 640px\" \/>\t\t\t\t\t\t\t\t\t\t\t\t\t\t\t<\/div>\n\t\t\t\t<\/div>\n\t\t\t\t<\/div>\n\t\t\t\t\t<\/div>\n\t\t\t\t<\/div>\n\t\t\t\t<\/div>\n\t\t","protected":false},"excerpt":{"rendered":"<p>Unidad de agua fr\u00eda Serie KRC Descargar Catalogo La l\u00ednea de chillers con gabinetes abiertos ofrece la misma precisi\u00f3n y eficiencia de la l\u00ednea KRA \/ KRW, con una construcci\u00f3n robusta y econ\u00f3mica, con el objetivo de cumplir con todos los requisitos. Toda la l\u00ednea KRC est\u00e1 habilitada para componer el sistema de HVAC y [&hellip;]<\/p>\n","protected":false},"author":1,"featured_media":0,"parent":0,"menu_order":0,"comment_status":"closed","ping_status":"closed","template":"","meta":{"site-sidebar-layout":"no-sidebar","site-content-layout":"page-builder","ast-site-content-layout":"full-width-container","site-content-style":"default","site-sidebar-style":"default","ast-global-header-display":"","ast-banner-title-visibility":"","ast-main-header-display":"","ast-hfb-above-header-display":"","ast-hfb-below-header-display":"","ast-hfb-mobile-header-display":"","site-post-title":"disabled","ast-breadcrumbs-content":"","ast-featured-img":"disabled","footer-sml-layout":"","theme-transparent-header-meta":"","adv-header-id-meta":"","stick-header-meta":"","header-above-stick-meta":"","header-main-stick-meta":"","header-below-stick-meta":"","astra-migrate-meta-layouts":"set","ast-page-background-enabled":"default","ast-page-background-meta":{"desktop":{"background-color":"","background-image":"","background-repeat":"repeat","background-position":"center center","background-size":"auto","background-attachment":"scroll","background-type":"","background-media":"","overlay-type":"","overlay-color":"","overlay-opacity":"","overlay-gradient":""},"tablet":{"background-color":"","background-image":"","background-repeat":"repeat","background-position":"center center","background-size":"auto","background-attachment":"scroll","background-type":"","background-media":"","overlay-type":"","overlay-color":"","overlay-opacity":"","overlay-gradient":""},"mobile":{"background-color":"","background-image":"","background-repeat":"repeat","background-position":"center center","background-size":"auto","background-attachment":"scroll","background-type":"","background-media":"","overlay-type":"","overlay-color":"","overlay-opacity":"","overlay-gradient":""}},"ast-content-background-meta":{"desktop":{"background-color":"var(--ast-global-color-5)","background-image":"","background-repeat":"repeat","background-position":"center center","background-size":"auto","background-attachment":"scroll","background-type":"","background-media":"","overlay-type":"","overlay-color":"","overlay-opacity":"","overlay-gradient":""},"tablet":{"background-color":"var(--ast-global-color-5)","background-image":"","background-repeat":"repeat","background-position":"center center","background-size":"auto","background-attachment":"scroll","background-type":"","background-media":"","overlay-type":"","overlay-color":"","overlay-opacity":"","overlay-gradient":""},"mobile":{"background-color":"var(--ast-global-color-5)","background-image":"","background-repeat":"repeat","background-position":"center center","background-size":"auto","background-attachment":"scroll","background-type":"","background-media":"","overlay-type":"","overlay-color":"","overlay-opacity":"","overlay-gradient":""}},"footnotes":""},"class_list":["post-1650","page","type-page","status-publish","hentry"],"_links":{"self":[{"href":"https:\/\/korper.com.br\/esp\/wp-json\/wp\/v2\/pages\/1650","targetHints":{"allow":["GET"]}}],"collection":[{"href":"https:\/\/korper.com.br\/esp\/wp-json\/wp\/v2\/pages"}],"about":[{"href":"https:\/\/korper.com.br\/esp\/wp-json\/wp\/v2\/types\/page"}],"author":[{"embeddable":true,"href":"https:\/\/korper.com.br\/esp\/wp-json\/wp\/v2\/users\/1"}],"replies":[{"embeddable":true,"href":"https:\/\/korper.com.br\/esp\/wp-json\/wp\/v2\/comments?post=1650"}],"version-history":[{"count":11,"href":"https:\/\/korper.com.br\/esp\/wp-json\/wp\/v2\/pages\/1650\/revisions"}],"predecessor-version":[{"id":2631,"href":"https:\/\/korper.com.br\/esp\/wp-json\/wp\/v2\/pages\/1650\/revisions\/2631"}],"wp:attachment":[{"href":"https:\/\/korper.com.br\/esp\/wp-json\/wp\/v2\/media?parent=1650"}],"curies":[{"name":"wp","href":"https:\/\/api.w.org\/{rel}","templated":true}]}}