{"id":1655,"date":"2024-12-18T09:24:35","date_gmt":"2024-12-18T12:24:35","guid":{"rendered":"http:\/\/korper2024.provisorio.ws\/?page_id=1655"},"modified":"2025-01-25T20:35:20","modified_gmt":"2025-01-25T23:35:20","slug":"unidad_de_agua_fria_serie_kre_performance","status":"publish","type":"page","link":"https:\/\/korper.com.br\/esp\/unidad_de_agua_fria_serie_kre_performance\/","title":{"rendered":"Unidad de agua fr\u00eda serie KRE Performance"},"content":{"rendered":"\t\t<div data-elementor-type=\"wp-page\" data-elementor-id=\"1655\" class=\"elementor elementor-1655\" data-elementor-post-type=\"page\">\n\t\t\t\t<div class=\"elementor-element elementor-element-7823712 e-flex e-con-boxed e-con e-parent\" data-id=\"7823712\" data-element_type=\"container\" data-settings=\"{&quot;background_background&quot;:&quot;classic&quot;}\">\n\t\t\t\t\t<div class=\"e-con-inner\">\n\t\t\t\t<div class=\"elementor-element elementor-element-6fe1cce elementor-widget elementor-widget-heading\" data-id=\"6fe1cce\" data-element_type=\"widget\" data-widget_type=\"heading.default\">\n\t\t\t\t<div class=\"elementor-widget-container\">\n\t\t\t\t\t<h2 class=\"elementor-heading-title elementor-size-default\">Unidad de agua fria<\/h2>\t\t\t\t<\/div>\n\t\t\t\t<\/div>\n\t\t\t\t<div class=\"elementor-element elementor-element-6664173 elementor-widget elementor-widget-heading\" data-id=\"6664173\" data-element_type=\"widget\" data-widget_type=\"heading.default\">\n\t\t\t\t<div class=\"elementor-widget-container\">\n\t\t\t\t\t<h2 class=\"elementor-heading-title elementor-size-default\">Serie KRE Performance<\/h2>\t\t\t\t<\/div>\n\t\t\t\t<\/div>\n\t\t\t\t<div class=\"elementor-element elementor-element-32f24e9 elementor-align-center elementor-widget elementor-widget-button\" data-id=\"32f24e9\" data-element_type=\"widget\" data-widget_type=\"button.default\">\n\t\t\t\t<div class=\"elementor-widget-container\">\n\t\t\t\t\t\t\t\t\t<div class=\"elementor-button-wrapper\">\n\t\t\t\t\t<a class=\"elementor-button elementor-button-link elementor-size-sm\" href=\"http:\/\/www.korper.com.br\/wp-content\/uploads\/2021\/02\/unidade-de-agua-gelada-kre-performance.pdf\">\n\t\t\t\t\t\t<span class=\"elementor-button-content-wrapper\">\n\t\t\t\t\t\t\t\t\t<span class=\"elementor-button-text\">Descargar Catalogo<\/span>\n\t\t\t\t\t<\/span>\n\t\t\t\t\t<\/a>\n\t\t\t\t<\/div>\n\t\t\t\t\t\t\t\t<\/div>\n\t\t\t\t<\/div>\n\t\t\t\t<div class=\"elementor-element elementor-element-d5389d7 elementor-widget elementor-widget-text-editor\" data-id=\"d5389d7\" data-element_type=\"widget\" data-widget_type=\"text-editor.default\">\n\t\t\t\t<div class=\"elementor-widget-container\">\n\t\t\t\t\t\t\t\t\t<p>La serie de unidades de agua helada KRE PERFORMANCE es ideal para industrias que buscan robustez, eficiencia, estabilidad y confiabilidad para su proceso.<\/p><p>El nuevo proyecto presenta unidades m\u00e1s compactas y listas para usar (plug and play), con instalaci\u00f3n simple y r\u00e1pida, y mayor facilidad de operaci\u00f3n y mantenimiento.<\/p><p>Compuesta por equipos con condensaci\u00f3n a aire con microcanal y evaporador a placas, cuenta con ajuste PID de capacidad y est\u00e1 indicada para todo tipo de industrias.<\/p><p>Todas estas ventajas, asociadas al bajo consumo de energ\u00eda proporcionado por los ventiladores y compresores herm\u00e9ticos de alta eficiencia, las tuber\u00edas y evaporadores de acero inoxidable, y la garant\u00eda de calidad K\u00f6rper en el dise\u00f1o, construcci\u00f3n y componentes utilizados, aseguran la mejor relaci\u00f3n calidad-precio de las unidades de agua helada SERIE KRE PERFORMANCE.<\/p>\t\t\t\t\t\t\t\t<\/div>\n\t\t\t\t<\/div>\n\t\t\t\t\t<\/div>\n\t\t\t\t<\/div>\n\t\t<div class=\"elementor-element elementor-element-0f5068f e-grid e-con-boxed e-con e-parent\" data-id=\"0f5068f\" data-element_type=\"container\" data-settings=\"{&quot;background_background&quot;:&quot;classic&quot;}\">\n\t\t\t\t\t<div class=\"e-con-inner\">\n\t\t\t\t<div class=\"elementor-element elementor-element-d412253 elementor-widget elementor-widget-image\" data-id=\"d412253\" data-element_type=\"widget\" data-widget_type=\"image.default\">\n\t\t\t\t<div class=\"elementor-widget-container\">\n\t\t\t\t\t\t\t\t\t\t\t\t\t\t\t<img fetchpriority=\"high\" decoding=\"async\" width=\"261\" height=\"300\" src=\"https:\/\/korper.com.br\/esp\/wp-content\/uploads\/2024\/12\/Unidades-de-aagua-gelada-KRE-1.jpg\" class=\"attachment-full size-full wp-image-1657\" alt=\"\" \/>\t\t\t\t\t\t\t\t\t\t\t\t\t\t\t<\/div>\n\t\t\t\t<\/div>\n\t\t\t\t\t<\/div>\n\t\t\t\t<\/div>\n\t\t<div class=\"elementor-element elementor-element-ab43d75 e-flex e-con-boxed e-con e-parent\" data-id=\"ab43d75\" data-element_type=\"container\" data-settings=\"{&quot;background_background&quot;:&quot;classic&quot;}\">\n\t\t\t\t\t<div class=\"e-con-inner\">\n\t\t\t\t<div class=\"elementor-element elementor-element-d16b3e2 elementor-widget elementor-widget-text-editor\" data-id=\"d16b3e2\" data-element_type=\"widget\" data-widget_type=\"text-editor.default\">\n\t\t\t\t<div class=\"elementor-widget-container\">\n\t\t\t\t\t\t\t\t\t<p><strong>Ventajas<\/strong><\/p><p>Capacidad de refrigeraci\u00f3n de 3.000 a 60.000 kcal\/h.<br \/>Condensaci\u00f3n a aire con intercambiador microcanal y evaporador a placas de acero inoxidable.<br \/>Ajustes de temperatura de 10 a 25 \u00b0C.<br \/>Refrigerante ecol\u00f3gico. <br \/>Equipo compacto, se adapta a espacios m\u00e1s peque\u00f1os.<br \/>Gabinete cerrado de acero carbono con pintura electrost\u00e1tica.<br \/>Completo con reservorio de agua y bomba de proceso.<br \/>Tuber\u00edas de acero inoxidable.<br \/>PLC de f\u00e1cil operaci\u00f3n e interpretaci\u00f3n. Visualizaci\u00f3n y control de los par\u00e1metros a trav\u00e9s de pantalla electr\u00f3nica.<br \/>Tensi\u00f3n de comando 24 V AC, cumpliendo con las normativas brasile\u00f1as \u2013 NR10 y NR-12.<br \/>Bajo consumo de energ\u00eda con ventiladores y compresores herm\u00e9ticos de alta eficiencia.<br \/>Accionamiento autom\u00e1tico encendido\/apagado.<br \/>Ajuste PID de capacidad.<br \/>Listo para usar (plug and play): f\u00e1cil instalaci\u00f3n, operaci\u00f3n y mantenimiento. Garant\u00eda de calidad K\u00f6rper en el dise\u00f1o, construcci\u00f3n y componentes.<br \/>Mejor relaci\u00f3n calidad-precio del mercado.<\/p><p><strong>Aplicaciones<\/strong><\/p><p>Est\u00e1 indicado para todo tipo de industrias.<\/p>\t\t\t\t\t\t\t\t<\/div>\n\t\t\t\t<\/div>\n\t\t\t\t\t<\/div>\n\t\t\t\t<\/div>\n\t\t\t\t<\/div>\n\t\t","protected":false},"excerpt":{"rendered":"<p>Unidad de agua fria Serie KRE Performance Descargar Catalogo La serie de unidades de agua helada KRE PERFORMANCE es ideal para industrias que buscan robustez, eficiencia, estabilidad y confiabilidad para su proceso. El nuevo proyecto presenta unidades m\u00e1s compactas y listas para usar (plug and play), con instalaci\u00f3n simple y r\u00e1pida, y mayor facilidad de [&hellip;]<\/p>\n","protected":false},"author":1,"featured_media":0,"parent":0,"menu_order":0,"comment_status":"closed","ping_status":"closed","template":"","meta":{"site-sidebar-layout":"no-sidebar","site-content-layout":"page-builder","ast-site-content-layout":"full-width-container","site-content-style":"default","site-sidebar-style":"default","ast-global-header-display":"","ast-banner-title-visibility":"","ast-main-header-display":"","ast-hfb-above-header-display":"","ast-hfb-below-header-display":"","ast-hfb-mobile-header-display":"","site-post-title":"disabled","ast-breadcrumbs-content":"","ast-featured-img":"disabled","footer-sml-layout":"","theme-transparent-header-meta":"","adv-header-id-meta":"","stick-header-meta":"","header-above-stick-meta":"","header-main-stick-meta":"","header-below-stick-meta":"","astra-migrate-meta-layouts":"set","ast-page-background-enabled":"default","ast-page-background-meta":{"desktop":{"background-color":"","background-image":"","background-repeat":"repeat","background-position":"center center","background-size":"auto","background-attachment":"scroll","background-type":"","background-media":"","overlay-type":"","overlay-color":"","overlay-opacity":"","overlay-gradient":""},"tablet":{"background-color":"","background-image":"","background-repeat":"repeat","background-position":"center center","background-size":"auto","background-attachment":"scroll","background-type":"","background-media":"","overlay-type":"","overlay-color":"","overlay-opacity":"","overlay-gradient":""},"mobile":{"background-color":"","background-image":"","background-repeat":"repeat","background-position":"center center","background-size":"auto","background-attachment":"scroll","background-type":"","background-media":"","overlay-type":"","overlay-color":"","overlay-opacity":"","overlay-gradient":""}},"ast-content-background-meta":{"desktop":{"background-color":"var(--ast-global-color-5)","background-image":"","background-repeat":"repeat","background-position":"center center","background-size":"auto","background-attachment":"scroll","background-type":"","background-media":"","overlay-type":"","overlay-color":"","overlay-opacity":"","overlay-gradient":""},"tablet":{"background-color":"var(--ast-global-color-5)","background-image":"","background-repeat":"repeat","background-position":"center center","background-size":"auto","background-attachment":"scroll","background-type":"","background-media":"","overlay-type":"","overlay-color":"","overlay-opacity":"","overlay-gradient":""},"mobile":{"background-color":"var(--ast-global-color-5)","background-image":"","background-repeat":"repeat","background-position":"center center","background-size":"auto","background-attachment":"scroll","background-type":"","background-media":"","overlay-type":"","overlay-color":"","overlay-opacity":"","overlay-gradient":""}},"footnotes":""},"class_list":["post-1655","page","type-page","status-publish","hentry"],"_links":{"self":[{"href":"https:\/\/korper.com.br\/esp\/wp-json\/wp\/v2\/pages\/1655","targetHints":{"allow":["GET"]}}],"collection":[{"href":"https:\/\/korper.com.br\/esp\/wp-json\/wp\/v2\/pages"}],"about":[{"href":"https:\/\/korper.com.br\/esp\/wp-json\/wp\/v2\/types\/page"}],"author":[{"embeddable":true,"href":"https:\/\/korper.com.br\/esp\/wp-json\/wp\/v2\/users\/1"}],"replies":[{"embeddable":true,"href":"https:\/\/korper.com.br\/esp\/wp-json\/wp\/v2\/comments?post=1655"}],"version-history":[{"count":8,"href":"https:\/\/korper.com.br\/esp\/wp-json\/wp\/v2\/pages\/1655\/revisions"}],"predecessor-version":[{"id":2639,"href":"https:\/\/korper.com.br\/esp\/wp-json\/wp\/v2\/pages\/1655\/revisions\/2639"}],"wp:attachment":[{"href":"https:\/\/korper.com.br\/esp\/wp-json\/wp\/v2\/media?parent=1655"}],"curies":[{"name":"wp","href":"https:\/\/api.w.org\/{rel}","templated":true}]}}