{"id":1661,"date":"2024-12-18T09:35:22","date_gmt":"2024-12-18T12:35:22","guid":{"rendered":"http:\/\/korper2024.provisorio.ws\/?page_id=1661"},"modified":"2025-01-25T20:13:57","modified_gmt":"2025-01-25T23:13:57","slug":"unidad_de_agua_fria_serie_kpa_professional","status":"publish","type":"page","link":"https:\/\/korper.com.br\/esp\/unidad_de_agua_fria_serie_kpa_professional\/","title":{"rendered":"Unidad de agua fr\u00eda serie KPA Professional."},"content":{"rendered":"\t\t<div data-elementor-type=\"wp-page\" data-elementor-id=\"1661\" class=\"elementor elementor-1661\" data-elementor-post-type=\"page\">\n\t\t\t\t<div class=\"elementor-element elementor-element-7823712 e-flex e-con-boxed e-con e-parent\" data-id=\"7823712\" data-element_type=\"container\" data-settings=\"{&quot;background_background&quot;:&quot;classic&quot;}\">\n\t\t\t\t\t<div class=\"e-con-inner\">\n\t\t\t\t<div class=\"elementor-element elementor-element-6fe1cce elementor-widget elementor-widget-heading\" data-id=\"6fe1cce\" data-element_type=\"widget\" data-widget_type=\"heading.default\">\n\t\t\t\t<div class=\"elementor-widget-container\">\n\t\t\t\t\t<h2 class=\"elementor-heading-title elementor-size-default\">Unidad de agua fr\u00eda<\/h2>\t\t\t\t<\/div>\n\t\t\t\t<\/div>\n\t\t\t\t<div class=\"elementor-element elementor-element-6664173 elementor-widget elementor-widget-heading\" data-id=\"6664173\" data-element_type=\"widget\" data-widget_type=\"heading.default\">\n\t\t\t\t<div class=\"elementor-widget-container\">\n\t\t\t\t\t<h2 class=\"elementor-heading-title elementor-size-default\">Serie KPA Professional<\/h2>\t\t\t\t<\/div>\n\t\t\t\t<\/div>\n\t\t\t\t<div class=\"elementor-element elementor-element-32f24e9 elementor-align-center elementor-widget elementor-widget-button\" data-id=\"32f24e9\" data-element_type=\"widget\" data-widget_type=\"button.default\">\n\t\t\t\t<div class=\"elementor-widget-container\">\n\t\t\t\t\t\t\t\t\t<div class=\"elementor-button-wrapper\">\n\t\t\t\t\t<a class=\"elementor-button elementor-button-link elementor-size-sm\" href=\"http:\/\/www.korper.com.br\/wp-content\/uploads\/2021\/04\/unidade-de-agua-gelada-kpa-professional.pdf\">\n\t\t\t\t\t\t<span class=\"elementor-button-content-wrapper\">\n\t\t\t\t\t\t\t\t\t<span class=\"elementor-button-text\">Descargar Catalogo<\/span>\n\t\t\t\t\t<\/span>\n\t\t\t\t\t<\/a>\n\t\t\t\t<\/div>\n\t\t\t\t\t\t\t\t<\/div>\n\t\t\t\t<\/div>\n\t\t\t\t<div class=\"elementor-element elementor-element-d5389d7 elementor-widget elementor-widget-text-editor\" data-id=\"d5389d7\" data-element_type=\"widget\" data-widget_type=\"text-editor.default\">\n\t\t\t\t<div class=\"elementor-widget-container\">\n\t\t\t\t\t\t\t\t\t<p>La serie de unidades de agua fr\u00eda KPA PROFESSIONAL es la l\u00ednea m\u00e1s completa de K\u00f6rper.<\/p><p>Cuenta con la Tecnolog\u00eda Inverter, que proporciona hasta un 40% de ahorro de energ\u00eda en el equipo, y control lineal de capacidad del 15% al 100% de la capacidad nominal, lo que garantiza el control absoluto con una precisi\u00f3n de temperatura alt\u00edsima.<\/p>\t\t\t\t\t\t\t\t<\/div>\n\t\t\t\t<\/div>\n\t\t\t\t\t<\/div>\n\t\t\t\t<\/div>\n\t\t<div class=\"elementor-element elementor-element-0f5068f e-grid e-con-boxed e-con e-parent\" data-id=\"0f5068f\" data-element_type=\"container\" data-settings=\"{&quot;background_background&quot;:&quot;classic&quot;}\">\n\t\t\t\t\t<div class=\"e-con-inner\">\n\t\t\t\t<div class=\"elementor-element elementor-element-d412253 elementor-widget elementor-widget-image\" data-id=\"d412253\" data-element_type=\"widget\" data-widget_type=\"image.default\">\n\t\t\t\t<div class=\"elementor-widget-container\">\n\t\t\t\t\t\t\t\t\t\t\t\t\t\t\t<img fetchpriority=\"high\" decoding=\"async\" width=\"1440\" height=\"1536\" src=\"https:\/\/korper.com.br\/esp\/wp-content\/uploads\/2024\/12\/KPA-Professional-1440x1536-1.jpg\" class=\"attachment-full size-full wp-image-1666\" alt=\"\" srcset=\"https:\/\/korper.com.br\/esp\/wp-content\/uploads\/2024\/12\/KPA-Professional-1440x1536-1.jpg 1440w, https:\/\/korper.com.br\/esp\/wp-content\/uploads\/2024\/12\/KPA-Professional-1440x1536-1-281x300.jpg 281w, https:\/\/korper.com.br\/esp\/wp-content\/uploads\/2024\/12\/KPA-Professional-1440x1536-1-960x1024.jpg 960w, https:\/\/korper.com.br\/esp\/wp-content\/uploads\/2024\/12\/KPA-Professional-1440x1536-1-768x819.jpg 768w\" sizes=\"(max-width: 1440px) 100vw, 1440px\" \/>\t\t\t\t\t\t\t\t\t\t\t\t\t\t\t<\/div>\n\t\t\t\t<\/div>\n\t\t\t\t\t<\/div>\n\t\t\t\t<\/div>\n\t\t<div class=\"elementor-element elementor-element-ab43d75 e-flex e-con-boxed e-con e-parent\" data-id=\"ab43d75\" data-element_type=\"container\" data-settings=\"{&quot;background_background&quot;:&quot;classic&quot;}\">\n\t\t\t\t\t<div class=\"e-con-inner\">\n\t\t\t\t<div class=\"elementor-element elementor-element-d16b3e2 elementor-widget elementor-widget-text-editor\" data-id=\"d16b3e2\" data-element_type=\"widget\" data-widget_type=\"text-editor.default\">\n\t\t\t\t<div class=\"elementor-widget-container\">\n\t\t\t\t\t\t\t\t\t<p><strong>Ventajas<\/strong><\/p><ul><li>Tecnolog\u00eda inverter.<\/li><li>Hasta un 40% de ahorro de energ\u00eda.<\/li><li>Control lineal de capacidad del 15% al 100% de la capacidad nominal. Control absoluto, con alt\u00edsima precisi\u00f3n de temperatura.<\/li><li>Capacidad de refrigeraci\u00f3n de 6.000 kcal\/h a 400.000 kcal\/h.<\/li><li>Condensaci\u00f3n por aire o agua.<\/li><li>Doble circuito de refrigeraci\u00f3n. Aumento de la vida \u00fatil del equipo, mayor precisi\u00f3n del proceso, posibilidad de funcionamiento a capacidad reducida incluso con parte del equipo da\u00f1ado y reducci\u00f3n del consumo de energ\u00eda.<\/li><li>Ajuste de temperatura est\u00e1ndar de 5\u00b0 a 25\u00b0C. L\u00edmites posibles: m\u00ednimo -20\u00b0C y m\u00e1ximo 95\u00b0C.<\/li><li>Control de condensaci\u00f3n mediante variaci\u00f3n de la rotaci\u00f3n de los ventiladores. Alta precisi\u00f3n, bajo nivel de ruido y reducci\u00f3n del consumo de energ\u00eda.<\/li><li>Equipo compacto, ocupa menos espacio en planta.<\/li><li>Gabinete cerrado o abierto de acero carbono con pintura electrost\u00e1tica en polvo. Opcional con estructura de acero inoxidable.<\/li><li>Resistente a las inclemencias del tiempo, puede ser instalado al aire libre.<\/li><li>Todos los equipos con ruedas o amortiguadores de vibraci\u00f3n.<\/li><li>Completo, con reservorio de agua, bomba de proceso y circuito hidr\u00e1ulico en acero inoxidable.<\/li><li>Controladores de v\u00e1lvula de expansi\u00f3n electr\u00f3nica individuales que facilitan el mantenimiento y reducen las p\u00e9rdidas por m\u00e1quina parada.<\/li><li>Condensador microcanal.<\/li><li>Tuber\u00edas hidr\u00e1ulicas en acero inoxidable tipo sanitario con conexi\u00f3n Tri-Clamp. Facilidad de mantenimiento, menor riesgo de fugas y ninguna contaminaci\u00f3n de las l\u00edneas por oxidaci\u00f3n.<\/li><li>Fluido refrigerante R-410A, ecol\u00f3gico y est\u00e1ndar para todos los modelos. Otros fluidos disponibles como opcionales.<\/li><li>CLP + IHM pantalla t\u00e1ctil de 7\u201d a color para operaci\u00f3n, diagn\u00f3stico y visualizaci\u00f3n de fallas.<\/li><li>Programaci\u00f3n en software de f\u00e1cil interfaz y lenguaje abierto.<\/li><li>Tensi\u00f3n de comando 24 V AC, cumple con las normas brasile\u00f1as \u2013 NR10.<\/li><li>Ventiladores de alto rendimiento, garantizando bajo consumo de energ\u00eda y menor nivel de ruido.<\/li><li>Accionamiento autom\u00e1tico encendido\/apagado.<\/li><li>F\u00e1cil instalaci\u00f3n y operaci\u00f3n, listo para usar.<\/li><\/ul><p><strong>Aplicaciones<\/strong><\/p><p>Est\u00e1n indicadas para todo tipo de industrias.<\/p>\t\t\t\t\t\t\t\t<\/div>\n\t\t\t\t<\/div>\n\t\t\t\t\t<\/div>\n\t\t\t\t<\/div>\n\t\t\t\t<\/div>\n\t\t","protected":false},"excerpt":{"rendered":"<p>Unidad de agua fr\u00eda Serie KPA Professional Descargar Catalogo La serie de unidades de agua fr\u00eda KPA PROFESSIONAL es la l\u00ednea m\u00e1s completa de K\u00f6rper. Cuenta con la Tecnolog\u00eda Inverter, que proporciona hasta un 40% de ahorro de energ\u00eda en el equipo, y control lineal de capacidad del 15% al 100% de la capacidad nominal, [&hellip;]<\/p>\n","protected":false},"author":1,"featured_media":0,"parent":0,"menu_order":0,"comment_status":"closed","ping_status":"closed","template":"","meta":{"site-sidebar-layout":"no-sidebar","site-content-layout":"page-builder","ast-site-content-layout":"full-width-container","site-content-style":"default","site-sidebar-style":"default","ast-global-header-display":"","ast-banner-title-visibility":"","ast-main-header-display":"","ast-hfb-above-header-display":"","ast-hfb-below-header-display":"","ast-hfb-mobile-header-display":"","site-post-title":"disabled","ast-breadcrumbs-content":"","ast-featured-img":"disabled","footer-sml-layout":"","theme-transparent-header-meta":"","adv-header-id-meta":"","stick-header-meta":"","header-above-stick-meta":"","header-main-stick-meta":"","header-below-stick-meta":"","astra-migrate-meta-layouts":"set","ast-page-background-enabled":"default","ast-page-background-meta":{"desktop":{"background-color":"","background-image":"","background-repeat":"repeat","background-position":"center center","background-size":"auto","background-attachment":"scroll","background-type":"","background-media":"","overlay-type":"","overlay-color":"","overlay-opacity":"","overlay-gradient":""},"tablet":{"background-color":"","background-image":"","background-repeat":"repeat","background-position":"center center","background-size":"auto","background-attachment":"scroll","background-type":"","background-media":"","overlay-type":"","overlay-color":"","overlay-opacity":"","overlay-gradient":""},"mobile":{"background-color":"","background-image":"","background-repeat":"repeat","background-position":"center center","background-size":"auto","background-attachment":"scroll","background-type":"","background-media":"","overlay-type":"","overlay-color":"","overlay-opacity":"","overlay-gradient":""}},"ast-content-background-meta":{"desktop":{"background-color":"var(--ast-global-color-5)","background-image":"","background-repeat":"repeat","background-position":"center center","background-size":"auto","background-attachment":"scroll","background-type":"","background-media":"","overlay-type":"","overlay-color":"","overlay-opacity":"","overlay-gradient":""},"tablet":{"background-color":"var(--ast-global-color-5)","background-image":"","background-repeat":"repeat","background-position":"center center","background-size":"auto","background-attachment":"scroll","background-type":"","background-media":"","overlay-type":"","overlay-color":"","overlay-opacity":"","overlay-gradient":""},"mobile":{"background-color":"var(--ast-global-color-5)","background-image":"","background-repeat":"repeat","background-position":"center center","background-size":"auto","background-attachment":"scroll","background-type":"","background-media":"","overlay-type":"","overlay-color":"","overlay-opacity":"","overlay-gradient":""}},"footnotes":""},"class_list":["post-1661","page","type-page","status-publish","hentry"],"_links":{"self":[{"href":"https:\/\/korper.com.br\/esp\/wp-json\/wp\/v2\/pages\/1661","targetHints":{"allow":["GET"]}}],"collection":[{"href":"https:\/\/korper.com.br\/esp\/wp-json\/wp\/v2\/pages"}],"about":[{"href":"https:\/\/korper.com.br\/esp\/wp-json\/wp\/v2\/types\/page"}],"author":[{"embeddable":true,"href":"https:\/\/korper.com.br\/esp\/wp-json\/wp\/v2\/users\/1"}],"replies":[{"embeddable":true,"href":"https:\/\/korper.com.br\/esp\/wp-json\/wp\/v2\/comments?post=1661"}],"version-history":[{"count":11,"href":"https:\/\/korper.com.br\/esp\/wp-json\/wp\/v2\/pages\/1661\/revisions"}],"predecessor-version":[{"id":2622,"href":"https:\/\/korper.com.br\/esp\/wp-json\/wp\/v2\/pages\/1661\/revisions\/2622"}],"wp:attachment":[{"href":"https:\/\/korper.com.br\/esp\/wp-json\/wp\/v2\/media?parent=1661"}],"curies":[{"name":"wp","href":"https:\/\/api.w.org\/{rel}","templated":true}]}}