{"id":1671,"date":"2024-12-18T11:15:19","date_gmt":"2024-12-18T14:15:19","guid":{"rendered":"http:\/\/korper2024.provisorio.ws\/?page_id=1671"},"modified":"2025-01-25T20:22:55","modified_gmt":"2025-01-25T23:22:55","slug":"unidad_de_agua_fria_serie_kra_precision","status":"publish","type":"page","link":"https:\/\/korper.com.br\/esp\/unidad_de_agua_fria_serie_kra_precision\/","title":{"rendered":"Unidad de agua fr\u00eda serie KRA Precision"},"content":{"rendered":"\t\t<div data-elementor-type=\"wp-page\" data-elementor-id=\"1671\" class=\"elementor elementor-1671\" data-elementor-post-type=\"page\">\n\t\t\t\t<div class=\"elementor-element elementor-element-7823712 e-flex e-con-boxed e-con e-parent\" data-id=\"7823712\" data-element_type=\"container\" data-settings=\"{&quot;background_background&quot;:&quot;classic&quot;}\">\n\t\t\t\t\t<div class=\"e-con-inner\">\n\t\t\t\t<div class=\"elementor-element elementor-element-6fe1cce elementor-widget elementor-widget-heading\" data-id=\"6fe1cce\" data-element_type=\"widget\" data-widget_type=\"heading.default\">\n\t\t\t\t<div class=\"elementor-widget-container\">\n\t\t\t\t\t<h2 class=\"elementor-heading-title elementor-size-default\">\nUnidad de agua fr\u00eda<\/h2>\t\t\t\t<\/div>\n\t\t\t\t<\/div>\n\t\t\t\t<div class=\"elementor-element elementor-element-6664173 elementor-widget elementor-widget-heading\" data-id=\"6664173\" data-element_type=\"widget\" data-widget_type=\"heading.default\">\n\t\t\t\t<div class=\"elementor-widget-container\">\n\t\t\t\t\t<h2 class=\"elementor-heading-title elementor-size-default\">Serie KRA Precision<\/h2>\t\t\t\t<\/div>\n\t\t\t\t<\/div>\n\t\t\t\t<div class=\"elementor-element elementor-element-32f24e9 elementor-align-center elementor-widget elementor-widget-button\" data-id=\"32f24e9\" data-element_type=\"widget\" data-widget_type=\"button.default\">\n\t\t\t\t<div class=\"elementor-widget-container\">\n\t\t\t\t\t\t\t\t\t<div class=\"elementor-button-wrapper\">\n\t\t\t\t\t<a class=\"elementor-button elementor-button-link elementor-size-sm\" href=\"http:\/\/www.korper.com.br\/wp-content\/uploads\/2021\/02\/unidade-de-agua-gelada-kra-precision.pdf\">\n\t\t\t\t\t\t<span class=\"elementor-button-content-wrapper\">\n\t\t\t\t\t\t\t\t\t<span class=\"elementor-button-text\">Descargar Catalogo<\/span>\n\t\t\t\t\t<\/span>\n\t\t\t\t\t<\/a>\n\t\t\t\t<\/div>\n\t\t\t\t\t\t\t\t<\/div>\n\t\t\t\t<\/div>\n\t\t\t\t<div class=\"elementor-element elementor-element-d5389d7 elementor-widget elementor-widget-text-editor\" data-id=\"d5389d7\" data-element_type=\"widget\" data-widget_type=\"text-editor.default\">\n\t\t\t\t<div class=\"elementor-widget-container\">\n\t\t\t\t\t\t\t\t\t<div class=\"flex-shrink-0 flex flex-col relative items-end\"><div><div class=\"pt-0\"><div class=\"gizmo-bot-avatar flex h-8 w-8 items-center justify-center overflow-hidden rounded-full\"><div class=\"relative p-1 rounded-sm flex items-center justify-center bg-token-main-surface-primary text-token-text-primary h-8 w-8\">\u00a0<\/div><\/div><\/div><\/div><\/div><div class=\"group\/conversation-turn relative flex w-full min-w-0 flex-col agent-turn\"><div class=\"flex-col gap-1 md:gap-3\"><div class=\"flex max-w-full flex-col flex-grow\"><div class=\"min-h-8 text-message flex w-full flex-col items-end gap-2 whitespace-normal break-words text-start [.text-message+&amp;]:mt-5\" dir=\"auto\" data-message-author-role=\"assistant\" data-message-id=\"89843f25-c90f-4931-ae28-8b5a49e10307\" data-message-model-slug=\"gpt-4o-mini\"><div class=\"flex w-full flex-col gap-1 empty:hidden first:pt-[3px]\"><div class=\"markdown prose w-full break-words dark:prose-invert light\"><p>La serie KRA de unidades de agua fr\u00eda est\u00e1 compuesta por equipos con condensaci\u00f3n por aire. Est\u00e1 indicada para ambientes ventilados, pudiendo ser instaladas incluso al aire libre, siendo altamente resistentes a las inclemencias del tiempo.<\/p><\/div><\/div><\/div><\/div><\/div><\/div>\t\t\t\t\t\t\t\t<\/div>\n\t\t\t\t<\/div>\n\t\t\t\t\t<\/div>\n\t\t\t\t<\/div>\n\t\t<div class=\"elementor-element elementor-element-0f5068f e-grid e-con-boxed e-con e-parent\" data-id=\"0f5068f\" data-element_type=\"container\" data-settings=\"{&quot;background_background&quot;:&quot;classic&quot;}\">\n\t\t\t\t\t<div class=\"e-con-inner\">\n\t\t\t\t<div class=\"elementor-element elementor-element-d412253 elementor-widget elementor-widget-image\" data-id=\"d412253\" data-element_type=\"widget\" data-widget_type=\"image.default\">\n\t\t\t\t<div class=\"elementor-widget-container\">\n\t\t\t\t\t\t\t\t\t\t\t\t\t\t\t<img fetchpriority=\"high\" decoding=\"async\" width=\"800\" height=\"488\" src=\"https:\/\/korper.com.br\/esp\/wp-content\/uploads\/2024\/12\/unidade-de-agua-gelada-kra-precision.jpg\" class=\"attachment-full size-full wp-image-1673\" alt=\"\" srcset=\"https:\/\/korper.com.br\/esp\/wp-content\/uploads\/2024\/12\/unidade-de-agua-gelada-kra-precision.jpg 800w, https:\/\/korper.com.br\/esp\/wp-content\/uploads\/2024\/12\/unidade-de-agua-gelada-kra-precision-300x183.jpg 300w, https:\/\/korper.com.br\/esp\/wp-content\/uploads\/2024\/12\/unidade-de-agua-gelada-kra-precision-768x468.jpg 768w\" sizes=\"(max-width: 800px) 100vw, 800px\" \/>\t\t\t\t\t\t\t\t\t\t\t\t\t\t\t<\/div>\n\t\t\t\t<\/div>\n\t\t\t\t\t<\/div>\n\t\t\t\t<\/div>\n\t\t<div class=\"elementor-element elementor-element-ab43d75 e-flex e-con-boxed e-con e-parent\" data-id=\"ab43d75\" data-element_type=\"container\" data-settings=\"{&quot;background_background&quot;:&quot;classic&quot;}\">\n\t\t\t\t\t<div class=\"e-con-inner\">\n\t\t\t\t<div class=\"elementor-element elementor-element-d16b3e2 elementor-widget elementor-widget-text-editor\" data-id=\"d16b3e2\" data-element_type=\"widget\" data-widget_type=\"text-editor.default\">\n\t\t\t\t<div class=\"elementor-widget-container\">\n\t\t\t\t\t\t\t\t\t<p><strong>Opcionales<\/strong><\/p><p>Posibilidad de personalizaci\u00f3n, ajuste de temperatura hasta -30\u00b0C, gabinete de acero inoxidable, bypass externo de agua, filtros de disco, v\u00e1lvulas de alivio, sensores de filtro sucio, diferencial de presi\u00f3n para filtros de los condensadores a aire, medidor de flujo electr\u00f3nico, atenuador de ruido e inversores de frecuencia para los ventiladores.<\/p><p><strong>Ventajas<\/strong><\/p><p>Capacidad de refrigeraci\u00f3n de 6.000 a 620.000 kcal\/h.<br \/>Condensaci\u00f3n a aire. Doble circuito de refrigeraci\u00f3n.<br \/>Ajuste de temperatura de 5\u00b0 a 25\u00b0C para haz tubular y de 7\u00b0 a 25\u00b0C para intercambiador de placas.<br \/>Equipo compacto, se adapta a espacios m\u00e1s peque\u00f1os. Gabinete cerrado o abierto de acero carbono con pintura electrost\u00e1tica.<br \/>Resistente a las inclemencias del tiempo, puede instalarse al aire libre.<br \/>Completo, con reservorio de agua, bomba y circuito hidr\u00e1ulico no oxidante.<br \/>V\u00e1lvula de alivio para la seguridad de los evaporadores contra bloqueo del proceso.<br \/>Controladores de v\u00e1lvula de expansi\u00f3n electr\u00f3nica individuales que facilitan el mantenimiento y reducen los da\u00f1os por paradas de la m\u00e1quina.<br \/>Condensador microcanal.<br \/>Fluido refrigerante R410A o R407C, ambos ecol\u00f3gicos.<br \/>CLP &#8211; controlador l\u00f3gico programable para operaci\u00f3n, diagn\u00f3stico y visualizaci\u00f3n de fallos.<br \/>IHM 3\u201d pantalla t\u00e1ctil de 3 colores con registro de historial de fallos. Programaci\u00f3n en software de f\u00e1cil interfaz y lenguaje abierto.<br \/>Tensi\u00f3n de comando 24 Vac, cumple con las normas brasile\u00f1as \u2013 NR10.<br \/>Control de capacidad para mejor operaci\u00f3n del equipo. Ventiladores de alto rendimiento, garantizando bajo consumo de energ\u00eda.<br \/>Encendido y apagado autom\u00e1tico.<br \/>Ajuste autom\u00e1tico de capacidad.<br \/>F\u00e1cil instalaci\u00f3n y operaci\u00f3n, listo para usar.<\/p><p><strong>Aplicaciones<\/strong><\/p><p>Todos los sectores industriales que requieren un proceso de refrigeraci\u00f3n de agua, como industrias pl\u00e1sticas, soldadura, farmac\u00e9utica, alimentaria, textil, qu\u00edmica, gr\u00e1fica, entre otras.<\/p>\t\t\t\t\t\t\t\t<\/div>\n\t\t\t\t<\/div>\n\t\t\t\t\t<\/div>\n\t\t\t\t<\/div>\n\t\t\t\t<\/div>\n\t\t","protected":false},"excerpt":{"rendered":"<p>Unidad de agua fr\u00eda Serie KRA Precision Descargar Catalogo \u00a0 La serie KRA de unidades de agua fr\u00eda est\u00e1 compuesta por equipos con condensaci\u00f3n por aire. Est\u00e1 indicada para ambientes ventilados, pudiendo ser instaladas incluso al aire libre, siendo altamente resistentes a las inclemencias del tiempo. Opcionales Posibilidad de personalizaci\u00f3n, ajuste de temperatura hasta -30\u00b0C, [&hellip;]<\/p>\n","protected":false},"author":1,"featured_media":0,"parent":0,"menu_order":0,"comment_status":"closed","ping_status":"closed","template":"","meta":{"site-sidebar-layout":"no-sidebar","site-content-layout":"page-builder","ast-site-content-layout":"full-width-container","site-content-style":"default","site-sidebar-style":"default","ast-global-header-display":"","ast-banner-title-visibility":"","ast-main-header-display":"","ast-hfb-above-header-display":"","ast-hfb-below-header-display":"","ast-hfb-mobile-header-display":"","site-post-title":"disabled","ast-breadcrumbs-content":"","ast-featured-img":"disabled","footer-sml-layout":"","theme-transparent-header-meta":"","adv-header-id-meta":"","stick-header-meta":"","header-above-stick-meta":"","header-main-stick-meta":"","header-below-stick-meta":"","astra-migrate-meta-layouts":"set","ast-page-background-enabled":"default","ast-page-background-meta":{"desktop":{"background-color":"","background-image":"","background-repeat":"repeat","background-position":"center center","background-size":"auto","background-attachment":"scroll","background-type":"","background-media":"","overlay-type":"","overlay-color":"","overlay-opacity":"","overlay-gradient":""},"tablet":{"background-color":"","background-image":"","background-repeat":"repeat","background-position":"center center","background-size":"auto","background-attachment":"scroll","background-type":"","background-media":"","overlay-type":"","overlay-color":"","overlay-opacity":"","overlay-gradient":""},"mobile":{"background-color":"","background-image":"","background-repeat":"repeat","background-position":"center center","background-size":"auto","background-attachment":"scroll","background-type":"","background-media":"","overlay-type":"","overlay-color":"","overlay-opacity":"","overlay-gradient":""}},"ast-content-background-meta":{"desktop":{"background-color":"var(--ast-global-color-5)","background-image":"","background-repeat":"repeat","background-position":"center center","background-size":"auto","background-attachment":"scroll","background-type":"","background-media":"","overlay-type":"","overlay-color":"","overlay-opacity":"","overlay-gradient":""},"tablet":{"background-color":"var(--ast-global-color-5)","background-image":"","background-repeat":"repeat","background-position":"center center","background-size":"auto","background-attachment":"scroll","background-type":"","background-media":"","overlay-type":"","overlay-color":"","overlay-opacity":"","overlay-gradient":""},"mobile":{"background-color":"var(--ast-global-color-5)","background-image":"","background-repeat":"repeat","background-position":"center center","background-size":"auto","background-attachment":"scroll","background-type":"","background-media":"","overlay-type":"","overlay-color":"","overlay-opacity":"","overlay-gradient":""}},"footnotes":""},"class_list":["post-1671","page","type-page","status-publish","hentry"],"_links":{"self":[{"href":"https:\/\/korper.com.br\/esp\/wp-json\/wp\/v2\/pages\/1671","targetHints":{"allow":["GET"]}}],"collection":[{"href":"https:\/\/korper.com.br\/esp\/wp-json\/wp\/v2\/pages"}],"about":[{"href":"https:\/\/korper.com.br\/esp\/wp-json\/wp\/v2\/types\/page"}],"author":[{"embeddable":true,"href":"https:\/\/korper.com.br\/esp\/wp-json\/wp\/v2\/users\/1"}],"replies":[{"embeddable":true,"href":"https:\/\/korper.com.br\/esp\/wp-json\/wp\/v2\/comments?post=1671"}],"version-history":[{"count":8,"href":"https:\/\/korper.com.br\/esp\/wp-json\/wp\/v2\/pages\/1671\/revisions"}],"predecessor-version":[{"id":2627,"href":"https:\/\/korper.com.br\/esp\/wp-json\/wp\/v2\/pages\/1671\/revisions\/2627"}],"wp:attachment":[{"href":"https:\/\/korper.com.br\/esp\/wp-json\/wp\/v2\/media?parent=1671"}],"curies":[{"name":"wp","href":"https:\/\/api.w.org\/{rel}","templated":true}]}}