{"id":1770,"date":"2024-12-18T14:49:35","date_gmt":"2024-12-18T17:49:35","guid":{"rendered":"http:\/\/korper2024.provisorio.ws\/?page_id=1770"},"modified":"2025-01-25T12:01:56","modified_gmt":"2025-01-25T15:01:56","slug":"mantenimiento_correctivo_de_equipos","status":"publish","type":"page","link":"https:\/\/korper.com.br\/esp\/mantenimiento_correctivo_de_equipos\/","title":{"rendered":"Mantenimiento correctivo de equipos"},"content":{"rendered":"\t\t<div data-elementor-type=\"wp-page\" data-elementor-id=\"1770\" class=\"elementor elementor-1770\" data-elementor-post-type=\"page\">\n\t\t\t\t<div class=\"elementor-element elementor-element-7823712 e-flex e-con-boxed e-con e-parent\" data-id=\"7823712\" data-element_type=\"container\" data-settings=\"{&quot;background_background&quot;:&quot;classic&quot;}\">\n\t\t\t\t\t<div class=\"e-con-inner\">\n\t\t\t\t<div class=\"elementor-element elementor-element-6fe1cce elementor-widget elementor-widget-heading\" data-id=\"6fe1cce\" data-element_type=\"widget\" data-widget_type=\"heading.default\">\n\t\t\t\t<div class=\"elementor-widget-container\">\n\t\t\t\t\t<h2 class=\"elementor-heading-title elementor-size-default\">Mantenimiento correctivo de equipos<\/h2>\t\t\t\t<\/div>\n\t\t\t\t<\/div>\n\t\t\t\t\t<\/div>\n\t\t\t\t<\/div>\n\t\t<div class=\"elementor-element elementor-element-21981d7 e-flex e-con-boxed e-con e-parent\" data-id=\"21981d7\" data-element_type=\"container\" data-settings=\"{&quot;background_background&quot;:&quot;classic&quot;}\">\n\t\t\t\t\t<div class=\"e-con-inner\">\n\t\t<div class=\"elementor-element elementor-element-039d937 e-con-full e-flex e-con e-child\" data-id=\"039d937\" data-element_type=\"container\">\n\t\t\t\t<div class=\"elementor-element elementor-element-8dda02a elementor-widget elementor-widget-image\" data-id=\"8dda02a\" data-element_type=\"widget\" data-widget_type=\"image.default\">\n\t\t\t\t<div class=\"elementor-widget-container\">\n\t\t\t\t\t\t\t\t\t\t\t\t\t\t\t<img fetchpriority=\"high\" decoding=\"async\" width=\"225\" height=\"300\" src=\"https:\/\/korper.com.br\/esp\/wp-content\/uploads\/2024\/12\/Manutencao-corretiva-225x300-1.jpg\" class=\"attachment-large size-large wp-image-1772\" alt=\"\" \/>\t\t\t\t\t\t\t\t\t\t\t\t\t\t\t<\/div>\n\t\t\t\t<\/div>\n\t\t\t\t<\/div>\n\t\t<div class=\"elementor-element elementor-element-c9e07dd e-con-full e-flex e-con e-child\" data-id=\"c9e07dd\" data-element_type=\"container\">\n\t\t\t\t<div class=\"elementor-element elementor-element-9a316b9 elementor-widget elementor-widget-text-editor\" data-id=\"9a316b9\" data-element_type=\"widget\" data-widget_type=\"text-editor.default\">\n\t\t\t\t<div class=\"elementor-widget-container\">\n\t\t\t\t\t\t\t\t\t<p>La mantenci\u00f3n correctiva se realiza cuando el enfriador ya est\u00e1 presentando un defecto o falla que necesita ser corregida de inmediato.<\/p><p>Es com\u00fan que algunos componentes vitales de los enfriadores presenten un desgaste natural despu\u00e9s de un largo per\u00edodo de operaci\u00f3n, lo que tambi\u00e9n genera cambios en su funcionamiento.<\/p><p>En el servicio de mantenci\u00f3n correctiva, el t\u00e9cnico responsable realizar\u00e1 un an\u00e1lisis general de la estructura y de todos los componentes del equipo, con el fin de identificar qu\u00e9 puede estar ocasionando la falla. Una vez realizado el diagn\u00f3stico, adoptar\u00e1 la medida m\u00e1s recomendada para solucionarlo r\u00e1pidamente.<\/p><p>Es importante resaltar que la mantenci\u00f3n correctiva de los enfriadores debe ser efectuada por t\u00e9cnicos capacitados, ya que cualquier maniobra incorrecta podr\u00eda ocasionar la p\u00e9rdida de la garant\u00eda del equipo.<\/p><p>K\u00f6rper opera en todo Brasil realizando servicios de mantenci\u00f3n correctiva, suministro de piezas de repuesto, reformas completas de enfriadores y la conversi\u00f3n de torres de enfriamiento de circuito abierto en circuito cerrado.<\/p><p>P\u00f3ngase en contacto con el Servicio T\u00e9cnico de K\u00f6rper: <a rel=\"noopener\">assistencia.tecnica@korper.com.br<\/a><\/p>\t\t\t\t\t\t\t\t<\/div>\n\t\t\t\t<\/div>\n\t\t\t\t<\/div>\n\t\t\t\t\t<\/div>\n\t\t\t\t<\/div>\n\t\t\t\t<\/div>\n\t\t","protected":false},"excerpt":{"rendered":"<p>Mantenimiento correctivo de equipos La mantenci\u00f3n correctiva se realiza cuando el enfriador ya est\u00e1 presentando un defecto o falla que necesita ser corregida de inmediato. Es com\u00fan que algunos componentes vitales de los enfriadores presenten un desgaste natural despu\u00e9s de un largo per\u00edodo de operaci\u00f3n, lo que tambi\u00e9n genera cambios en su funcionamiento. En el [&hellip;]<\/p>\n","protected":false},"author":1,"featured_media":0,"parent":0,"menu_order":0,"comment_status":"closed","ping_status":"closed","template":"","meta":{"site-sidebar-layout":"no-sidebar","site-content-layout":"page-builder","ast-site-content-layout":"full-width-container","site-content-style":"default","site-sidebar-style":"default","ast-global-header-display":"","ast-banner-title-visibility":"","ast-main-header-display":"","ast-hfb-above-header-display":"","ast-hfb-below-header-display":"","ast-hfb-mobile-header-display":"","site-post-title":"disabled","ast-breadcrumbs-content":"","ast-featured-img":"disabled","footer-sml-layout":"","theme-transparent-header-meta":"","adv-header-id-meta":"","stick-header-meta":"","header-above-stick-meta":"","header-main-stick-meta":"","header-below-stick-meta":"","astra-migrate-meta-layouts":"set","ast-page-background-enabled":"default","ast-page-background-meta":{"desktop":{"background-color":"","background-image":"","background-repeat":"repeat","background-position":"center center","background-size":"auto","background-attachment":"scroll","background-type":"","background-media":"","overlay-type":"","overlay-color":"","overlay-opacity":"","overlay-gradient":""},"tablet":{"background-color":"","background-image":"","background-repeat":"repeat","background-position":"center center","background-size":"auto","background-attachment":"scroll","background-type":"","background-media":"","overlay-type":"","overlay-color":"","overlay-opacity":"","overlay-gradient":""},"mobile":{"background-color":"","background-image":"","background-repeat":"repeat","background-position":"center center","background-size":"auto","background-attachment":"scroll","background-type":"","background-media":"","overlay-type":"","overlay-color":"","overlay-opacity":"","overlay-gradient":""}},"ast-content-background-meta":{"desktop":{"background-color":"var(--ast-global-color-5)","background-image":"","background-repeat":"repeat","background-position":"center center","background-size":"auto","background-attachment":"scroll","background-type":"","background-media":"","overlay-type":"","overlay-color":"","overlay-opacity":"","overlay-gradient":""},"tablet":{"background-color":"var(--ast-global-color-5)","background-image":"","background-repeat":"repeat","background-position":"center center","background-size":"auto","background-attachment":"scroll","background-type":"","background-media":"","overlay-type":"","overlay-color":"","overlay-opacity":"","overlay-gradient":""},"mobile":{"background-color":"var(--ast-global-color-5)","background-image":"","background-repeat":"repeat","background-position":"center center","background-size":"auto","background-attachment":"scroll","background-type":"","background-media":"","overlay-type":"","overlay-color":"","overlay-opacity":"","overlay-gradient":""}},"footnotes":""},"class_list":["post-1770","page","type-page","status-publish","hentry"],"_links":{"self":[{"href":"https:\/\/korper.com.br\/esp\/wp-json\/wp\/v2\/pages\/1770","targetHints":{"allow":["GET"]}}],"collection":[{"href":"https:\/\/korper.com.br\/esp\/wp-json\/wp\/v2\/pages"}],"about":[{"href":"https:\/\/korper.com.br\/esp\/wp-json\/wp\/v2\/types\/page"}],"author":[{"embeddable":true,"href":"https:\/\/korper.com.br\/esp\/wp-json\/wp\/v2\/users\/1"}],"replies":[{"embeddable":true,"href":"https:\/\/korper.com.br\/esp\/wp-json\/wp\/v2\/comments?post=1770"}],"version-history":[{"count":8,"href":"https:\/\/korper.com.br\/esp\/wp-json\/wp\/v2\/pages\/1770\/revisions"}],"predecessor-version":[{"id":2514,"href":"https:\/\/korper.com.br\/esp\/wp-json\/wp\/v2\/pages\/1770\/revisions\/2514"}],"wp:attachment":[{"href":"https:\/\/korper.com.br\/esp\/wp-json\/wp\/v2\/media?parent=1770"}],"curies":[{"name":"wp","href":"https:\/\/api.w.org\/{rel}","templated":true}]}}