{"id":1783,"date":"2024-12-18T15:00:03","date_gmt":"2024-12-18T18:00:03","guid":{"rendered":"http:\/\/korper2024.provisorio.ws\/?page_id=1783"},"modified":"2025-01-25T11:07:07","modified_gmt":"2025-01-25T14:07:07","slug":"asesoria_tecnica","status":"publish","type":"page","link":"https:\/\/korper.com.br\/esp\/asesoria_tecnica\/","title":{"rendered":"Asesor\u00eda t\u00e9cnica"},"content":{"rendered":"\t\t<div data-elementor-type=\"wp-page\" data-elementor-id=\"1783\" class=\"elementor elementor-1783\" data-elementor-post-type=\"page\">\n\t\t\t\t<div class=\"elementor-element elementor-element-7823712 e-flex e-con-boxed e-con e-parent\" data-id=\"7823712\" data-element_type=\"container\" data-settings=\"{&quot;background_background&quot;:&quot;classic&quot;}\">\n\t\t\t\t\t<div class=\"e-con-inner\">\n\t\t\t\t<div class=\"elementor-element elementor-element-6fe1cce elementor-widget elementor-widget-heading\" data-id=\"6fe1cce\" data-element_type=\"widget\" data-widget_type=\"heading.default\">\n\t\t\t\t<div class=\"elementor-widget-container\">\n\t\t\t\t\t<h2 class=\"elementor-heading-title elementor-size-default\">Asesor\u00eda t\u00e9cnica<\/h2>\t\t\t\t<\/div>\n\t\t\t\t<\/div>\n\t\t\t\t\t<\/div>\n\t\t\t\t<\/div>\n\t\t<div class=\"elementor-element elementor-element-21981d7 e-flex e-con-boxed e-con e-parent\" data-id=\"21981d7\" data-element_type=\"container\" data-settings=\"{&quot;background_background&quot;:&quot;classic&quot;}\">\n\t\t\t\t\t<div class=\"e-con-inner\">\n\t\t<div class=\"elementor-element elementor-element-039d937 e-con-full e-flex e-con e-child\" data-id=\"039d937\" data-element_type=\"container\">\n\t\t\t\t<div class=\"elementor-element elementor-element-8dda02a elementor-widget elementor-widget-image\" data-id=\"8dda02a\" data-element_type=\"widget\" data-widget_type=\"image.default\">\n\t\t\t\t<div class=\"elementor-widget-container\">\n\t\t\t\t\t\t\t\t\t\t\t\t\t\t\t<img fetchpriority=\"high\" decoding=\"async\" width=\"300\" height=\"175\" src=\"https:\/\/korper.com.br\/esp\/wp-content\/uploads\/2024\/12\/consultoria-tecnica-300x175-1.jpg\" class=\"attachment-large size-large wp-image-1785\" alt=\"\" \/>\t\t\t\t\t\t\t\t\t\t\t\t\t\t\t<\/div>\n\t\t\t\t<\/div>\n\t\t\t\t<\/div>\n\t\t<div class=\"elementor-element elementor-element-c9e07dd e-con-full e-flex e-con e-child\" data-id=\"c9e07dd\" data-element_type=\"container\">\n\t\t\t\t<div class=\"elementor-element elementor-element-9a316b9 elementor-widget elementor-widget-text-editor\" data-id=\"9a316b9\" data-element_type=\"widget\" data-widget_type=\"text-editor.default\">\n\t\t\t\t<div class=\"elementor-widget-container\">\n\t\t\t\t\t\t\t\t\t<p>Basada en la experiencia adquirida a trav\u00e9s de la elaboraci\u00f3n y ejecuci\u00f3n de innumerables proyectos e instalaciones hidr\u00e1ulicas, K\u00f6rper est\u00e1 capacitada para brindar asesor\u00eda t\u00e9cnica en el seguimiento y gesti\u00f3n de obras de los m\u00e1s diversos niveles de complejidad.<\/p><p>Adem\u00e1s, ofrece reformas y modificaciones de sistemas para incrementar el rendimiento del equipo y atender las nuevas necesidades de las instalaciones.<\/p>\t\t\t\t\t\t\t\t<\/div>\n\t\t\t\t<\/div>\n\t\t\t\t<\/div>\n\t\t\t\t\t<\/div>\n\t\t\t\t<\/div>\n\t\t\t\t<\/div>\n\t\t","protected":false},"excerpt":{"rendered":"<p>Asesor\u00eda t\u00e9cnica Basada en la experiencia adquirida a trav\u00e9s de la elaboraci\u00f3n y ejecuci\u00f3n de innumerables proyectos e instalaciones hidr\u00e1ulicas, K\u00f6rper est\u00e1 capacitada para brindar asesor\u00eda t\u00e9cnica en el seguimiento y gesti\u00f3n de obras de los m\u00e1s diversos niveles de complejidad. Adem\u00e1s, ofrece reformas y modificaciones de sistemas para incrementar el rendimiento del equipo y [&hellip;]<\/p>\n","protected":false},"author":1,"featured_media":0,"parent":0,"menu_order":0,"comment_status":"closed","ping_status":"closed","template":"","meta":{"site-sidebar-layout":"no-sidebar","site-content-layout":"page-builder","ast-site-content-layout":"full-width-container","site-content-style":"default","site-sidebar-style":"default","ast-global-header-display":"","ast-banner-title-visibility":"","ast-main-header-display":"","ast-hfb-above-header-display":"","ast-hfb-below-header-display":"","ast-hfb-mobile-header-display":"","site-post-title":"disabled","ast-breadcrumbs-content":"","ast-featured-img":"disabled","footer-sml-layout":"","theme-transparent-header-meta":"","adv-header-id-meta":"","stick-header-meta":"","header-above-stick-meta":"","header-main-stick-meta":"","header-below-stick-meta":"","astra-migrate-meta-layouts":"set","ast-page-background-enabled":"default","ast-page-background-meta":{"desktop":{"background-color":"","background-image":"","background-repeat":"repeat","background-position":"center center","background-size":"auto","background-attachment":"scroll","background-type":"","background-media":"","overlay-type":"","overlay-color":"","overlay-opacity":"","overlay-gradient":""},"tablet":{"background-color":"","background-image":"","background-repeat":"repeat","background-position":"center center","background-size":"auto","background-attachment":"scroll","background-type":"","background-media":"","overlay-type":"","overlay-color":"","overlay-opacity":"","overlay-gradient":""},"mobile":{"background-color":"","background-image":"","background-repeat":"repeat","background-position":"center center","background-size":"auto","background-attachment":"scroll","background-type":"","background-media":"","overlay-type":"","overlay-color":"","overlay-opacity":"","overlay-gradient":""}},"ast-content-background-meta":{"desktop":{"background-color":"var(--ast-global-color-5)","background-image":"","background-repeat":"repeat","background-position":"center center","background-size":"auto","background-attachment":"scroll","background-type":"","background-media":"","overlay-type":"","overlay-color":"","overlay-opacity":"","overlay-gradient":""},"tablet":{"background-color":"var(--ast-global-color-5)","background-image":"","background-repeat":"repeat","background-position":"center center","background-size":"auto","background-attachment":"scroll","background-type":"","background-media":"","overlay-type":"","overlay-color":"","overlay-opacity":"","overlay-gradient":""},"mobile":{"background-color":"var(--ast-global-color-5)","background-image":"","background-repeat":"repeat","background-position":"center center","background-size":"auto","background-attachment":"scroll","background-type":"","background-media":"","overlay-type":"","overlay-color":"","overlay-opacity":"","overlay-gradient":""}},"footnotes":""},"class_list":["post-1783","page","type-page","status-publish","hentry"],"_links":{"self":[{"href":"https:\/\/korper.com.br\/esp\/wp-json\/wp\/v2\/pages\/1783","targetHints":{"allow":["GET"]}}],"collection":[{"href":"https:\/\/korper.com.br\/esp\/wp-json\/wp\/v2\/pages"}],"about":[{"href":"https:\/\/korper.com.br\/esp\/wp-json\/wp\/v2\/types\/page"}],"author":[{"embeddable":true,"href":"https:\/\/korper.com.br\/esp\/wp-json\/wp\/v2\/users\/1"}],"replies":[{"embeddable":true,"href":"https:\/\/korper.com.br\/esp\/wp-json\/wp\/v2\/comments?post=1783"}],"version-history":[{"count":8,"href":"https:\/\/korper.com.br\/esp\/wp-json\/wp\/v2\/pages\/1783\/revisions"}],"predecessor-version":[{"id":2484,"href":"https:\/\/korper.com.br\/esp\/wp-json\/wp\/v2\/pages\/1783\/revisions\/2484"}],"wp:attachment":[{"href":"https:\/\/korper.com.br\/esp\/wp-json\/wp\/v2\/media?parent=1783"}],"curies":[{"name":"wp","href":"https:\/\/api.w.org\/{rel}","templated":true}]}}