{"id":1789,"date":"2024-12-18T15:03:14","date_gmt":"2024-12-18T18:03:14","guid":{"rendered":"http:\/\/korper2024.provisorio.ws\/?page_id=1789"},"modified":"2025-01-25T12:25:24","modified_gmt":"2025-01-25T15:25:24","slug":"servicio_de_medicion_de_caudal_de_agua","status":"publish","type":"page","link":"https:\/\/korper.com.br\/esp\/servicio_de_medicion_de_caudal_de_agua\/","title":{"rendered":"Servicio de medici\u00f3n de caudal de agua"},"content":{"rendered":"\t\t<div data-elementor-type=\"wp-page\" data-elementor-id=\"1789\" class=\"elementor elementor-1789\" data-elementor-post-type=\"page\">\n\t\t\t\t<div class=\"elementor-element elementor-element-7823712 e-flex e-con-boxed e-con e-parent\" data-id=\"7823712\" data-element_type=\"container\" data-settings=\"{&quot;background_background&quot;:&quot;classic&quot;}\">\n\t\t\t\t\t<div class=\"e-con-inner\">\n\t\t\t\t<div class=\"elementor-element elementor-element-6fe1cce elementor-widget elementor-widget-heading\" data-id=\"6fe1cce\" data-element_type=\"widget\" data-widget_type=\"heading.default\">\n\t\t\t\t<div class=\"elementor-widget-container\">\n\t\t\t\t\t<h2 class=\"elementor-heading-title elementor-size-default\">Servicio de medici\u00f3n de caudal de agua<\/h2>\t\t\t\t<\/div>\n\t\t\t\t<\/div>\n\t\t\t\t\t<\/div>\n\t\t\t\t<\/div>\n\t\t<div class=\"elementor-element elementor-element-21981d7 e-flex e-con-boxed e-con e-parent\" data-id=\"21981d7\" data-element_type=\"container\" data-settings=\"{&quot;background_background&quot;:&quot;classic&quot;}\">\n\t\t\t\t\t<div class=\"e-con-inner\">\n\t\t<div class=\"elementor-element elementor-element-039d937 e-con-full e-flex e-con e-child\" data-id=\"039d937\" data-element_type=\"container\">\n\t\t\t\t<div class=\"elementor-element elementor-element-8dda02a elementor-widget elementor-widget-image\" data-id=\"8dda02a\" data-element_type=\"widget\" data-widget_type=\"image.default\">\n\t\t\t\t<div class=\"elementor-widget-container\">\n\t\t\t\t\t\t\t\t\t\t\t\t\t\t\t<img fetchpriority=\"high\" decoding=\"async\" width=\"768\" height=\"432\" src=\"https:\/\/korper.com.br\/esp\/wp-content\/uploads\/2024\/12\/servico-de-medicao-de-agua-768x432-1.jpg\" class=\"attachment-large size-large wp-image-1791\" alt=\"\" srcset=\"https:\/\/korper.com.br\/esp\/wp-content\/uploads\/2024\/12\/servico-de-medicao-de-agua-768x432-1.jpg 768w, https:\/\/korper.com.br\/esp\/wp-content\/uploads\/2024\/12\/servico-de-medicao-de-agua-768x432-1-300x169.jpg 300w\" sizes=\"(max-width: 768px) 100vw, 768px\" \/>\t\t\t\t\t\t\t\t\t\t\t\t\t\t\t<\/div>\n\t\t\t\t<\/div>\n\t\t\t\t<\/div>\n\t\t<div class=\"elementor-element elementor-element-c9e07dd e-con-full e-flex e-con e-child\" data-id=\"c9e07dd\" data-element_type=\"container\">\n\t\t\t\t<div class=\"elementor-element elementor-element-9a316b9 elementor-widget elementor-widget-text-editor\" data-id=\"9a316b9\" data-element_type=\"widget\" data-widget_type=\"text-editor.default\">\n\t\t\t\t<div class=\"elementor-widget-container\">\n\t\t\t\t\t\t\t\t\t<div class=\"flex-shrink-0 flex flex-col relative items-end\"><div><div class=\"pt-0\"><div class=\"gizmo-bot-avatar flex h-8 w-8 items-center justify-center overflow-hidden rounded-full\"><div class=\"relative p-1 rounded-sm flex items-center justify-center bg-token-main-surface-primary text-token-text-primary h-8 w-8\">\u00a0<\/div><\/div><\/div><\/div><\/div><div class=\"group\/conversation-turn relative flex w-full min-w-0 flex-col agent-turn\"><div class=\"flex-col gap-1 md:gap-3\"><div class=\"flex max-w-full flex-col flex-grow\"><div class=\"min-h-8 text-message flex w-full flex-col items-end gap-2 whitespace-normal break-words text-start [.text-message+&amp;]:mt-5\" dir=\"auto\" data-message-author-role=\"assistant\" data-message-id=\"d7385b87-2e61-47ed-8e07-38d1479a8cd8\" data-message-model-slug=\"gpt-4o-mini\"><div class=\"flex w-full flex-col gap-1 empty:hidden first:pt-[3px]\"><div class=\"markdown prose w-full break-words dark:prose-invert light\"><p>K\u00f6rper acaba de incrementar su portafolio de servicios, y ahora ofrece el servicio de medici\u00f3n de caudal de agua en instalaciones hidr\u00e1ulicas.<\/p><p>\u2013 \u00bfPara qu\u00e9 sirve esta medici\u00f3n?<\/p><p>El servicio de medici\u00f3n de caudal de agua permite el mapeo hidr\u00e1ulico del sistema de enfriamiento, proporcionando informaci\u00f3n confiable para la planificaci\u00f3n de retrofit, redimensionamiento o expansi\u00f3n de instalaciones antiguas.<\/p><p>\u2013 \u00bfEn qu\u00e9 tipo de instalaci\u00f3n se puede realizar?<\/p><\/div><\/div><\/div><\/div><\/div><\/div>\t\t\t\t\t\t\t\t<\/div>\n\t\t\t\t<\/div>\n\t\t\t\t<\/div>\n\t\t\t\t\t<\/div>\n\t\t\t\t<\/div>\n\t\t<div class=\"elementor-element elementor-element-b09bf69 e-flex e-con-boxed e-con e-parent\" data-id=\"b09bf69\" data-element_type=\"container\" data-settings=\"{&quot;background_background&quot;:&quot;classic&quot;}\">\n\t\t\t\t\t<div class=\"e-con-inner\">\n\t\t\t\t<div class=\"elementor-element elementor-element-66a1dcf elementor-widget elementor-widget-text-editor\" data-id=\"66a1dcf\" data-element_type=\"widget\" data-widget_type=\"text-editor.default\">\n\t\t\t\t<div class=\"elementor-widget-container\">\n\t\t\t\t\t\t\t\t\t<div class=\"flex-shrink-0 flex flex-col relative items-end\"><div><div class=\"pt-0\"><div class=\"gizmo-bot-avatar flex h-8 w-8 items-center justify-center overflow-hidden rounded-full\"><div class=\"relative p-1 rounded-sm flex items-center justify-center bg-token-main-surface-primary text-token-text-primary h-8 w-8\"><span style=\"font-size: 16px;\">Esta medici\u00f3n se puede realizar en tuber\u00edas de cualquier material y di\u00e1metro, independientemente de la longitud de la l\u00ednea, caudal de trabajo o fluido utilizado.<\/span><\/div><\/div><\/div><\/div><\/div><div class=\"group\/conversation-turn relative flex w-full min-w-0 flex-col agent-turn\"><div class=\"flex-col gap-1 md:gap-3\"><div class=\"flex max-w-full flex-col flex-grow\"><div class=\"min-h-8 text-message flex w-full flex-col items-end gap-2 whitespace-normal break-words text-start [.text-message+&amp;]:mt-5\" dir=\"auto\" data-message-author-role=\"assistant\" data-message-id=\"e89b0c5d-58ba-4c51-818e-538048021943\" data-message-model-slug=\"gpt-4o-mini\"><div class=\"flex w-full flex-col gap-1 empty:hidden first:pt-[3px]\"><div class=\"markdown prose w-full break-words dark:prose-invert light\"><p>\u2013 \u00bfC\u00f3mo se realiza?<\/p><p>Para realizar la medici\u00f3n, se utiliza un equipo con sensores ultras\u00f3nicos, lo que hace que la intervenci\u00f3n sea no invasiva y evita la detenci\u00f3n del proceso. Adem\u00e1s, el equipo port\u00e1til garantiza una mayor flexibilidad para medir en varios puntos.<\/p><p>Adem\u00e1s del servicio de medici\u00f3n de caudal de agua, K\u00f6rper tambi\u00e9n ofrece:<\/p><p>Medici\u00f3n de temperatura, presi\u00f3n, caudal de aire y nivel de ruido. Consultor\u00eda t\u00e9cnica para retrofit, mejora del rendimiento o nuevas instalaciones hidr\u00e1ulicas.<\/p><p>P\u00f3ngase en contacto con K\u00f6rper y descubra qu\u00e9 m\u00e1s se puede hacer para mejorar su proceso.<\/p><\/div><\/div><\/div><\/div><\/div><\/div>\t\t\t\t\t\t\t\t<\/div>\n\t\t\t\t<\/div>\n\t\t\t\t\t<\/div>\n\t\t\t\t<\/div>\n\t\t\t\t<\/div>\n\t\t","protected":false},"excerpt":{"rendered":"<p>Servicio de medici\u00f3n de caudal de agua \u00a0 K\u00f6rper acaba de incrementar su portafolio de servicios, y ahora ofrece el servicio de medici\u00f3n de caudal de agua en instalaciones hidr\u00e1ulicas. \u2013 \u00bfPara qu\u00e9 sirve esta medici\u00f3n? El servicio de medici\u00f3n de caudal de agua permite el mapeo hidr\u00e1ulico del sistema de enfriamiento, proporcionando informaci\u00f3n confiable [&hellip;]<\/p>\n","protected":false},"author":1,"featured_media":0,"parent":0,"menu_order":0,"comment_status":"closed","ping_status":"closed","template":"","meta":{"site-sidebar-layout":"no-sidebar","site-content-layout":"page-builder","ast-site-content-layout":"full-width-container","site-content-style":"default","site-sidebar-style":"default","ast-global-header-display":"","ast-banner-title-visibility":"","ast-main-header-display":"","ast-hfb-above-header-display":"","ast-hfb-below-header-display":"","ast-hfb-mobile-header-display":"","site-post-title":"disabled","ast-breadcrumbs-content":"","ast-featured-img":"disabled","footer-sml-layout":"","theme-transparent-header-meta":"","adv-header-id-meta":"","stick-header-meta":"","header-above-stick-meta":"","header-main-stick-meta":"","header-below-stick-meta":"","astra-migrate-meta-layouts":"set","ast-page-background-enabled":"default","ast-page-background-meta":{"desktop":{"background-color":"","background-image":"","background-repeat":"repeat","background-position":"center center","background-size":"auto","background-attachment":"scroll","background-type":"","background-media":"","overlay-type":"","overlay-color":"","overlay-opacity":"","overlay-gradient":""},"tablet":{"background-color":"","background-image":"","background-repeat":"repeat","background-position":"center center","background-size":"auto","background-attachment":"scroll","background-type":"","background-media":"","overlay-type":"","overlay-color":"","overlay-opacity":"","overlay-gradient":""},"mobile":{"background-color":"","background-image":"","background-repeat":"repeat","background-position":"center center","background-size":"auto","background-attachment":"scroll","background-type":"","background-media":"","overlay-type":"","overlay-color":"","overlay-opacity":"","overlay-gradient":""}},"ast-content-background-meta":{"desktop":{"background-color":"var(--ast-global-color-5)","background-image":"","background-repeat":"repeat","background-position":"center center","background-size":"auto","background-attachment":"scroll","background-type":"","background-media":"","overlay-type":"","overlay-color":"","overlay-opacity":"","overlay-gradient":""},"tablet":{"background-color":"var(--ast-global-color-5)","background-image":"","background-repeat":"repeat","background-position":"center center","background-size":"auto","background-attachment":"scroll","background-type":"","background-media":"","overlay-type":"","overlay-color":"","overlay-opacity":"","overlay-gradient":""},"mobile":{"background-color":"var(--ast-global-color-5)","background-image":"","background-repeat":"repeat","background-position":"center center","background-size":"auto","background-attachment":"scroll","background-type":"","background-media":"","overlay-type":"","overlay-color":"","overlay-opacity":"","overlay-gradient":""}},"footnotes":""},"class_list":["post-1789","page","type-page","status-publish","hentry"],"_links":{"self":[{"href":"https:\/\/korper.com.br\/esp\/wp-json\/wp\/v2\/pages\/1789","targetHints":{"allow":["GET"]}}],"collection":[{"href":"https:\/\/korper.com.br\/esp\/wp-json\/wp\/v2\/pages"}],"about":[{"href":"https:\/\/korper.com.br\/esp\/wp-json\/wp\/v2\/types\/page"}],"author":[{"embeddable":true,"href":"https:\/\/korper.com.br\/esp\/wp-json\/wp\/v2\/users\/1"}],"replies":[{"embeddable":true,"href":"https:\/\/korper.com.br\/esp\/wp-json\/wp\/v2\/comments?post=1789"}],"version-history":[{"count":8,"href":"https:\/\/korper.com.br\/esp\/wp-json\/wp\/v2\/pages\/1789\/revisions"}],"predecessor-version":[{"id":2535,"href":"https:\/\/korper.com.br\/esp\/wp-json\/wp\/v2\/pages\/1789\/revisions\/2535"}],"wp:attachment":[{"href":"https:\/\/korper.com.br\/esp\/wp-json\/wp\/v2\/media?parent=1789"}],"curies":[{"name":"wp","href":"https:\/\/api.w.org\/{rel}","templated":true}]}}