{"id":1809,"date":"2024-12-18T16:02:22","date_gmt":"2024-12-18T19:02:22","guid":{"rendered":"http:\/\/korper2024.provisorio.ws\/?page_id=1809"},"modified":"2025-01-26T08:54:35","modified_gmt":"2025-01-26T11:54:35","slug":"contacto","status":"publish","type":"page","link":"https:\/\/korper.com.br\/esp\/contacto\/","title":{"rendered":"Contacto"},"content":{"rendered":"\t\t<div data-elementor-type=\"wp-page\" data-elementor-id=\"1809\" class=\"elementor elementor-1809\" data-elementor-post-type=\"page\">\n\t\t\t\t<div class=\"elementor-element elementor-element-7b8c9a5 e-flex e-con-boxed e-con e-parent\" data-id=\"7b8c9a5\" data-element_type=\"container\" data-settings=\"{&quot;background_background&quot;:&quot;classic&quot;}\">\n\t\t\t\t\t<div class=\"e-con-inner\">\n\t\t\t\t<div class=\"elementor-element elementor-element-7e61fbb elementor-widget elementor-widget-heading\" data-id=\"7e61fbb\" data-element_type=\"widget\" data-widget_type=\"heading.default\">\n\t\t\t\t<div class=\"elementor-widget-container\">\n\t\t\t\t\t<h2 class=\"elementor-heading-title elementor-size-default\">Contato<\/h2>\t\t\t\t<\/div>\n\t\t\t\t<\/div>\n\t\t\t\t\t<\/div>\n\t\t\t\t<\/div>\n\t\t<div class=\"elementor-element elementor-element-82755a1 e-flex e-con-boxed e-con e-parent\" data-id=\"82755a1\" data-element_type=\"container\" data-settings=\"{&quot;background_background&quot;:&quot;classic&quot;}\">\n\t\t\t\t\t<div class=\"e-con-inner\">\n\t\t<div class=\"elementor-element elementor-element-329f9b9 e-con-full e-flex e-con e-child\" data-id=\"329f9b9\" data-element_type=\"container\">\n\t\t\t\t<div class=\"elementor-element elementor-element-bb362c7 elementor-widget elementor-widget-wpforms\" data-id=\"bb362c7\" data-element_type=\"widget\" data-widget_type=\"wpforms.default\">\n\t\t\t\t<div class=\"elementor-widget-container\">\n\t\t\t\t\t<div class=\"wpforms-container \" id=\"wpforms-1803\"><form id=\"wpforms-form-1803\" class=\"wpforms-validate wpforms-form wpforms-ajax-form\" data-formid=\"1803\" method=\"post\" enctype=\"multipart\/form-data\" action=\"\/esp\/wp-json\/wp\/v2\/pages\/1809\" data-token=\"3174158bf5edb46d63be36159e8317f2\" data-token-time=\"1776403707\"><noscript class=\"wpforms-error-noscript\">Ative o JavaScript no seu navegador para preencher este formul\u00e1rio.<\/noscript><div class=\"wpforms-field-container\"><div id=\"wpforms-1803-field_5-container\" class=\"wpforms-field wpforms-field-text\" data-field-id=\"5\"><label class=\"wpforms-field-label wpforms-label-hide\" for=\"wpforms-1803-field_5\">Nombre<\/label><input type=\"text\" id=\"wpforms-1803-field_5\" class=\"wpforms-field-medium\" name=\"wpforms[fields][5]\" placeholder=\"Nombre\" ><\/div><div id=\"wpforms-1803-field_3-container\" class=\"wpforms-field wpforms-field-text\" data-field-id=\"3\"><label class=\"wpforms-field-label wpforms-label-hide\" for=\"wpforms-1803-field_3\">Direcci\u00f3n<\/label><input type=\"text\" id=\"wpforms-1803-field_3\" class=\"wpforms-field-medium\" name=\"wpforms[fields][3]\" placeholder=\"Direcci\u00f3n\" ><\/div><div id=\"wpforms-1803-field_4-container\" class=\"wpforms-field wpforms-field-text\" data-field-id=\"4\"><label class=\"wpforms-field-label wpforms-label-hide\" for=\"wpforms-1803-field_4\">Empresa <span class=\"wpforms-required-label\">*<\/span><\/label><input type=\"text\" id=\"wpforms-1803-field_4\" class=\"wpforms-field-medium wpforms-field-required\" name=\"wpforms[fields][4]\" placeholder=\"Empresa\" required><\/div><div id=\"wpforms-1803-field_6-container\" class=\"wpforms-field wpforms-field-text\" data-field-id=\"6\"><label class=\"wpforms-field-label wpforms-label-hide\" for=\"wpforms-1803-field_6\">Tel\u00e9fono <span class=\"wpforms-required-label\">*<\/span><\/label><input type=\"text\" id=\"wpforms-1803-field_6\" class=\"wpforms-field-medium wpforms-field-required\" name=\"wpforms[fields][6]\" placeholder=\"(xx) xxxxx-xxxx\" required><\/div><div id=\"wpforms-1803-field_7-container\" class=\"wpforms-field wpforms-field-text\" data-field-id=\"7\"><label class=\"wpforms-field-label wpforms-label-hide\" for=\"wpforms-1803-field_7\">Correo electr\u00f3nico <span class=\"wpforms-required-label\">*<\/span><\/label><input type=\"text\" id=\"wpforms-1803-field_7\" class=\"wpforms-field-medium wpforms-field-required\" name=\"wpforms[fields][7]\" placeholder=\"Correo electr\u00f3nico\" required><\/div><div id=\"wpforms-1803-field_8-container\" class=\"wpforms-field wpforms-field-textarea\" data-field-id=\"8\"><label class=\"wpforms-field-label wpforms-label-hide\" for=\"wpforms-1803-field_8\">Mensaje <span class=\"wpforms-required-label\">*<\/span><\/label><textarea id=\"wpforms-1803-field_8\" class=\"wpforms-field-medium wpforms-field-required\" name=\"wpforms[fields][8]\" placeholder=\"Mensaje\" required><\/textarea><\/div><div id=\"wpforms-1803-field_9-container\" class=\"wpforms-field wpforms-field-select wpforms-field-select-style-classic\" data-field-id=\"9\"><label class=\"wpforms-field-label\" for=\"wpforms-1803-field_9\">Tipo de industria<\/label><select id=\"wpforms-1803-field_9\" class=\"wpforms-field-medium\" name=\"wpforms[fields][9]\"><option value=\"Azucarera\/alcohol\" >Azucarera\/alcohol<\/option><option value=\"Agroindustria\" >Agroindustria<\/option><option value=\"Industria alimentaria\" >Industria alimentaria<\/option><option value=\"Aluminio\" >Aluminio<\/option><option value=\"Automotriz\" >Automotriz<\/option><option value=\"Blindaje\" >Blindaje<\/option><option value=\"Caucho\" >Caucho<\/option><option value=\"Celulosa\/papel\" >Celulosa\/papel<\/option><option value=\"Comercial\" >Comercial<\/option><option value=\"Electro\/el\u00e9ctrico\" >Electro\/el\u00e9ctrico<\/option><option value=\"Energ\u00eda\" >Energ\u00eda<\/option><option value=\"Farmac\u00e9utica\" >Farmac\u00e9utica<\/option><option value=\"Fundici\u00f3n\" >Fundici\u00f3n<\/option><option value=\"Gr\u00e1fica\" >Gr\u00e1fica<\/option><option value=\"Lavander\u00eda\" >Lavander\u00eda<\/option><option value=\"Mec\u00e1nica\" >Mec\u00e1nica<\/option><option value=\"Metal\u00fargica\" >Metal\u00fargica<\/option><option value=\"Mineradora\" >Mineradora<\/option><option value=\"Pl\u00e1stico\" >Pl\u00e1stico<\/option><option value=\"Qu\u00edmica\" >Qu\u00edmica<\/option><option value=\"Sider\u00fargica\" >Sider\u00fargica<\/option><option value=\"Telef\u00f3nica\" >Telef\u00f3nica<\/option><option value=\"Textil\" >Textil<\/option><option value=\"Vidrio\" >Vidrio<\/option><option value=\"Ingenier\u00eda\" >Ingenier\u00eda<\/option><option value=\"Fabricante de m\u00e1quinas\" >Fabricante de m\u00e1quinas<\/option><option value=\"Otros\" >Otros<\/option><\/select><\/div><div id=\"wpforms-1803-field_10-container\" class=\"wpforms-field wpforms-field-select wpforms-field-select-style-classic\" data-field-id=\"10\"><label class=\"wpforms-field-label\" for=\"wpforms-1803-field_10\"> Aplicaci\u00f3n<\/label><select id=\"wpforms-1803-field_10\" class=\"wpforms-field-medium\" name=\"wpforms[fields][10]\"><option value=\"Aire acondicionado\" >Aire acondicionado<\/option><option value=\"Autoclave\" >Autoclave<\/option><option value=\"Banco de hielo\" >Banco de hielo<\/option><option value=\"Bloque de zinc\" >Bloque de zinc<\/option><option value=\"Caucho\" >Caucho<\/option><option value=\"Calandra\" >Calandra<\/option><option value=\"Cer\u00e1mica\" >Cer\u00e1mica<\/option><option value=\"Climatizaci\u00f3n\" >Climatizaci\u00f3n<\/option><option value=\"Compresor\" >Compresor<\/option><option value=\"Efluentes\" >Efluentes<\/option><option value=\"Extrusi\u00f3n\" >Extrusi\u00f3n<\/option><option value=\"Fermentaci\u00f3n\" >Fermentaci\u00f3n<\/option><option value=\"Formadora de tubos\" >Formadora de tubos<\/option><option value=\"Hornos\" >Hornos<\/option><option value=\"Galvanizaci\u00f3n\" >Galvanizaci\u00f3n<\/option><option value=\"Inducci\u00f3n\" >Inducci\u00f3n<\/option><option value=\"Inyectora\" >Inyectora<\/option><option value=\"Laminadora\" >Laminadora<\/option><option value=\"Lavador de gases\" >Lavador de gases<\/option><option value=\"Lavander\u00eda\" >Lavander\u00eda<\/option><option value=\"M\u00e1quina de soldadura\" >M\u00e1quina de soldadura<\/option><option value=\"M\u00e1quina de helados\" >M\u00e1quina de helados<\/option><option value=\"M\u00e1quina TBN\" >M\u00e1quina TBN<\/option><option value=\"Miner\u00eda\" >Miner\u00eda<\/option><option value=\"Molino\" >Molino<\/option><option value=\"Pasteurizaci\u00f3n\" >Pasteurizaci\u00f3n<\/option><option value=\"Prensa\" >Prensa<\/option><option value=\"Reactor\" >Reactor<\/option><option value=\"Reductor\/molino\" >Reductor\/molino<\/option><option value=\"Refrigeraci\u00f3n\" >Refrigeraci\u00f3n<\/option><option value=\"Enfriamiento de arena\" >Enfriamiento de arena<\/option><option value=\"Enfriamiento de motor\" >Enfriamiento de motor<\/option><option value=\"Rotomoldeo\" >Rotomoldeo<\/option><option value=\"Soldadura por proyecci\u00f3n\" >Soldadura por proyecci\u00f3n<\/option><option value=\"Soldadura a punto\" >Soldadura a punto<\/option><option value=\"Soldadura por costura\" >Soldadura por costura<\/option><option value=\"Sopladora\" >Sopladora<\/option><option value=\"Templado\" >Templado<\/option><option value=\"Transformadores\" >Transformadores<\/option><option value=\"Travesa\u00f1os\" >Travesa\u00f1os<\/option><option value=\"Unidad hidr\u00e1ulica\" >Unidad hidr\u00e1ulica<\/option><option value=\"Mecanizado\" >Mecanizado<\/option><option value=\"Vidrio\" >Vidrio<\/option><option value=\"Hidropon\u00eda\" >Hidropon\u00eda<\/option><option value=\"Enfriamiento de aceite\" >Enfriamiento de aceite<\/option><option value=\"Otros\" >Otros<\/option><\/select><\/div><\/div><!-- .wpforms-field-container --><div class=\"wpforms-submit-container\" ><input type=\"hidden\" name=\"wpforms[id]\" value=\"1803\"><input type=\"hidden\" name=\"page_title\" value=\"\"><input type=\"hidden\" name=\"page_url\" value=\"https:\/\/korper.com.br\/esp\/wp-json\/wp\/v2\/pages\/1809\"><button type=\"submit\" name=\"wpforms[submit]\" id=\"wpforms-submit-1803\" class=\"wpforms-submit\" data-alt-text=\"Enviando\u2026\" data-submit-text=\"Enviar\" aria-live=\"assertive\" value=\"wpforms-submit\">Enviar<\/button><img decoding=\"async\" src=\"https:\/\/korper.com.br\/esp\/wp-content\/plugins\/wpforms-lite\/assets\/images\/submit-spin.svg\" class=\"wpforms-submit-spinner\" style=\"display: none;\" width=\"26\" height=\"26\" alt=\"Carregando\"><\/div><\/form><\/div>  <!-- .wpforms-container -->\t\t\t\t<\/div>\n\t\t\t\t<\/div>\n\t\t\t\t<\/div>\n\t\t<div class=\"elementor-element elementor-element-3eba531 e-con-full e-flex e-con e-child\" data-id=\"3eba531\" data-element_type=\"container\">\n\t\t\t\t<div class=\"elementor-element elementor-element-e3a4fc2 elementor-widget elementor-widget-google_maps\" data-id=\"e3a4fc2\" data-element_type=\"widget\" data-widget_type=\"google_maps.default\">\n\t\t\t\t<div class=\"elementor-widget-container\">\n\t\t\t\t\t\t\t<div class=\"elementor-custom-embed\">\n\t\t\t<iframe loading=\"lazy\"\n\t\t\t\t\tsrc=\"https:\/\/maps.google.com\/maps?q=R.%20Jos%C3%A9%20Capretz%2C%20301%20-%20Condom%C3%ADnio%20Industrial%20Fazgran%2C%20Jundia%C3%AD%20-%20SP%2C%2013213-095&#038;t=m&#038;z=15&#038;output=embed&#038;iwloc=near\"\n\t\t\t\t\ttitle=\"R. Jos\u00e9 Capretz, 301 - Condom\u00ednio Industrial Fazgran, Jundia\u00ed - SP, 13213-095\"\n\t\t\t\t\taria-label=\"R. Jos\u00e9 Capretz, 301 - Condom\u00ednio Industrial Fazgran, Jundia\u00ed - SP, 13213-095\"\n\t\t\t><\/iframe>\n\t\t<\/div>\n\t\t\t\t\t\t<\/div>\n\t\t\t\t<\/div>\n\t\t<div class=\"elementor-element elementor-element-61cbcc0 e-con-full e-flex e-con e-child\" data-id=\"61cbcc0\" data-element_type=\"container\">\n\t\t\t\t<div class=\"elementor-element elementor-element-6f021b9 elementor-widget elementor-widget-text-editor\" data-id=\"6f021b9\" data-element_type=\"widget\" data-widget_type=\"text-editor.default\">\n\t\t\t\t<div class=\"elementor-widget-container\">\n\t\t\t\t\t\t\t\t\t<div class=\"flex-shrink-0 flex flex-col relative items-end\"><div><div class=\"pt-0\"><div class=\"gizmo-bot-avatar flex h-8 w-8 items-center justify-center overflow-hidden rounded-full\"><div class=\"relative p-1 rounded-sm flex items-center justify-center bg-token-main-surface-primary text-token-text-primary h-8 w-8\">\u00a0<\/div><\/div><\/div><\/div><\/div><div class=\"group\/conversation-turn relative flex w-full min-w-0 flex-col agent-turn\"><div class=\"flex-col gap-1 md:gap-3\"><div class=\"flex max-w-full flex-col flex-grow\"><div class=\"min-h-8 text-message flex w-full flex-col items-end gap-2 whitespace-normal break-words text-start [.text-message+&amp;]:mt-5\" dir=\"auto\" data-message-author-role=\"assistant\" data-message-id=\"9c90debd-1aa5-48b1-87e0-8de46f57427a\" data-message-model-slug=\"gpt-4o-mini\"><div class=\"flex w-full flex-col gap-1 empty:hidden first:pt-[3px]\"><div class=\"markdown prose w-full break-words dark:prose-invert light\"><p><strong>Correo electr\u00f3nico:<\/strong> <a rel=\"noopener\">vendas@korper.com.br<\/a><\/p><p><strong>Tel\u00e9fono:<\/strong> +55 (11) 4525-2122<\/p><p><strong>Trabaja con nosotros<\/strong><\/p><p>Env\u00eda tu curr\u00edculum a <a rel=\"noopener\">rh@korper.com.br<\/a><\/p><\/div><\/div><\/div><\/div><\/div><\/div>\t\t\t\t\t\t\t\t<\/div>\n\t\t\t\t<\/div>\n\t\t\t\t<\/div>\n\t\t\t\t<\/div>\n\t\t\t\t\t<\/div>\n\t\t\t\t<\/div>\n\t\t\t\t<\/div>\n\t\t","protected":false},"excerpt":{"rendered":"<p>Contato Ative o JavaScript no seu navegador para preencher este formul\u00e1rio.NombreDirecci\u00f3nEmpresa *Tel\u00e9fono *Correo electr\u00f3nico *Mensaje *Tipo de industriaAzucarera\/alcoholAgroindustriaIndustria alimentariaAluminioAutomotrizBlindajeCauchoCelulosa\/papelComercialElectro\/el\u00e9ctricoEnerg\u00edaFarmac\u00e9uticaFundici\u00f3nGr\u00e1ficaLavander\u00edaMec\u00e1nicaMetal\u00fargicaMineradoraPl\u00e1sticoQu\u00edmicaSider\u00fargicaTelef\u00f3nicaTextilVidrioIngenier\u00edaFabricante de m\u00e1quinasOtros Aplicaci\u00f3nAire acondicionadoAutoclaveBanco de hieloBloque de zincCauchoCalandraCer\u00e1micaClimatizaci\u00f3nCompresorEfluentesExtrusi\u00f3nFermentaci\u00f3nFormadora de tubosHornosGalvanizaci\u00f3nInducci\u00f3nInyectoraLaminadoraLavador de gasesLavander\u00edaM\u00e1quina de soldaduraM\u00e1quina de heladosM\u00e1quina TBNMiner\u00edaMolinoPasteurizaci\u00f3nPrensaReactorReductor\/molinoRefrigeraci\u00f3nEnfriamiento de arenaEnfriamiento de motorRotomoldeoSoldadura por proyecci\u00f3nSoldadura a puntoSoldadura por costuraSopladoraTempladoTransformadoresTravesa\u00f1osUnidad hidr\u00e1ulicaMecanizadoVidrioHidropon\u00edaEnfriamiento de aceiteOtros Enviar \u00a0 Correo electr\u00f3nico: vendas@korper.com.br Tel\u00e9fono: [&hellip;]<\/p>\n","protected":false},"author":1,"featured_media":0,"parent":0,"menu_order":0,"comment_status":"closed","ping_status":"closed","template":"","meta":{"site-sidebar-layout":"no-sidebar","site-content-layout":"page-builder","ast-site-content-layout":"full-width-container","site-content-style":"default","site-sidebar-style":"default","ast-global-header-display":"","ast-banner-title-visibility":"","ast-main-header-display":"","ast-hfb-above-header-display":"","ast-hfb-below-header-display":"","ast-hfb-mobile-header-display":"","site-post-title":"disabled","ast-breadcrumbs-content":"","ast-featured-img":"disabled","footer-sml-layout":"","theme-transparent-header-meta":"","adv-header-id-meta":"","stick-header-meta":"","header-above-stick-meta":"","header-main-stick-meta":"","header-below-stick-meta":"","astra-migrate-meta-layouts":"set","ast-page-background-enabled":"default","ast-page-background-meta":{"desktop":{"background-color":"","background-image":"","background-repeat":"repeat","background-position":"center center","background-size":"auto","background-attachment":"scroll","background-type":"","background-media":"","overlay-type":"","overlay-color":"","overlay-opacity":"","overlay-gradient":""},"tablet":{"background-color":"","background-image":"","background-repeat":"repeat","background-position":"center center","background-size":"auto","background-attachment":"scroll","background-type":"","background-media":"","overlay-type":"","overlay-color":"","overlay-opacity":"","overlay-gradient":""},"mobile":{"background-color":"","background-image":"","background-repeat":"repeat","background-position":"center center","background-size":"auto","background-attachment":"scroll","background-type":"","background-media":"","overlay-type":"","overlay-color":"","overlay-opacity":"","overlay-gradient":""}},"ast-content-background-meta":{"desktop":{"background-color":"var(--ast-global-color-5)","background-image":"","background-repeat":"repeat","background-position":"center center","background-size":"auto","background-attachment":"scroll","background-type":"","background-media":"","overlay-type":"","overlay-color":"","overlay-opacity":"","overlay-gradient":""},"tablet":{"background-color":"var(--ast-global-color-5)","background-image":"","background-repeat":"repeat","background-position":"center center","background-size":"auto","background-attachment":"scroll","background-type":"","background-media":"","overlay-type":"","overlay-color":"","overlay-opacity":"","overlay-gradient":""},"mobile":{"background-color":"var(--ast-global-color-5)","background-image":"","background-repeat":"repeat","background-position":"center center","background-size":"auto","background-attachment":"scroll","background-type":"","background-media":"","overlay-type":"","overlay-color":"","overlay-opacity":"","overlay-gradient":""}},"footnotes":""},"class_list":["post-1809","page","type-page","status-publish","hentry"],"_links":{"self":[{"href":"https:\/\/korper.com.br\/esp\/wp-json\/wp\/v2\/pages\/1809","targetHints":{"allow":["GET"]}}],"collection":[{"href":"https:\/\/korper.com.br\/esp\/wp-json\/wp\/v2\/pages"}],"about":[{"href":"https:\/\/korper.com.br\/esp\/wp-json\/wp\/v2\/types\/page"}],"author":[{"embeddable":true,"href":"https:\/\/korper.com.br\/esp\/wp-json\/wp\/v2\/users\/1"}],"replies":[{"embeddable":true,"href":"https:\/\/korper.com.br\/esp\/wp-json\/wp\/v2\/comments?post=1809"}],"version-history":[{"count":11,"href":"https:\/\/korper.com.br\/esp\/wp-json\/wp\/v2\/pages\/1809\/revisions"}],"predecessor-version":[{"id":2702,"href":"https:\/\/korper.com.br\/esp\/wp-json\/wp\/v2\/pages\/1809\/revisions\/2702"}],"wp:attachment":[{"href":"https:\/\/korper.com.br\/esp\/wp-json\/wp\/v2\/media?parent=1809"}],"curies":[{"name":"wp","href":"https:\/\/api.w.org\/{rel}","templated":true}]}}